{"id":12708,"date":"2024-07-18T14:22:02","date_gmt":"2024-07-18T12:22:02","guid":{"rendered":"https:\/\/emkkft.hu\/privacy-statement-eu\/"},"modified":"2024-07-18T14:22:02","modified_gmt":"2024-07-18T12:22:02","slug":"privacy-statement-eu","status":"publish","type":"page","link":"https:\/\/emkkft.hu\/en\/privacy-statement-eu\/","title":{"rendered":"Privacy Statement (EU)"},"content":{"rendered":"<!-- Legal document generated by Complianz | GDPR\/CCPA Cookie Consent https:\/\/wordpress.org\/plugins\/complianz-gdpr -->\n<div id=\"cmplz-document\" class=\"cmplz-document privacy-statement cmplz-document-eu\"><h2>1. Purpose, data and retention period<\/h2>We may collect or receive personal information for a number of purposes connected with our business operations which may include the following: (click to expand)<details class=\"cmplz-dropdown dropdown-privacy-statement\"><summary><div><h3>1.1 Contact - Through phone, mail, email and\/or webforms<\/h3><\/div><\/summary><p class=\"cmplz-subtitle\">For this purpose we use the following data:<\/p><p><ul><li>A first and last name<\/li><li>An email address<\/li><li>A telephone number<\/li><li>A home or other physical address, including street name and name of a city or town<\/li><li>Geolocation data<\/li><\/ul><\/p><p class=\"cmplz-subtitle\">The basis on which we may process these data is:<\/p><p><a target=\"_blank\" rel=\"noopener noreferrer nofollow\" href=\"https:\/\/cookiedatabase.org\/legal-bases\/#agreement\">It is necessary for the execution of a contract or preliminary procedures related to a contract to which the data subject is a party. <\/a><\/p><p class=\"cmplz-subtitle\">Retention period<\/p><p>We retain this data until the service is terminated.<\/p><\/details><details class=\"cmplz-dropdown dropdown-privacy-statement\"><summary><div><h3>1.2 Compiling and analyzing statistics for website improvement.<\/h3><\/div><\/summary><p class=\"cmplz-subtitle\">For this purpose we use the following data:<\/p><p><ul><li>A first and last name<\/li><li>An email address<\/li><li>A home or other physical address, including street name and name of a city or town<\/li><li>A telephone number<\/li><li>Geolocation data<\/li><\/ul><\/p><p class=\"cmplz-subtitle\">The basis on which we may process these data is:<\/p><p><a target=\"_blank\" rel=\"noopener noreferrer nofollow\" href=\"https:\/\/cookiedatabase.org\/legal-bases\/#agreement\">It is necessary for the execution of a contract or preliminary procedures related to a contract to which the data subject is a party. <\/a><\/p><p class=\"cmplz-subtitle\">Retention period<\/p><p>We retain this data until the service is terminated.<\/p><\/details><\/div>","protected":false},"excerpt":{"rendered":"","protected":false},"author":1,"featured_media":0,"parent":0,"menu_order":0,"comment_status":"closed","ping_status":"closed","template":"","meta":{"footnotes":""},"class_list":["post-12708","page","type-page","status-publish","hentry"],"yoast_head":"<!-- This site is optimized with the Yoast SEO Premium plugin v27.4 (Yoast SEO v27.4) - https:\/\/yoast.com\/product\/yoast-seo-premium-wordpress\/ -->\n<title>Privacy Statement (EU) - \u00c9MK Kft.<\/title>\n<meta name=\"robots\" content=\"index, follow, max-snippet:-1, max-image-preview:large, max-video-preview:-1\" \/>\n<link rel=\"canonical\" href=\"https:\/\/emkkft.hu\/en\/privacy-statement-eu\/\" \/>\n<meta property=\"og:locale\" content=\"en_GB\" \/>\n<meta property=\"og:type\" content=\"article\" \/>\n<meta property=\"og:title\" content=\"Privacy Statement (EU)\" \/>\n<meta property=\"og:url\" content=\"https:\/\/emkkft.hu\/en\/privacy-statement-eu\/\" \/>\n<meta property=\"og:site_name\" content=\"\u00c9MK Kft.\" \/>\n<meta name=\"twitter:card\" content=\"summary_large_image\" \/>\n<script type=\"application\/ld+json\" class=\"yoast-schema-graph\">{\"@context\":\"https:\\\/\\\/schema.org\",\"@graph\":[{\"@type\":\"WebPage\",\"@id\":\"https:\\\/\\\/emkkft.hu\\\/privacy-statement-eu\\\/\",\"url\":\"https:\\\/\\\/emkkft.hu\\\/privacy-statement-eu\\\/\",\"name\":\"Privacy Statement (EU) - \u00c9MK Kft.\",\"isPartOf\":{\"@id\":\"https:\\\/\\\/emkkft.hu\\\/#website\"},\"datePublished\":\"2024-07-18T12:22:02+00:00\",\"breadcrumb\":{\"@id\":\"https:\\\/\\\/emkkft.hu\\\/privacy-statement-eu\\\/#breadcrumb\"},\"inLanguage\":\"en-GB\",\"potentialAction\":[{\"@type\":\"ReadAction\",\"target\":[\"https:\\\/\\\/emkkft.hu\\\/privacy-statement-eu\\\/\"]}]},{\"@type\":\"BreadcrumbList\",\"@id\":\"https:\\\/\\\/emkkft.hu\\\/privacy-statement-eu\\\/#breadcrumb\",\"itemListElement\":[{\"@type\":\"ListItem\",\"position\":1,\"name\":\"Kezd\u0151lap\",\"item\":\"https:\\\/\\\/emkkft.hu\\\/\"},{\"@type\":\"ListItem\",\"position\":2,\"name\":\"Privacy Statement (EU)\"}]},{\"@type\":\"WebSite\",\"@id\":\"https:\\\/\\\/emkkft.hu\\\/#website\",\"url\":\"https:\\\/\\\/emkkft.hu\\\/\",\"name\":\"\u00c9MK Kft. Weboldala\",\"description\":\"Az \u00c9MK \u00c9szak-Magyarorsz\u00e1gi K\u00f6rnyezetv\u00e9delmi Kft \u00fcdv\u00f6zli \u00f6nt a weboldl\u00e1n!\",\"publisher\":{\"@id\":\"https:\\\/\\\/emkkft.hu\\\/#organization\"},\"potentialAction\":[{\"@type\":\"SearchAction\",\"target\":{\"@type\":\"EntryPoint\",\"urlTemplate\":\"https:\\\/\\\/emkkft.hu\\\/?s={search_term_string}\"},\"query-input\":{\"@type\":\"PropertyValueSpecification\",\"valueRequired\":true,\"valueName\":\"search_term_string\"}}],\"inLanguage\":\"en-GB\"},{\"@type\":\"Organization\",\"@id\":\"https:\\\/\\\/emkkft.hu\\\/#organization\",\"name\":\"\u00c9MK \u00c9szak-Magyarorsz\u00e1gi K\u00f6rnyezetv\u00e9delmi Kft.\",\"url\":\"https:\\\/\\\/emkkft.hu\\\/\",\"logo\":{\"@type\":\"ImageObject\",\"inLanguage\":\"en-GB\",\"@id\":\"https:\\\/\\\/emkkft.hu\\\/#\\\/schema\\\/logo\\\/image\\\/\",\"url\":\"https:\\\/\\\/emkkft.hu\\\/wp-content\\\/uploads\\\/2023\\\/01\\\/emk_logo_web.png\",\"contentUrl\":\"https:\\\/\\\/emkkft.hu\\\/wp-content\\\/uploads\\\/2023\\\/01\\\/emk_logo_web.png\",\"width\":317,\"height\":73,\"caption\":\"\u00c9MK \u00c9szak-Magyarorsz\u00e1gi K\u00f6rnyezetv\u00e9delmi Kft.\"},\"image\":{\"@id\":\"https:\\\/\\\/emkkft.hu\\\/#\\\/schema\\\/logo\\\/image\\\/\"},\"ethicsPolicy\":\"https:\\\/\\\/emkkft.hu\\\/sutiszabalyzat\\\/\"}]}<\/script>\n<!-- \/ Yoast SEO Premium plugin. -->","yoast_head_json":{"title":"Privacy Statement (EU) - \u00c9MK Kft.","robots":{"index":"index","follow":"follow","max-snippet":"max-snippet:-1","max-image-preview":"max-image-preview:large","max-video-preview":"max-video-preview:-1"},"canonical":"https:\/\/emkkft.hu\/en\/privacy-statement-eu\/","og_locale":"en_GB","og_type":"article","og_title":"Privacy Statement (EU)","og_url":"https:\/\/emkkft.hu\/en\/privacy-statement-eu\/","og_site_name":"\u00c9MK Kft.","twitter_card":"summary_large_image","schema":{"@context":"https:\/\/schema.org","@graph":[{"@type":"WebPage","@id":"https:\/\/emkkft.hu\/privacy-statement-eu\/","url":"https:\/\/emkkft.hu\/privacy-statement-eu\/","name":"Privacy Statement (EU) - \u00c9MK Kft.","isPartOf":{"@id":"https:\/\/emkkft.hu\/#website"},"datePublished":"2024-07-18T12:22:02+00:00","breadcrumb":{"@id":"https:\/\/emkkft.hu\/privacy-statement-eu\/#breadcrumb"},"inLanguage":"en-GB","potentialAction":[{"@type":"ReadAction","target":["https:\/\/emkkft.hu\/privacy-statement-eu\/"]}]},{"@type":"BreadcrumbList","@id":"https:\/\/emkkft.hu\/privacy-statement-eu\/#breadcrumb","itemListElement":[{"@type":"ListItem","position":1,"name":"Kezd\u0151lap","item":"https:\/\/emkkft.hu\/"},{"@type":"ListItem","position":2,"name":"Privacy Statement (EU)"}]},{"@type":"WebSite","@id":"https:\/\/emkkft.hu\/#website","url":"https:\/\/emkkft.hu\/","name":"\u00c9MK Kft. Weboldala","description":"Az \u00c9MK \u00c9szak-Magyarorsz\u00e1gi K\u00f6rnyezetv\u00e9delmi Kft \u00fcdv\u00f6zli \u00f6nt a weboldl\u00e1n!","publisher":{"@id":"https:\/\/emkkft.hu\/#organization"},"potentialAction":[{"@type":"SearchAction","target":{"@type":"EntryPoint","urlTemplate":"https:\/\/emkkft.hu\/?s={search_term_string}"},"query-input":{"@type":"PropertyValueSpecification","valueRequired":true,"valueName":"search_term_string"}}],"inLanguage":"en-GB"},{"@type":"Organization","@id":"https:\/\/emkkft.hu\/#organization","name":"EMK North-Hungary Environment Protection Ltd.","url":"https:\/\/emkkft.hu\/","logo":{"@type":"ImageObject","inLanguage":"en-GB","@id":"https:\/\/emkkft.hu\/#\/schema\/logo\/image\/","url":"https:\/\/emkkft.hu\/wp-content\/uploads\/2023\/01\/emk_logo_web.png","contentUrl":"https:\/\/emkkft.hu\/wp-content\/uploads\/2023\/01\/emk_logo_web.png","width":317,"height":73,"caption":"\u00c9MK \u00c9szak-Magyarorsz\u00e1gi K\u00f6rnyezetv\u00e9delmi Kft."},"image":{"@id":"https:\/\/emkkft.hu\/#\/schema\/logo\/image\/"},"ethicsPolicy":"https:\/\/emkkft.hu\/sutiszabalyzat\/"}]}},"_links":{"self":[{"href":"https:\/\/emkkft.hu\/en\/wp-json\/wp\/v2\/pages\/12708","targetHints":{"allow":["GET"]}}],"collection":[{"href":"https:\/\/emkkft.hu\/en\/wp-json\/wp\/v2\/pages"}],"about":[{"href":"https:\/\/emkkft.hu\/en\/wp-json\/wp\/v2\/types\/page"}],"author":[{"embeddable":true,"href":"https:\/\/emkkft.hu\/en\/wp-json\/wp\/v2\/users\/1"}],"replies":[{"embeddable":true,"href":"https:\/\/emkkft.hu\/en\/wp-json\/wp\/v2\/comments?post=12708"}],"version-history":[{"count":0,"href":"https:\/\/emkkft.hu\/en\/wp-json\/wp\/v2\/pages\/12708\/revisions"}],"wp:attachment":[{"href":"https:\/\/emkkft.hu\/en\/wp-json\/wp\/v2\/media?parent=12708"}],"curies":[{"name":"wp","href":"https:\/\/api.w.org\/{rel}","templated":true}]}}