{"id":13892,"date":"2024-10-10T10:37:43","date_gmt":"2024-10-10T08:37:43","guid":{"rendered":"https:\/\/emkkft.hu\/?page_id=13892"},"modified":"2025-03-20T15:58:01","modified_gmt":"2025-03-20T14:58:01","slug":"palyazatok-2","status":"publish","type":"page","link":"https:\/\/emkkft.hu\/en\/palyazatok-2\/","title":{"rendered":"\u00c9MK P\u00e1ly\u00e1zatok"},"content":{"rendered":"<div data-elementor-type=\"wp-page\" data-elementor-id=\"13892\" class=\"elementor elementor-13892\" data-elementor-post-type=\"page\">\n\t\t\t\t<div class=\"elementor-element elementor-element-14a5767 animated-slow e-flex e-con-boxed elementor-invisible e-con e-parent\" data-id=\"14a5767\" data-element_type=\"container\" data-e-type=\"container\" data-settings=\"{&quot;background_background&quot;:&quot;classic&quot;,&quot;animation&quot;:&quot;fadeIn&quot;}\">\n\t\t\t\t\t<div class=\"e-con-inner\">\n\t\t<div class=\"elementor-element elementor-element-542f021 e-con-full e-flex e-con e-child\" data-id=\"542f021\" data-element_type=\"container\" data-e-type=\"container\">\n\t\t\t\t<div class=\"elementor-element elementor-element-0add1c4 animated-slow elementor-invisible elementor-widget elementor-widget-heading\" data-id=\"0add1c4\" data-element_type=\"widget\" data-e-type=\"widget\" data-settings=\"{&quot;_animation&quot;:&quot;fadeInDown&quot;}\" data-widget_type=\"heading.default\">\n\t\t\t\t<div class=\"elementor-widget-container\">\n\t\t\t\t\t<h2 class=\"elementor-heading-title elementor-size-default\">Applications<\/h2>\t\t\t\t<\/div>\n\t\t\t\t<\/div>\n\t\t\t\t<div class=\"elementor-element elementor-element-91b24e0 animated-slow elementor-invisible elementor-widget elementor-widget-heading\" data-id=\"91b24e0\" data-element_type=\"widget\" data-e-type=\"widget\" data-settings=\"{&quot;_animation&quot;:&quot;fadeInUp&quot;}\" data-widget_type=\"heading.default\">\n\t\t\t\t<div class=\"elementor-widget-container\">\n\t\t\t\t\t<span class=\"elementor-heading-title elementor-size-default\">EU-Funded Projects within the Sz\u00e9chenyi 2020 Framework<\/span>\t\t\t\t<\/div>\n\t\t\t\t<\/div>\n\t\t\t\t<\/div>\n\t\t\t\t\t<\/div>\n\t\t\t\t<\/div>\n\t\t<div class=\"elementor-element elementor-element-1648817 e-flex e-con-boxed e-con e-parent\" data-id=\"1648817\" data-element_type=\"container\" data-e-type=\"container\" data-settings=\"{&quot;background_background&quot;:&quot;classic&quot;}\">\n\t\t\t\t\t<div class=\"e-con-inner\">\n\t\t\t\t<div class=\"elementor-element elementor-element-da74372 elementor-posts--align-left elementor-grid-3 elementor-grid-tablet-2 elementor-grid-mobile-1 elementor-posts--thumbnail-top elementor-posts--show-avatar elementor-card-shadow-yes elementor-posts__hover-gradient elementor-widget elementor-widget-posts\" data-id=\"da74372\" data-element_type=\"widget\" data-e-type=\"widget\" data-settings=\"{&quot;pagination_type&quot;:&quot;numbers_and_prev_next&quot;,&quot;cards_columns&quot;:&quot;3&quot;,&quot;cards_columns_tablet&quot;:&quot;2&quot;,&quot;cards_columns_mobile&quot;:&quot;1&quot;,&quot;cards_row_gap&quot;:{&quot;unit&quot;:&quot;px&quot;,&quot;size&quot;:35,&quot;sizes&quot;:[]},&quot;cards_row_gap_laptop&quot;:{&quot;unit&quot;:&quot;px&quot;,&quot;size&quot;:&quot;&quot;,&quot;sizes&quot;:[]},&quot;cards_row_gap_tablet&quot;:{&quot;unit&quot;:&quot;px&quot;,&quot;size&quot;:&quot;&quot;,&quot;sizes&quot;:[]},&quot;cards_row_gap_mobile&quot;:{&quot;unit&quot;:&quot;px&quot;,&quot;size&quot;:&quot;&quot;,&quot;sizes&quot;:[]}}\" data-widget_type=\"posts.cards\">\n\t\t\t\t<div class=\"elementor-widget-container\">\n\t\t\t\t\t\t\t<div class=\"elementor-posts-container elementor-posts elementor-posts--skin-cards elementor-grid\" role=\"list\">\n\t\t\t\t<article class=\"elementor-post elementor-grid-item post-13880 post type-post status-publish format-standard has-post-thumbnail hentry category-palyazat\" role=\"listitem\">\n\t\t\t<div class=\"elementor-post__card\">\n\t\t\t\t<a class=\"elementor-post__thumbnail__link\" href=\"https:\/\/emkkft.hu\/en\/technologia-fejlesztes\/\" tabindex=\"-1\" ><div class=\"elementor-post__thumbnail\"><img fetchpriority=\"high\" decoding=\"async\" width=\"768\" height=\"501\" src=\"https:\/\/emkkft.hu\/wp-content\/uploads\/2023\/06\/egeto-768x501.png\" class=\"attachment-medium_large size-medium_large wp-image-8958\" alt=\"\u00e9geto\" srcset=\"https:\/\/emkkft.hu\/wp-content\/uploads\/2023\/06\/egeto-768x501.png 768w, https:\/\/emkkft.hu\/wp-content\/uploads\/2023\/06\/egeto-300x196.png 300w, https:\/\/emkkft.hu\/wp-content\/uploads\/2023\/06\/egeto-1024x668.png 1024w, https:\/\/emkkft.hu\/wp-content\/uploads\/2023\/06\/egeto-1536x1002.png 1536w, https:\/\/emkkft.hu\/wp-content\/uploads\/2023\/06\/egeto.png 1926w\" sizes=\"(max-width: 768px) 100vw, 768px\" \/><\/div><\/a>\n\t\t\t\t<div class=\"elementor-post__badge\">P\u00e1ly\u00e1zat<\/div>\n\t\t\t\t<div class=\"elementor-post__avatar\">\n\t\t\t\t\t<\/div>\n\t\t\t\t<div class=\"elementor-post__text\">\n\t\t\t\t<h4 class=\"elementor-post__title translation-block\">Improving Our Service Efficiency <span style=\"color: #0094C1\">Through Comprehensive<\/span> Technological Development<\/h4>\n\t\t\t\t<div class=\"elementor-post__excerpt\">\n\t\t\t<p>Implementation of a development project aimed at the comprehensive improvement of hazardous waste treatment and disposal service efficiency.\nProject ID: GINOP-1.2.16-22-2023-01802\nBeneficiary: EMK Northern Hungary Environmental Protection Ltd.\nProject title: Enhancing service efficiency at EMK Ltd.<\/p>\n\t\t<\/div>\n\t\t\t\t\t<div class=\"elementor-post__read-more-wrapper\">\n\t\t\n\t\t<a class=\"elementor-post__read-more\" href=\"https:\/\/emkkft.hu\/en\/technologia-fejlesztes\/\" aria-label=\"Read more about A szolg\u00e1ltat\u00e1si hat\u00e9konys\u00e1gunk n\u00f6vel\u00e9se, komplex technol\u00f3giai fejleszt\u00e9ssel\" tabindex=\"-1\" >\n\t\t\tRead Moore &gt;&gt;\t\t<\/a>\n\n\t\t\t\t\t<\/div>\n\t\t\t\t<\/div>\n\t\t\t\t<div class=\"elementor-post__meta-data\">\n\t\t\t\t\t<span class=\"elementor-post-date\">\n\t\t\t2024.10.10.\t\t<\/span>\n\t\t\t\t<\/div>\n\t\t\t\t\t<\/div>\n\t\t<\/article>\n\t\t\t\t<article class=\"elementor-post elementor-grid-item post-13577 post type-post status-publish format-standard has-post-thumbnail hentry category-palyazat tag-emk tag-palyazat\" role=\"listitem\">\n\t\t\t<div class=\"elementor-post__card\">\n\t\t\t\t<a class=\"elementor-post__thumbnail__link\" href=\"https:\/\/emkkft.hu\/en\/technologiai-innovacio\/\" tabindex=\"-1\" ><div class=\"elementor-post__thumbnail\"><img decoding=\"async\" width=\"768\" height=\"404\" src=\"https:\/\/emkkft.hu\/wp-content\/uploads\/2024\/10\/Hamelmann-768x404.png\" class=\"attachment-medium_large size-medium_large wp-image-13593\" alt=\"To address the issue outlined above, we are modernizing our current system through the acquisition of a HAMMELMAN HDP 142 high-pressure unit driven by an electric motor, along with the necessary auxiliary equipment, within the framework of this project.\" srcset=\"https:\/\/emkkft.hu\/wp-content\/uploads\/2024\/10\/Hamelmann-768x404.png 768w, https:\/\/emkkft.hu\/wp-content\/uploads\/2024\/10\/Hamelmann-300x158.png 300w, https:\/\/emkkft.hu\/wp-content\/uploads\/2024\/10\/Hamelmann-1024x539.png 1024w, https:\/\/emkkft.hu\/wp-content\/uploads\/2024\/10\/Hamelmann.png 1200w\" sizes=\"(max-width: 768px) 100vw, 768px\" \/><\/div><\/a>\n\t\t\t\t<div class=\"elementor-post__badge\">P\u00e1ly\u00e1zat<\/div>\n\t\t\t\t<div class=\"elementor-post__avatar\">\n\t\t\t\t\t<\/div>\n\t\t\t\t<div class=\"elementor-post__text\">\n\t\t\t\t<h4 class=\"elementor-post__title translation-block\">Enhancing Our Competitiveness <span style=\"color: #0094C1\">Through  Adaptive<\/span> Technological Innovation<\/h4>\n\t\t\t\t<div class=\"elementor-post__excerpt\">\n\t\t\t<p>To address the issue outlined above, we are modernizing our current system through the acquisition of a HAMMELMAN HDP 142 high-pressure unit driven by an electric motor, along with the necessary auxiliary equipment, within the framework of this project.  <\/p>\n\t\t<\/div>\n\t\t\t\t\t<div class=\"elementor-post__read-more-wrapper\">\n\t\t\n\t\t<a class=\"elementor-post__read-more\" href=\"https:\/\/emkkft.hu\/en\/technologiai-innovacio\/\" aria-label=\"Read more about Versenyk\u00e9pess\u00e9g\u00fcnk n\u00f6vel\u00e9se adapt\u00edv technol\u00f3giai innov\u00e1ci\u00f3 r\u00e9v\u00e9n\" tabindex=\"-1\" >\n\t\t\tRead Moore &gt;&gt;\t\t<\/a>\n\n\t\t\t\t\t<\/div>\n\t\t\t\t<\/div>\n\t\t\t\t<div class=\"elementor-post__meta-data\">\n\t\t\t\t\t<span class=\"elementor-post-date\">\n\t\t\t2024.10.08.\t\t<\/span>\n\t\t\t\t<\/div>\n\t\t\t\t\t<\/div>\n\t\t<\/article>\n\t\t\t\t<article class=\"elementor-post elementor-grid-item post-1 post type-post status-publish format-standard has-post-thumbnail hentry category-palyazat tag-emk tag-palyazat\" role=\"listitem\">\n\t\t\t<div class=\"elementor-post__card\">\n\t\t\t\t<a class=\"elementor-post__thumbnail__link\" href=\"https:\/\/emkkft.hu\/en\/palyazati-anyagok\/\" tabindex=\"-1\" ><div class=\"elementor-post__thumbnail\"><img decoding=\"async\" width=\"768\" height=\"404\" src=\"https:\/\/emkkft.hu\/wp-content\/uploads\/2022\/11\/Egeto-Blog-768x404.png\" class=\"attachment-medium_large size-medium_large wp-image-13609\" alt=\"\" srcset=\"https:\/\/emkkft.hu\/wp-content\/uploads\/2022\/11\/Egeto-Blog-768x404.png 768w, https:\/\/emkkft.hu\/wp-content\/uploads\/2022\/11\/Egeto-Blog-300x158.png 300w, https:\/\/emkkft.hu\/wp-content\/uploads\/2022\/11\/Egeto-Blog-1024x539.png 1024w, https:\/\/emkkft.hu\/wp-content\/uploads\/2022\/11\/Egeto-Blog.png 1200w\" sizes=\"(max-width: 768px) 100vw, 768px\" \/><\/div><\/a>\n\t\t\t\t<div class=\"elementor-post__badge\">P\u00e1ly\u00e1zat<\/div>\n\t\t\t\t<div class=\"elementor-post__avatar\">\n\t\t\t\t\t<\/div>\n\t\t\t\t<div class=\"elementor-post__text\">\n\t\t\t\t<h4 class=\"elementor-post__title translation-block\">Waste Reduction throughMetal Recovery<\/h4>\n\t\t\t\t<div class=\"elementor-post__excerpt\">\n\t\t\t<p>Saj\u00f3b\u00e1bony, Hungary, March 3, 2016 \u2013 In Hungary, at the Saj\u00f3b\u00e1bony Chemical Industrial Park, EMK Ltd. is implementing an investment project supported by the Norwegian Fund, through which ferrous metals are recovered from the slag remaining after the incineration of hazardous waste, thereby reducing the volume of resulting waste.<\/p>\n\t\t<\/div>\n\t\t\t\t\t<div class=\"elementor-post__read-more-wrapper\">\n\t\t\n\t\t<a class=\"elementor-post__read-more\" href=\"https:\/\/emkkft.hu\/en\/palyazati-anyagok\/\" aria-label=\"Read more about Hullad\u00e9kcs\u00f6kkent\u00e9s f\u00e9mvisszanyer\u00e9ssel\" tabindex=\"-1\" >\n\t\t\tRead Moore &gt;&gt;\t\t<\/a>\n\n\t\t\t\t\t<\/div>\n\t\t\t\t<\/div>\n\t\t\t\t<div class=\"elementor-post__meta-data\">\n\t\t\t\t\t<span class=\"elementor-post-date\">\n\t\t\t2022.11.16.\t\t<\/span>\n\t\t\t\t<\/div>\n\t\t\t\t\t<\/div>\n\t\t<\/article>\n\t\t\t\t<\/div>\n\t\t\n\t\t\t\t\t\t<\/div>\n\t\t\t\t<\/div>\n\t\t<div class=\"elementor-element elementor-element-dd91206 e-con-full e-flex e-con e-child\" data-id=\"dd91206\" data-element_type=\"container\" data-e-type=\"container\">\n\t\t\t\t<div class=\"elementor-element elementor-element-6bfeec4 elementor-align-center elementor-widget elementor-widget-button\" data-id=\"6bfeec4\" data-element_type=\"widget\" data-e-type=\"widget\" data-widget_type=\"button.default\">\n\t\t\t\t<div class=\"elementor-widget-container\">\n\t\t\t\t\t\t\t\t\t<div class=\"elementor-button-wrapper\">\n\t\t\t\t\t<a class=\"elementor-button elementor-button-link elementor-size-sm elementor-animation-shrink\" href=\"https:\/\/emkkft.hu\/en\/\">\n\t\t\t\t\t\t<span class=\"elementor-button-content-wrapper\">\n\t\t\t\t\t\t\t\t\t<span class=\"elementor-button-text\">Return to Homepage<\/span>\n\t\t\t\t\t<\/span>\n\t\t\t\t\t<\/a>\n\t\t\t\t<\/div>\n\t\t\t\t\t\t\t\t<\/div>\n\t\t\t\t<\/div>\n\t\t\t\t<\/div>\n\t\t\t\t\t<\/div>\n\t\t\t\t<\/div>\n\t\t\t\t<\/div>","protected":false},"excerpt":{"rendered":"<p>P\u00e1ly\u00e1zatok Sz\u00e9chenyi 2020 programban megval\u00f3sul\u00f3 p\u00e1ly\u00e1zataink Vissza a f\u0151oldalra<\/p>","protected":false},"author":1,"featured_media":0,"parent":0,"menu_order":0,"comment_status":"closed","ping_status":"closed","template":"","meta":{"footnotes":""},"class_list":["post-13892","page","type-page","status-publish","hentry"],"yoast_head":"<!-- This site is optimized with the Yoast SEO Premium plugin v27.4 (Yoast SEO v27.4) - https:\/\/yoast.com\/product\/yoast-seo-premium-wordpress\/ -->\n<title>\u00c9MK P\u00e1ly\u00e1zatok - \u00c9MK Kft.<\/title>\n<meta name=\"description\" content=\"P\u00e1ly\u00e1zatok \u00e9s Innovat\u00edv fejleszt\u00e9sek r\u00e9v\u00e9n n\u00f6velj\u00fck a piaci poz\u00edci\u00f3inkat, mik\u00f6zben fejl\u0151d\u00e9st \u00e9s stabilit\u00e1st is biztos\u00edtunk magunknak.\" \/>\n<meta name=\"robots\" content=\"index, follow, max-snippet:-1, max-image-preview:large, max-video-preview:-1\" \/>\n<link rel=\"canonical\" href=\"https:\/\/emkkft.hu\/en\/palyazatok-2\/\" \/>\n<meta property=\"og:locale\" content=\"en_GB\" \/>\n<meta property=\"og:type\" content=\"article\" \/>\n<meta property=\"og:title\" content=\"\u00c9MK P\u00e1ly\u00e1zatok\" \/>\n<meta property=\"og:description\" content=\"P\u00e1ly\u00e1zatok \u00e9s Innovat\u00edv fejleszt\u00e9sek r\u00e9v\u00e9n n\u00f6velj\u00fck a piaci poz\u00edci\u00f3inkat, mik\u00f6zben fejl\u0151d\u00e9st \u00e9s stabilit\u00e1st is biztos\u00edtunk magunknak.\" \/>\n<meta property=\"og:url\" content=\"https:\/\/emkkft.hu\/en\/palyazatok-2\/\" \/>\n<meta property=\"og:site_name\" content=\"\u00c9MK Kft.\" \/>\n<meta property=\"article:modified_time\" content=\"2025-03-20T14:58:01+00:00\" \/>\n<meta name=\"twitter:card\" content=\"summary_large_image\" \/>\n<meta name=\"twitter:label1\" content=\"Estimated reading time\" \/>\n\t<meta name=\"twitter:data1\" content=\"2 minutes\" \/>\n<script type=\"application\/ld+json\" class=\"yoast-schema-graph\">{\"@context\":\"https:\\\/\\\/schema.org\",\"@graph\":[{\"@type\":\"WebPage\",\"@id\":\"https:\\\/\\\/emkkft.hu\\\/palyazatok-2\\\/\",\"url\":\"https:\\\/\\\/emkkft.hu\\\/palyazatok-2\\\/\",\"name\":\"\u00c9MK P\u00e1ly\u00e1zatok - \u00c9MK Kft.\",\"isPartOf\":{\"@id\":\"https:\\\/\\\/emkkft.hu\\\/#website\"},\"datePublished\":\"2024-10-10T08:37:43+00:00\",\"dateModified\":\"2025-03-20T14:58:01+00:00\",\"description\":\"P\u00e1ly\u00e1zatok \u00e9s Innovat\u00edv fejleszt\u00e9sek r\u00e9v\u00e9n n\u00f6velj\u00fck a piaci poz\u00edci\u00f3inkat, mik\u00f6zben fejl\u0151d\u00e9st \u00e9s stabilit\u00e1st is biztos\u00edtunk magunknak.\",\"breadcrumb\":{\"@id\":\"https:\\\/\\\/emkkft.hu\\\/palyazatok-2\\\/#breadcrumb\"},\"inLanguage\":\"en-GB\",\"potentialAction\":[{\"@type\":\"ReadAction\",\"target\":[\"https:\\\/\\\/emkkft.hu\\\/palyazatok-2\\\/\"]}]},{\"@type\":\"BreadcrumbList\",\"@id\":\"https:\\\/\\\/emkkft.hu\\\/palyazatok-2\\\/#breadcrumb\",\"itemListElement\":[{\"@type\":\"ListItem\",\"position\":1,\"name\":\"Kezd\u0151lap\",\"item\":\"https:\\\/\\\/emkkft.hu\\\/\"},{\"@type\":\"ListItem\",\"position\":2,\"name\":\"\u00c9MK P\u00e1ly\u00e1zatok\"}]},{\"@type\":\"WebSite\",\"@id\":\"https:\\\/\\\/emkkft.hu\\\/#website\",\"url\":\"https:\\\/\\\/emkkft.hu\\\/\",\"name\":\"\u00c9MK Kft. Weboldala\",\"description\":\"Az \u00c9MK \u00c9szak-Magyarorsz\u00e1gi K\u00f6rnyezetv\u00e9delmi Kft \u00fcdv\u00f6zli \u00f6nt a weboldl\u00e1n!\",\"publisher\":{\"@id\":\"https:\\\/\\\/emkkft.hu\\\/#organization\"},\"potentialAction\":[{\"@type\":\"SearchAction\",\"target\":{\"@type\":\"EntryPoint\",\"urlTemplate\":\"https:\\\/\\\/emkkft.hu\\\/?s={search_term_string}\"},\"query-input\":{\"@type\":\"PropertyValueSpecification\",\"valueRequired\":true,\"valueName\":\"search_term_string\"}}],\"inLanguage\":\"en-GB\"},{\"@type\":\"Organization\",\"@id\":\"https:\\\/\\\/emkkft.hu\\\/#organization\",\"name\":\"\u00c9MK \u00c9szak-Magyarorsz\u00e1gi K\u00f6rnyezetv\u00e9delmi Kft.\",\"url\":\"https:\\\/\\\/emkkft.hu\\\/\",\"logo\":{\"@type\":\"ImageObject\",\"inLanguage\":\"en-GB\",\"@id\":\"https:\\\/\\\/emkkft.hu\\\/#\\\/schema\\\/logo\\\/image\\\/\",\"url\":\"https:\\\/\\\/emkkft.hu\\\/wp-content\\\/uploads\\\/2023\\\/01\\\/emk_logo_web.png\",\"contentUrl\":\"https:\\\/\\\/emkkft.hu\\\/wp-content\\\/uploads\\\/2023\\\/01\\\/emk_logo_web.png\",\"width\":317,\"height\":73,\"caption\":\"\u00c9MK \u00c9szak-Magyarorsz\u00e1gi K\u00f6rnyezetv\u00e9delmi Kft.\"},\"image\":{\"@id\":\"https:\\\/\\\/emkkft.hu\\\/#\\\/schema\\\/logo\\\/image\\\/\"},\"ethicsPolicy\":\"https:\\\/\\\/emkkft.hu\\\/sutiszabalyzat\\\/\"}]}<\/script>\n<!-- \/ Yoast SEO Premium plugin. -->","yoast_head_json":{"title":"\u00c9MK P\u00e1ly\u00e1zatok - \u00c9MK Kft.","description":"P\u00e1ly\u00e1zatok \u00e9s Innovat\u00edv fejleszt\u00e9sek r\u00e9v\u00e9n n\u00f6velj\u00fck a piaci poz\u00edci\u00f3inkat, mik\u00f6zben fejl\u0151d\u00e9st \u00e9s stabilit\u00e1st is biztos\u00edtunk magunknak.","robots":{"index":"index","follow":"follow","max-snippet":"max-snippet:-1","max-image-preview":"max-image-preview:large","max-video-preview":"max-video-preview:-1"},"canonical":"https:\/\/emkkft.hu\/en\/palyazatok-2\/","og_locale":"en_GB","og_type":"article","og_title":"\u00c9MK P\u00e1ly\u00e1zatok","og_description":"P\u00e1ly\u00e1zatok \u00e9s Innovat\u00edv fejleszt\u00e9sek r\u00e9v\u00e9n n\u00f6velj\u00fck a piaci poz\u00edci\u00f3inkat, mik\u00f6zben fejl\u0151d\u00e9st \u00e9s stabilit\u00e1st is biztos\u00edtunk magunknak.","og_url":"https:\/\/emkkft.hu\/en\/palyazatok-2\/","og_site_name":"\u00c9MK Kft.","article_modified_time":"2025-03-20T14:58:01+00:00","twitter_card":"summary_large_image","twitter_misc":{"Estimated reading time":"2 minutes"},"schema":{"@context":"https:\/\/schema.org","@graph":[{"@type":"WebPage","@id":"https:\/\/emkkft.hu\/palyazatok-2\/","url":"https:\/\/emkkft.hu\/palyazatok-2\/","name":"\u00c9MK P\u00e1ly\u00e1zatok - \u00c9MK Kft.","isPartOf":{"@id":"https:\/\/emkkft.hu\/#website"},"datePublished":"2024-10-10T08:37:43+00:00","dateModified":"2025-03-20T14:58:01+00:00","description":"P\u00e1ly\u00e1zatok \u00e9s Innovat\u00edv fejleszt\u00e9sek r\u00e9v\u00e9n n\u00f6velj\u00fck a piaci poz\u00edci\u00f3inkat, mik\u00f6zben fejl\u0151d\u00e9st \u00e9s stabilit\u00e1st is biztos\u00edtunk magunknak.","breadcrumb":{"@id":"https:\/\/emkkft.hu\/palyazatok-2\/#breadcrumb"},"inLanguage":"en-GB","potentialAction":[{"@type":"ReadAction","target":["https:\/\/emkkft.hu\/palyazatok-2\/"]}]},{"@type":"BreadcrumbList","@id":"https:\/\/emkkft.hu\/palyazatok-2\/#breadcrumb","itemListElement":[{"@type":"ListItem","position":1,"name":"Kezd\u0151lap","item":"https:\/\/emkkft.hu\/"},{"@type":"ListItem","position":2,"name":"\u00c9MK P\u00e1ly\u00e1zatok"}]},{"@type":"WebSite","@id":"https:\/\/emkkft.hu\/#website","url":"https:\/\/emkkft.hu\/","name":"\u00c9MK Kft. Weboldala","description":"Az \u00c9MK \u00c9szak-Magyarorsz\u00e1gi K\u00f6rnyezetv\u00e9delmi Kft \u00fcdv\u00f6zli \u00f6nt a weboldl\u00e1n!","publisher":{"@id":"https:\/\/emkkft.hu\/#organization"},"potentialAction":[{"@type":"SearchAction","target":{"@type":"EntryPoint","urlTemplate":"https:\/\/emkkft.hu\/?s={search_term_string}"},"query-input":{"@type":"PropertyValueSpecification","valueRequired":true,"valueName":"search_term_string"}}],"inLanguage":"en-GB"},{"@type":"Organization","@id":"https:\/\/emkkft.hu\/#organization","name":"EMK North-Hungary Environment Protection Ltd.","url":"https:\/\/emkkft.hu\/","logo":{"@type":"ImageObject","inLanguage":"en-GB","@id":"https:\/\/emkkft.hu\/#\/schema\/logo\/image\/","url":"https:\/\/emkkft.hu\/wp-content\/uploads\/2023\/01\/emk_logo_web.png","contentUrl":"https:\/\/emkkft.hu\/wp-content\/uploads\/2023\/01\/emk_logo_web.png","width":317,"height":73,"caption":"\u00c9MK \u00c9szak-Magyarorsz\u00e1gi K\u00f6rnyezetv\u00e9delmi Kft."},"image":{"@id":"https:\/\/emkkft.hu\/#\/schema\/logo\/image\/"},"ethicsPolicy":"https:\/\/emkkft.hu\/sutiszabalyzat\/"}]}},"_links":{"self":[{"href":"https:\/\/emkkft.hu\/en\/wp-json\/wp\/v2\/pages\/13892","targetHints":{"allow":["GET"]}}],"collection":[{"href":"https:\/\/emkkft.hu\/en\/wp-json\/wp\/v2\/pages"}],"about":[{"href":"https:\/\/emkkft.hu\/en\/wp-json\/wp\/v2\/types\/page"}],"author":[{"embeddable":true,"href":"https:\/\/emkkft.hu\/en\/wp-json\/wp\/v2\/users\/1"}],"replies":[{"embeddable":true,"href":"https:\/\/emkkft.hu\/en\/wp-json\/wp\/v2\/comments?post=13892"}],"version-history":[{"count":110,"href":"https:\/\/emkkft.hu\/en\/wp-json\/wp\/v2\/pages\/13892\/revisions"}],"predecessor-version":[{"id":18992,"href":"https:\/\/emkkft.hu\/en\/wp-json\/wp\/v2\/pages\/13892\/revisions\/18992"}],"wp:attachment":[{"href":"https:\/\/emkkft.hu\/en\/wp-json\/wp\/v2\/media?parent=13892"}],"curies":[{"name":"wp","href":"https:\/\/api.w.org\/{rel}","templated":true}]}}