{"id":14501,"date":"2024-10-14T11:01:25","date_gmt":"2024-10-14T09:01:25","guid":{"rendered":"https:\/\/emkkft.hu\/?page_id=14501"},"modified":"2024-10-14T12:22:09","modified_gmt":"2024-10-14T10:22:09","slug":"sutiszabalyzat","status":"publish","type":"page","link":"https:\/\/emkkft.hu\/en\/sutiszabalyzat\/","title":{"rendered":"S\u00fctiszab\u00e1lyzat"},"content":{"rendered":"<div data-elementor-type=\"wp-page\" data-elementor-id=\"14501\" class=\"elementor elementor-14501\" data-elementor-post-type=\"page\">\n\t\t\t\t<div class=\"elementor-element elementor-element-a5450f3 e-flex e-con-boxed e-con e-parent\" data-id=\"a5450f3\" data-element_type=\"container\" data-e-type=\"container\" data-settings=\"{&quot;background_background&quot;:&quot;classic&quot;}\">\n\t\t\t\t\t<div class=\"e-con-inner\">\n\t\t<div class=\"elementor-element elementor-element-a541682 e-con-full e-flex e-con e-child\" data-id=\"a541682\" data-element_type=\"container\" data-e-type=\"container\" data-settings=\"{&quot;background_background&quot;:&quot;classic&quot;}\">\n\t\t\t\t<div class=\"elementor-element elementor-element-1c7aefd elementor-widget elementor-widget-heading\" data-id=\"1c7aefd\" data-element_type=\"widget\" data-e-type=\"widget\" data-widget_type=\"heading.default\">\n\t\t\t\t<div class=\"elementor-widget-container\">\n\t\t\t\t\t<h2 class=\"elementor-heading-title elementor-size-default\">S\u00fctiszab\u00e1lyzat<\/h2>\t\t\t\t<\/div>\n\t\t\t\t<\/div>\n\t\t\t\t<div class=\"elementor-element elementor-element-35a7c9c elementor-widget elementor-widget-heading\" data-id=\"35a7c9c\" data-element_type=\"widget\" data-e-type=\"widget\" data-widget_type=\"heading.default\">\n\t\t\t\t<div class=\"elementor-widget-container\">\n\t\t\t\t\t<span class=\"elementor-heading-title elementor-size-default\">Ez a s\u00fctiszab\u00e1lyzat az emkkft.hu weboldalhoz kapcsol\u00f3dik, \u00e9s t\u00e1j\u00e9koztatja a felhaszn\u00e1l\u00f3kat a s\u00fctik (cookie-k) haszn\u00e1lat\u00e1r\u00f3l a weboldalon.<\/span>\t\t\t\t<\/div>\n\t\t\t\t<\/div>\n\t\t\t\t<div class=\"elementor-element elementor-element-bc92fc7 elementor-widget elementor-widget-text-editor\" data-id=\"bc92fc7\" data-element_type=\"widget\" data-e-type=\"widget\" data-widget_type=\"text-editor.default\">\n\t\t\t\t<div class=\"elementor-widget-container\">\n\t\t\t\t\t\t\t\t\t<ol><li><strong> Mik azok a s\u00fctik?<\/strong><\/li><\/ol><p>A s\u00fctik kis m\u00e9ret\u0171 adatf\u00e1jlok, amelyeket az \u00d6n b\u00f6ng\u00e9sz\u0151je a weboldal megl\u00e1togat\u00e1sa sor\u00e1n helyez el az \u00d6n eszk\u00f6z\u00e9n. A s\u00fctik seg\u00edtenek abban, hogy a weboldal megfelel\u0151en m\u0171k\u00f6dj\u00f6n, illetve jav\u00edtj\u00e1k a felhaszn\u00e1l\u00f3i \u00e9lm\u00e9nyt, mivel inform\u00e1ci\u00f3kat gy\u0171jtenek a weboldal haszn\u00e1lat\u00e1r\u00f3l. A s\u00fctik lehetnek munkamenet s\u00fctik, amelyek a b\u00f6ng\u00e9sz\u0151 bez\u00e1r\u00e1sakor t\u00f6rl\u0151dnek, vagy tart\u00f3s s\u00fctik, amelyek hosszabb ideig t\u00e1rol\u00f3dnak az eszk\u00f6z\u00e9n.<\/p><ol start=\"2\"><li><strong> Milyen t\u00edpus\u00fa s\u00fctiket haszn\u00e1lunk?<\/strong><\/li><\/ol><p>Az <strong>emkkft.hu<\/strong> weboldalon az al\u00e1bbi t\u00edpus\u00fa s\u00fctiket haszn\u00e1ljuk:<\/p><p><strong>2.1. Funkcion\u00e1lis (alapvet\u0151) s\u00fctik<\/strong><\/p><p>Ezek a s\u00fctik elengedhetetlenek a weboldal m\u0171k\u00f6d\u00e9s\u00e9hez, \u00e9s lehet\u0151v\u00e9 teszik, hogy \u00d6n a weboldalon navig\u00e1ljon, valamint k\u00fcl\u00f6nb\u00f6z\u0151 funkci\u00f3kat haszn\u00e1ljon. Ezek a s\u00fctik nem gy\u0171jtenek \u00d6nr\u0151l olyan inform\u00e1ci\u00f3kat, amelyeket marketing c\u00e9lokra haszn\u00e1ln\u00e1nk.<\/p><p><strong>2.2. Statisztikai s\u00fctik<\/strong><\/p><p>A statisztikai s\u00fctik inform\u00e1ci\u00f3kat gy\u0171jtenek arr\u00f3l, hogy hogyan haszn\u00e1lj\u00e1k a l\u00e1togat\u00f3k a weboldalt. Ezek az adatok seg\u00edtenek nek\u00fcnk abban, hogy jav\u00edtsuk a weboldal m\u0171k\u00f6d\u00e9s\u00e9t \u00e9s tartalm\u00e1t. A statisztikai s\u00fctik anonim m\u00f3don gy\u0171jtenek adatokat, p\u00e9ld\u00e1ul a l\u00e1togat\u00f3k sz\u00e1m\u00e1r\u00f3l, a l\u00e1togatott oldalak sz\u00e1m\u00e1r\u00f3l, \u00e9s arr\u00f3l, hogy mennyi ideig maradnak a weboldalon.<\/p><p><strong>2.3. Marketing s\u00fctik<\/strong><\/p><p>A marketing s\u00fctik c\u00e9lja, hogy relev\u00e1ns hirdet\u00e9seket jelen\u00edtsenek meg az \u00d6n sz\u00e1m\u00e1ra, valamint m\u00e9rj\u00e9k a hirdet\u00e9sek hat\u00e9konys\u00e1g\u00e1t. Ezek a s\u00fctik az \u00d6n b\u00f6ng\u00e9sz\u00e9si szok\u00e1sai alapj\u00e1n c\u00e9lzott hirdet\u00e9seket jelen\u00edthetnek meg, \u00e9s egy\u00e9b weboldalakkal is megoszthatj\u00e1k ezeket az inform\u00e1ci\u00f3kat.<\/p><p><strong>2.4. Preferencia s\u00fctik<\/strong><\/p><p>A preferencia s\u00fctik seg\u00edts\u00e9g\u00e9vel a weboldal megjegyzi az \u00d6n be\u00e1ll\u00edt\u00e1sait (pl. a nyelvi preferenci\u00e1kat, ter\u00fcleti be\u00e1ll\u00edt\u00e1sokat), hogy jobb felhaszn\u00e1l\u00f3i \u00e9lm\u00e9nyt biztos\u00edtson. Ezek a s\u00fctik arra szolg\u00e1lnak, hogy az \u00d6n kor\u00e1bbi l\u00e1togat\u00e1sai sor\u00e1n megadott inform\u00e1ci\u00f3kat elments\u00e9k, \u00e9s ennek megfelel\u0151en a weboldal szem\u00e9lyre szabottabb szolg\u00e1ltat\u00e1sokat ny\u00fajtson.<\/p><ol start=\"3\"><li><strong> Harmadik f\u00e9l \u00e1ltal elhelyezett s\u00fctik<\/strong><\/li><\/ol><p>Az <strong>emkkft.hu<\/strong> weboldalon haszn\u00e1ljuk a <strong>Google Analytics<\/strong> szolg\u00e1ltat\u00e1st, amely s\u00fctiket helyez el a l\u00e1togat\u00f3k eszk\u00f6zein. A Google Analytics s\u00fctik anonim adatokat gy\u0171jtenek a l\u00e1togat\u00f3k weboldalhaszn\u00e1lati szok\u00e1sair\u00f3l, p\u00e9ld\u00e1ul arr\u00f3l, hogy mely oldalakat n\u00e9zt\u00e9k meg, mennyi id\u0151t t\u00f6lt\u00f6ttek a weboldalon, \u00e9s milyen eszk\u00f6zt haszn\u00e1ltak. Ezek az inform\u00e1ci\u00f3k seg\u00edtenek nek\u00fcnk abban, hogy jav\u00edtsuk a weboldal m\u0171k\u00f6d\u00e9s\u00e9t \u00e9s felhaszn\u00e1l\u00f3i \u00e9lm\u00e9ny\u00e9t.<\/p><p>A Google Analytics adatv\u00e9delmi gyakorlat\u00e1r\u00f3l b\u0151vebb inform\u00e1ci\u00f3kat tal\u00e1l a Google adatv\u00e9delmi t\u00e1j\u00e9koztat\u00f3j\u00e1ban: <a href=\"https:\/\/policies.google.com\/privacy?hl=hu\">Google Adatv\u00e9delmi Ir\u00e1nyelvek<\/a>.<\/p><p>Amennyiben nem szeretn\u00e9, hogy a Google Analytics adatokat gy\u0171jts\u00f6n \u00d6nr\u0151l, telep\u00edtheti a Google \u00e1ltal k\u00edn\u00e1lt b\u00f6ng\u00e9sz\u0151b\u0151v\u00edtm\u00e9nyt, amely megakad\u00e1lyozza, hogy a webhelyek adatokat k\u00fcldjenek a Google Analytics sz\u00e1m\u00e1ra: <a href=\"https:\/\/tools.google.com\/dlpage\/gaoptout\">Google Analytics Opt-out<\/a>.<\/p><ol start=\"4\"><li><strong> Mennyi ideig t\u00e1roljuk a s\u00fctiket?<\/strong><\/li><\/ol><p>A s\u00fctik t\u00e1rol\u00e1si id\u0151tartama v\u00e1ltoz\u00f3:<\/p><ul><li><strong>Munkamenet s\u00fctik<\/strong>: Ezek a s\u00fctik csak a l\u00e1togat\u00e1s id\u0151tartama alatt akt\u00edvak, \u00e9s a b\u00f6ng\u00e9sz\u0151 bez\u00e1r\u00e1s\u00e1val automatikusan t\u00f6rl\u0151dnek.<\/li><li><strong>Tart\u00f3s s\u00fctik<\/strong>: Ezek a s\u00fctik a felhaszn\u00e1l\u00f3i eszk\u00f6z\u00f6n hosszabb id\u0151tartamra ker\u00fclnek t\u00e1rol\u00e1sra, p\u00e9ld\u00e1ul egy h\u00e9tig, h\u00f3napokig vagy ak\u00e1r \u00e9vekig, att\u00f3l f\u00fcgg\u0151en, hogy milyen t\u00edpus\u00fa s\u00fcti \u00e9s mi a c\u00e9lja.<\/li><\/ul><p>A Google Analytics s\u00fctik is tart\u00f3s s\u00fctik, melyek hosszabb id\u0151tartamig maradhatnak az eszk\u00f6z\u00e9n, hogy seg\u00edthess\u00e9k a weboldal haszn\u00e1lat\u00e1nak elemz\u00e9s\u00e9t.<\/p><ol start=\"5\"><li><strong> A s\u00fctik kezel\u00e9se \u00e9s be\u00e1ll\u00edt\u00e1sai<\/strong><\/li><\/ol><p>\u00d6nnek lehet\u0151s\u00e9ge van a s\u00fctik kezel\u00e9s\u00e9re \u00e9s azok elfogad\u00e1s\u00e1ra vagy elutas\u00edt\u00e1s\u00e1ra a weboldalon. Amikor el\u0151sz\u00f6r l\u00e1togat el a weboldalunkra, egy \u00e9rtes\u00edt\u00e9st kap a s\u00fctikr\u0151l, ahol be\u00e1ll\u00edthatja, hogy mely s\u00fctiket fogadja el, illetve melyeket utas\u00edtja el.<\/p><p><strong>5.1. S\u00fctik letilt\u00e1sa a b\u00f6ng\u00e9sz\u0151ben<\/strong><\/p><p>A legt\u00f6bb b\u00f6ng\u00e9sz\u0151 alap\u00e9rtelmez\u00e9s szerint automatikusan elfogadja a s\u00fctiket, de \u00d6n megv\u00e1ltoztathatja b\u00f6ng\u00e9sz\u0151je be\u00e1ll\u00edt\u00e1sait, hogy elutas\u00edtsa a s\u00fctiket, vagy \u00e9rtes\u00edt\u00e9st kapjon minden alkalommal, amikor s\u00fcti ker\u00fcl az eszk\u00f6z\u00e9re. Az al\u00e1bbi linkeken tal\u00e1l r\u00e9szletes \u00fatmutat\u00f3t a legn\u00e9pszer\u0171bb b\u00f6ng\u00e9sz\u0151k be\u00e1ll\u00edt\u00e1sair\u00f3l:<\/p><ul><li><a href=\"https:\/\/www.google.com\/intl\/hu\/chrome\/\">Google Chrome<\/a><\/li><li><a href=\"https:\/\/support.mozilla.org\/hu\/kb\/sutik-engedelyezese-es-tiltasa-amit-weboldak-haszn\">Mozilla Firefox<\/a><\/li><li><a href=\"https:\/\/support.microsoft.com\/hu-hu\/microsoft-edge\/s%C3%BCtik-%C3%A9s-webhelyadatok-t%C3%B6rl%C3%A9se-edge-en-63947406-78e7-434d-90a3-60237bca78c2\">Microsoft Edge<\/a><\/li><li><a href=\"https:\/\/support.apple.com\/hu-hu\/guide\/safari\/sfri11471\/mac\">Safari<\/a><\/li><\/ul><p>K\u00e9rj\u00fck, vegye figyelembe, hogy a s\u00fctik letilt\u00e1sa befoly\u00e1solhatja a weboldal m\u0171k\u00f6d\u00e9s\u00e9t, \u00e9s bizonyos funkci\u00f3k nem lesznek el\u00e9rhet\u0151k.<\/p><ol start=\"6\"><li><strong> Az \u00d6n jogai<\/strong><\/li><\/ol><p>\u00d6n a s\u00fctikkel kapcsolatos adatkezel\u00e9ssel kapcsolatban az al\u00e1bbi jogokkal rendelkezik:<\/p><ul><li><strong>T\u00e1j\u00e9koztat\u00e1s k\u00e9r\u00e9s\u00e9hez val\u00f3 jog<\/strong>: K\u00e9rheti, hogy r\u00e9szletes t\u00e1j\u00e9koztat\u00e1st kapjon az \u00e1ltalunk haszn\u00e1lt s\u00fctikr\u0151l.<\/li><li><strong>Hozz\u00e1f\u00e9r\u00e9si jog<\/strong>: K\u00e9rheti a szem\u00e9lyes adatokhoz val\u00f3 hozz\u00e1f\u00e9r\u00e9st, amelyeket a s\u00fctik \u00e1ltal kezel\u00fcnk.<\/li><li><strong>T\u00f6rl\u00e9shez val\u00f3 jog<\/strong>: K\u00e9rheti a szem\u00e9lyes adatok t\u00f6rl\u00e9s\u00e9t, amelyeket a s\u00fctik kezelnek, felt\u00e9ve, hogy azok nem sz\u00fcks\u00e9gesek a weboldal megfelel\u0151 m\u0171k\u00f6d\u00e9s\u00e9hez.<\/li><li><strong>Adatkezel\u00e9s korl\u00e1toz\u00e1s\u00e1hoz val\u00f3 jog<\/strong>: K\u00e9rheti, hogy a s\u00fctik \u00e1ltal kezelt adatokat csak korl\u00e1tozottan haszn\u00e1ljuk fel.<\/li><\/ul><ol start=\"7\"><li><strong> A s\u00fctiszab\u00e1lyzat m\u00f3dos\u00edt\u00e1sa<\/strong><\/li><\/ol><p>Az \u00c9MK \u00c9szak-Magyarorsz\u00e1gi K\u00f6rnyezetv\u00e9delmi Kft. fenntartja a jogot, hogy a jelen s\u00fctiszab\u00e1lyzatot b\u00e1rmikor m\u00f3dos\u00edtsa. Az aktu\u00e1lis v\u00e1ltozatot mindig el\u00e9rhet\u0151v\u00e9 tessz\u00fck az emkkft.hu weboldalon, \u00e9s a v\u00e1ltoz\u00e1sokr\u00f3l t\u00e1j\u00e9koztatjuk a felhaszn\u00e1l\u00f3kat.<\/p>\t\t\t\t\t\t\t\t<\/div>\n\t\t\t\t<\/div>\n\t\t\t\t<\/div>\n\t\t\t\t\t<\/div>\n\t\t\t\t<\/div>\n\t\t<div class=\"elementor-element elementor-element-7e7c088 e-con-full e-flex e-con e-child\" data-id=\"7e7c088\" data-element_type=\"container\" data-e-type=\"container\" data-settings=\"{&quot;background_background&quot;:&quot;classic&quot;}\">\n\t\t<div class=\"elementor-element elementor-element-d84906b e-con-full e-flex e-con e-child\" data-id=\"d84906b\" data-element_type=\"container\" data-e-type=\"container\" data-settings=\"{&quot;background_background&quot;:&quot;classic&quot;}\">\n\t\t\t\t<div class=\"elementor-element elementor-element-1e863b4 elementor-align-center elementor-widget elementor-widget-button\" data-id=\"1e863b4\" data-element_type=\"widget\" data-e-type=\"widget\" data-widget_type=\"button.default\">\n\t\t\t\t<div class=\"elementor-widget-container\">\n\t\t\t\t\t\t\t\t\t<div class=\"elementor-button-wrapper\">\n\t\t\t\t\t<a class=\"elementor-button elementor-button-link elementor-size-sm\" href=\"https:\/\/emkkft.hu\/en\/\">\n\t\t\t\t\t\t<span class=\"elementor-button-content-wrapper\">\n\t\t\t\t\t\t\t\t\t<span class=\"elementor-button-text\">Return to Homepage<\/span>\n\t\t\t\t\t<\/span>\n\t\t\t\t\t<\/a>\n\t\t\t\t<\/div>\n\t\t\t\t\t\t\t\t<\/div>\n\t\t\t\t<\/div>\n\t\t\t\t<\/div>\n\t\t\t\t<\/div>\n\t\t<div class=\"elementor-element elementor-element-0b3927d e-flex e-con-boxed e-con e-parent\" data-id=\"0b3927d\" data-element_type=\"container\" data-e-type=\"container\">\n\t\t\t\t\t<div class=\"e-con-inner\">\n\t\t<div class=\"elementor-element elementor-element-45387f8 e-con-full e-flex e-con e-child\" data-id=\"45387f8\" data-element_type=\"container\" data-e-type=\"container\">\n\t\t\t\t<div class=\"elementor-element elementor-element-4f11500 elementor-widget elementor-widget-spacer\" data-id=\"4f11500\" data-element_type=\"widget\" data-e-type=\"widget\" data-widget_type=\"spacer.default\">\n\t\t\t\t<div class=\"elementor-widget-container\">\n\t\t\t\t\t\t\t<div class=\"elementor-spacer\">\n\t\t\t<div class=\"elementor-spacer-inner\"><\/div>\n\t\t<\/div>\n\t\t\t\t\t\t<\/div>\n\t\t\t\t<\/div>\n\t\t\t\t<\/div>\n\t\t\t\t\t<\/div>\n\t\t\t\t<\/div>\n\t\t\t\t<\/div>","protected":false},"excerpt":{"rendered":"<p>S\u00fctiszab\u00e1lyzat Ez a s\u00fctiszab\u00e1lyzat az emkkft.hu weboldalhoz kapcsol\u00f3dik, \u00e9s t\u00e1j\u00e9koztatja a felhaszn\u00e1l\u00f3kat a s\u00fctik (cookie-k) haszn\u00e1lat\u00e1r\u00f3l a weboldalon. Mik azok a s\u00fctik? A s\u00fctik kis m\u00e9ret\u0171 adatf\u00e1jlok, amelyeket az \u00d6n b\u00f6ng\u00e9sz\u0151je a weboldal megl\u00e1togat\u00e1sa sor\u00e1n helyez el az \u00d6n eszk\u00f6z\u00e9n. A s\u00fctik seg\u00edtenek abban, hogy a weboldal megfelel\u0151en m\u0171k\u00f6dj\u00f6n, illetve jav\u00edtj\u00e1k a felhaszn\u00e1l\u00f3i \u00e9lm\u00e9nyt, mivel [&hellip;]<\/p>\n","protected":false},"author":1,"featured_media":0,"parent":0,"menu_order":0,"comment_status":"closed","ping_status":"closed","template":"","meta":{"footnotes":""},"class_list":["post-14501","page","type-page","status-publish","hentry"],"yoast_head":"<!-- This site is optimized with the Yoast SEO Premium plugin v27.4 (Yoast SEO v27.4) - https:\/\/yoast.com\/product\/yoast-seo-premium-wordpress\/ -->\n<title>S\u00fctiszab\u00e1lyzat - \u00c9MK Kft.<\/title>\n<meta name=\"robots\" content=\"index, follow, max-snippet:-1, max-image-preview:large, max-video-preview:-1\" \/>\n<link rel=\"canonical\" href=\"https:\/\/emkkft.hu\/en\/sutiszabalyzat\/\" \/>\n<meta property=\"og:locale\" content=\"en_GB\" \/>\n<meta property=\"og:type\" content=\"article\" \/>\n<meta property=\"og:title\" content=\"S\u00fctiszab\u00e1lyzat\" \/>\n<meta property=\"og:description\" content=\"S\u00fctiszab\u00e1lyzat Ez a s\u00fctiszab\u00e1lyzat az emkkft.hu weboldalhoz kapcsol\u00f3dik, \u00e9s t\u00e1j\u00e9koztatja a felhaszn\u00e1l\u00f3kat a s\u00fctik (cookie-k) haszn\u00e1lat\u00e1r\u00f3l a weboldalon. Mik azok a s\u00fctik? A s\u00fctik kis m\u00e9ret\u0171 adatf\u00e1jlok, amelyeket az \u00d6n b\u00f6ng\u00e9sz\u0151je a weboldal megl\u00e1togat\u00e1sa sor\u00e1n helyez el az \u00d6n eszk\u00f6z\u00e9n. A s\u00fctik seg\u00edtenek abban, hogy a weboldal megfelel\u0151en m\u0171k\u00f6dj\u00f6n, illetve jav\u00edtj\u00e1k a felhaszn\u00e1l\u00f3i \u00e9lm\u00e9nyt, mivel [&hellip;]\" \/>\n<meta property=\"og:url\" content=\"https:\/\/emkkft.hu\/en\/sutiszabalyzat\/\" \/>\n<meta property=\"og:site_name\" content=\"\u00c9MK Kft.\" \/>\n<meta property=\"article:modified_time\" content=\"2024-10-14T10:22:09+00:00\" \/>\n<meta name=\"twitter:card\" content=\"summary_large_image\" \/>\n<meta name=\"twitter:label1\" content=\"Estimated reading time\" \/>\n\t<meta name=\"twitter:data1\" content=\"6 minutes\" \/>\n<script type=\"application\/ld+json\" class=\"yoast-schema-graph\">{\"@context\":\"https:\\\/\\\/schema.org\",\"@graph\":[{\"@type\":\"WebPage\",\"@id\":\"https:\\\/\\\/emkkft.hu\\\/sutiszabalyzat\\\/\",\"url\":\"https:\\\/\\\/emkkft.hu\\\/sutiszabalyzat\\\/\",\"name\":\"S\u00fctiszab\u00e1lyzat - \u00c9MK Kft.\",\"isPartOf\":{\"@id\":\"https:\\\/\\\/emkkft.hu\\\/#website\"},\"datePublished\":\"2024-10-14T09:01:25+00:00\",\"dateModified\":\"2024-10-14T10:22:09+00:00\",\"breadcrumb\":{\"@id\":\"https:\\\/\\\/emkkft.hu\\\/sutiszabalyzat\\\/#breadcrumb\"},\"inLanguage\":\"en-GB\",\"potentialAction\":[{\"@type\":\"ReadAction\",\"target\":[\"https:\\\/\\\/emkkft.hu\\\/sutiszabalyzat\\\/\"]}]},{\"@type\":\"BreadcrumbList\",\"@id\":\"https:\\\/\\\/emkkft.hu\\\/sutiszabalyzat\\\/#breadcrumb\",\"itemListElement\":[{\"@type\":\"ListItem\",\"position\":1,\"name\":\"Kezd\u0151lap\",\"item\":\"https:\\\/\\\/emkkft.hu\\\/\"},{\"@type\":\"ListItem\",\"position\":2,\"name\":\"S\u00fctiszab\u00e1lyzat\"}]},{\"@type\":\"WebSite\",\"@id\":\"https:\\\/\\\/emkkft.hu\\\/#website\",\"url\":\"https:\\\/\\\/emkkft.hu\\\/\",\"name\":\"\u00c9MK Kft. Weboldala\",\"description\":\"Az \u00c9MK \u00c9szak-Magyarorsz\u00e1gi K\u00f6rnyezetv\u00e9delmi Kft \u00fcdv\u00f6zli \u00f6nt a weboldl\u00e1n!\",\"publisher\":{\"@id\":\"https:\\\/\\\/emkkft.hu\\\/#organization\"},\"potentialAction\":[{\"@type\":\"SearchAction\",\"target\":{\"@type\":\"EntryPoint\",\"urlTemplate\":\"https:\\\/\\\/emkkft.hu\\\/?s={search_term_string}\"},\"query-input\":{\"@type\":\"PropertyValueSpecification\",\"valueRequired\":true,\"valueName\":\"search_term_string\"}}],\"inLanguage\":\"en-GB\"},{\"@type\":\"Organization\",\"@id\":\"https:\\\/\\\/emkkft.hu\\\/#organization\",\"name\":\"\u00c9MK \u00c9szak-Magyarorsz\u00e1gi K\u00f6rnyezetv\u00e9delmi Kft.\",\"url\":\"https:\\\/\\\/emkkft.hu\\\/\",\"logo\":{\"@type\":\"ImageObject\",\"inLanguage\":\"en-GB\",\"@id\":\"https:\\\/\\\/emkkft.hu\\\/#\\\/schema\\\/logo\\\/image\\\/\",\"url\":\"https:\\\/\\\/emkkft.hu\\\/wp-content\\\/uploads\\\/2023\\\/01\\\/emk_logo_web.png\",\"contentUrl\":\"https:\\\/\\\/emkkft.hu\\\/wp-content\\\/uploads\\\/2023\\\/01\\\/emk_logo_web.png\",\"width\":317,\"height\":73,\"caption\":\"\u00c9MK \u00c9szak-Magyarorsz\u00e1gi K\u00f6rnyezetv\u00e9delmi Kft.\"},\"image\":{\"@id\":\"https:\\\/\\\/emkkft.hu\\\/#\\\/schema\\\/logo\\\/image\\\/\"},\"ethicsPolicy\":\"https:\\\/\\\/emkkft.hu\\\/sutiszabalyzat\\\/\"}]}<\/script>\n<!-- \/ Yoast SEO Premium plugin. -->","yoast_head_json":{"title":"S\u00fctiszab\u00e1lyzat - \u00c9MK Kft.","robots":{"index":"index","follow":"follow","max-snippet":"max-snippet:-1","max-image-preview":"max-image-preview:large","max-video-preview":"max-video-preview:-1"},"canonical":"https:\/\/emkkft.hu\/en\/sutiszabalyzat\/","og_locale":"en_GB","og_type":"article","og_title":"S\u00fctiszab\u00e1lyzat","og_description":"S\u00fctiszab\u00e1lyzat Ez a s\u00fctiszab\u00e1lyzat az emkkft.hu weboldalhoz kapcsol\u00f3dik, \u00e9s t\u00e1j\u00e9koztatja a felhaszn\u00e1l\u00f3kat a s\u00fctik (cookie-k) haszn\u00e1lat\u00e1r\u00f3l a weboldalon. Mik azok a s\u00fctik? A s\u00fctik kis m\u00e9ret\u0171 adatf\u00e1jlok, amelyeket az \u00d6n b\u00f6ng\u00e9sz\u0151je a weboldal megl\u00e1togat\u00e1sa sor\u00e1n helyez el az \u00d6n eszk\u00f6z\u00e9n. A s\u00fctik seg\u00edtenek abban, hogy a weboldal megfelel\u0151en m\u0171k\u00f6dj\u00f6n, illetve jav\u00edtj\u00e1k a felhaszn\u00e1l\u00f3i \u00e9lm\u00e9nyt, mivel [&hellip;]","og_url":"https:\/\/emkkft.hu\/en\/sutiszabalyzat\/","og_site_name":"\u00c9MK Kft.","article_modified_time":"2024-10-14T10:22:09+00:00","twitter_card":"summary_large_image","twitter_misc":{"Estimated reading time":"6 minutes"},"schema":{"@context":"https:\/\/schema.org","@graph":[{"@type":"WebPage","@id":"https:\/\/emkkft.hu\/sutiszabalyzat\/","url":"https:\/\/emkkft.hu\/sutiszabalyzat\/","name":"S\u00fctiszab\u00e1lyzat - \u00c9MK Kft.","isPartOf":{"@id":"https:\/\/emkkft.hu\/#website"},"datePublished":"2024-10-14T09:01:25+00:00","dateModified":"2024-10-14T10:22:09+00:00","breadcrumb":{"@id":"https:\/\/emkkft.hu\/sutiszabalyzat\/#breadcrumb"},"inLanguage":"en-GB","potentialAction":[{"@type":"ReadAction","target":["https:\/\/emkkft.hu\/sutiszabalyzat\/"]}]},{"@type":"BreadcrumbList","@id":"https:\/\/emkkft.hu\/sutiszabalyzat\/#breadcrumb","itemListElement":[{"@type":"ListItem","position":1,"name":"Kezd\u0151lap","item":"https:\/\/emkkft.hu\/"},{"@type":"ListItem","position":2,"name":"S\u00fctiszab\u00e1lyzat"}]},{"@type":"WebSite","@id":"https:\/\/emkkft.hu\/#website","url":"https:\/\/emkkft.hu\/","name":"\u00c9MK Kft. Weboldala","description":"Az \u00c9MK \u00c9szak-Magyarorsz\u00e1gi K\u00f6rnyezetv\u00e9delmi Kft \u00fcdv\u00f6zli \u00f6nt a weboldl\u00e1n!","publisher":{"@id":"https:\/\/emkkft.hu\/#organization"},"potentialAction":[{"@type":"SearchAction","target":{"@type":"EntryPoint","urlTemplate":"https:\/\/emkkft.hu\/?s={search_term_string}"},"query-input":{"@type":"PropertyValueSpecification","valueRequired":true,"valueName":"search_term_string"}}],"inLanguage":"en-GB"},{"@type":"Organization","@id":"https:\/\/emkkft.hu\/#organization","name":"EMK North-Hungary Environment Protection Ltd.","url":"https:\/\/emkkft.hu\/","logo":{"@type":"ImageObject","inLanguage":"en-GB","@id":"https:\/\/emkkft.hu\/#\/schema\/logo\/image\/","url":"https:\/\/emkkft.hu\/wp-content\/uploads\/2023\/01\/emk_logo_web.png","contentUrl":"https:\/\/emkkft.hu\/wp-content\/uploads\/2023\/01\/emk_logo_web.png","width":317,"height":73,"caption":"\u00c9MK \u00c9szak-Magyarorsz\u00e1gi K\u00f6rnyezetv\u00e9delmi Kft."},"image":{"@id":"https:\/\/emkkft.hu\/#\/schema\/logo\/image\/"},"ethicsPolicy":"https:\/\/emkkft.hu\/sutiszabalyzat\/"}]}},"_links":{"self":[{"href":"https:\/\/emkkft.hu\/en\/wp-json\/wp\/v2\/pages\/14501","targetHints":{"allow":["GET"]}}],"collection":[{"href":"https:\/\/emkkft.hu\/en\/wp-json\/wp\/v2\/pages"}],"about":[{"href":"https:\/\/emkkft.hu\/en\/wp-json\/wp\/v2\/types\/page"}],"author":[{"embeddable":true,"href":"https:\/\/emkkft.hu\/en\/wp-json\/wp\/v2\/users\/1"}],"replies":[{"embeddable":true,"href":"https:\/\/emkkft.hu\/en\/wp-json\/wp\/v2\/comments?post=14501"}],"version-history":[{"count":28,"href":"https:\/\/emkkft.hu\/en\/wp-json\/wp\/v2\/pages\/14501\/revisions"}],"predecessor-version":[{"id":14561,"href":"https:\/\/emkkft.hu\/en\/wp-json\/wp\/v2\/pages\/14501\/revisions\/14561"}],"wp:attachment":[{"href":"https:\/\/emkkft.hu\/en\/wp-json\/wp\/v2\/media?parent=14501"}],"curies":[{"name":"wp","href":"https:\/\/api.w.org\/{rel}","templated":true}]}}