{"id":3922,"date":"2023-02-24T08:49:17","date_gmt":"2023-02-24T07:49:17","guid":{"rendered":"https:\/\/emkkft.hu\/?page_id=3922"},"modified":"2025-03-21T10:15:42","modified_gmt":"2025-03-21T09:15:42","slug":"hatekonysag-noveles","status":"publish","type":"page","link":"https:\/\/emkkft.hu\/en\/hatekonysag-noveles\/","title":{"rendered":"Hat\u00e9konys\u00e1gn\u00f6vel\u00e9s"},"content":{"rendered":"<div data-elementor-type=\"wp-page\" data-elementor-id=\"3922\" class=\"elementor elementor-3922\" data-elementor-post-type=\"page\">\n\t\t\t\t<div class=\"elementor-element elementor-element-076a18c e-flex e-con-boxed e-con e-parent\" data-id=\"076a18c\" data-element_type=\"container\" data-e-type=\"container\" data-settings=\"{&quot;background_background&quot;:&quot;classic&quot;}\">\n\t\t\t\t\t<div class=\"e-con-inner\">\n\t\t<div class=\"elementor-element elementor-element-f11ab11 e-con-full e-flex e-con e-child\" data-id=\"f11ab11\" data-element_type=\"container\" data-e-type=\"container\">\n\t\t\t\t<div class=\"elementor-element elementor-element-b24f9a8 elementor-invisible elementor-widget elementor-widget-heading\" data-id=\"b24f9a8\" data-element_type=\"widget\" data-e-type=\"widget\" data-settings=\"{&quot;_animation&quot;:&quot;zoomIn&quot;}\" data-widget_type=\"heading.default\">\n\t\t\t\t<div class=\"elementor-widget-container\">\n\t\t\t\t\t<h2 class=\"elementor-heading-title elementor-size-default translation-block\">Improving Our Service Efficiency <span style=\"color: #0094C1\">Through Comprehensive<\/span> Technological Development<\/h2>\t\t\t\t<\/div>\n\t\t\t\t<\/div>\n\t\t\t\t<div class=\"elementor-element elementor-element-b2a091e elementor-widget__width-initial elementor-invisible elementor-widget elementor-widget-text-editor\" data-id=\"b2a091e\" data-element_type=\"widget\" data-e-type=\"widget\" data-settings=\"{&quot;_animation&quot;:&quot;fadeInUp&quot;,&quot;_animation_delay&quot;:200}\" data-widget_type=\"text-editor.default\">\n\t\t\t\t<div class=\"elementor-widget-container\">\n\t\t\t\t\t\t\t\t\t<p>Vesz\u00e9lyes hullad\u00e9k kezel\u00e9si \u00e9s -\u00e1rtalmatlan\u00edt\u00e1si szolg\u00e1ltat\u00e1sok komplex hat\u00e9konys\u00e1gn\u00f6vel\u00e9s\u00e9t c\u00e9lz\u00f3 fejleszt\u00e9s megval\u00f3s\u00edt\u00e1sa.<\/p>\t\t\t\t\t\t\t\t<\/div>\n\t\t\t\t<\/div>\n\t\t\t\t<div class=\"elementor-element elementor-element-47bc468 elementor-align-center elementor-invisible elementor-widget elementor-widget-button\" data-id=\"47bc468\" data-element_type=\"widget\" data-e-type=\"widget\" data-settings=\"{&quot;_animation&quot;:&quot;zoomIn&quot;,&quot;_animation_delay&quot;:400}\" data-widget_type=\"button.default\">\n\t\t\t\t<div class=\"elementor-widget-container\">\n\t\t\t\t\t\t\t\t\t<div class=\"elementor-button-wrapper\">\n\t\t\t\t\t<a class=\"elementor-button elementor-button-link elementor-size-sm elementor-animation-shrink\" href=\"#hatekonysag\">\n\t\t\t\t\t\t<span class=\"elementor-button-content-wrapper\">\n\t\t\t\t\t\t\t\t\t<span class=\"elementor-button-text\">Learn More<\/span>\n\t\t\t\t\t<\/span>\n\t\t\t\t\t<\/a>\n\t\t\t\t<\/div>\n\t\t\t\t\t\t\t\t<\/div>\n\t\t\t\t<\/div>\n\t\t\t\t<\/div>\n\t\t\t\t\t<\/div>\n\t\t\t\t<\/div>\n\t\t<div class=\"elementor-element elementor-element-b305e04 e-flex e-con-boxed e-con e-parent\" data-id=\"b305e04\" data-element_type=\"container\" data-e-type=\"container\" data-settings=\"{&quot;background_background&quot;:&quot;classic&quot;}\">\n\t\t\t\t\t<div class=\"e-con-inner\">\n\t\t<div class=\"elementor-element elementor-element-5eafd06 e-flex e-con-boxed e-con e-child\" data-id=\"5eafd06\" data-element_type=\"container\" data-e-type=\"container\" id=\"hatekonysag\" data-settings=\"{&quot;background_background&quot;:&quot;classic&quot;}\">\n\t\t\t\t\t<div class=\"e-con-inner\">\n\t\t\t\t<div class=\"elementor-element elementor-element-9ed57ee elementor-widget elementor-widget-image\" data-id=\"9ed57ee\" data-element_type=\"widget\" data-e-type=\"widget\" data-widget_type=\"image.default\">\n\t\t\t\t<div class=\"elementor-widget-container\">\n\t\t\t\t\t\t\t\t\t\t\t\t\t\t\t\t<a href=\"https:\/\/emkkft.hu\/wp-content\/uploads\/2023\/02\/infoblokk_kedv_final_CMYK_ERFA.jpg\" data-elementor-open-lightbox=\"yes\" data-elementor-lightbox-title=\"infoblokk_kedv_final_CMYK_ERFA\" data-e-action-hash=\"#elementor-action%3Aaction%3Dlightbox%26settings%3DeyJpZCI6NDEwMywidXJsIjoiaHR0cHM6XC9cL2Vta2tmdC5odVwvd3AtY29udGVudFwvdXBsb2Fkc1wvMjAyM1wvMDJcL2luZm9ibG9ra19rZWR2X2ZpbmFsX0NNWUtfRVJGQS5qcGcifQ%3D%3D\">\n\t\t\t\t\t\t\t<img fetchpriority=\"high\" decoding=\"async\" width=\"800\" height=\"553\" src=\"https:\/\/emkkft.hu\/wp-content\/uploads\/2023\/02\/infoblokk_kedv_final_CMYK_ERFA-1024x708.jpg\" class=\"attachment-large size-large wp-image-4103\" alt=\"\" srcset=\"https:\/\/emkkft.hu\/wp-content\/uploads\/2023\/02\/infoblokk_kedv_final_CMYK_ERFA-1024x708.jpg 1024w, https:\/\/emkkft.hu\/wp-content\/uploads\/2023\/02\/infoblokk_kedv_final_CMYK_ERFA-300x207.jpg 300w, https:\/\/emkkft.hu\/wp-content\/uploads\/2023\/02\/infoblokk_kedv_final_CMYK_ERFA-768x531.jpg 768w, https:\/\/emkkft.hu\/wp-content\/uploads\/2023\/02\/infoblokk_kedv_final_CMYK_ERFA.jpg 1453w\" sizes=\"(max-width: 800px) 100vw, 800px\" \/>\t\t\t\t\t\t\t\t<\/a>\n\t\t\t\t\t\t\t\t\t\t\t\t\t\t\t<\/div>\n\t\t\t\t<\/div>\n\t\t\t\t\t<\/div>\n\t\t\t\t<\/div>\n\t\t<div class=\"elementor-element elementor-element-cab9001 e-con-full e-flex e-con e-child\" data-id=\"cab9001\" data-element_type=\"container\" data-e-type=\"container\" data-settings=\"{&quot;background_background&quot;:&quot;classic&quot;}\">\n\t\t\t\t<div class=\"elementor-element elementor-element-9790ff8 elementor-widget elementor-widget-text-editor\" data-id=\"9790ff8\" data-element_type=\"widget\" data-e-type=\"widget\" data-widget_type=\"text-editor.default\">\n\t\t\t\t<div class=\"elementor-widget-container\">\n\t\t\t\t\t\t\t\t\t<p><b>Kedvezm\u00e9nyezett<\/b>: \u00c9MK \u00c9szak-Magyarorsz\u00e1gi K\u00f6rnyezetv\u00e9delmi Kft.\u00a0<\/p><p><b>Project Title:<\/b> A szolg\u00e1ltat\u00e1si hat\u00e9konys\u00e1g n\u00f6vel\u00e9se az \u00c9MK Kft.-n\u00e9l komplex technol\u00f3giai fejleszt\u00e9ssel<\/p><p><b style=\"color: var( --e-global-color-568d001 ); font-size: 1rem;\">Grant Amount: <\/b><span style=\"color: var( --e-global-color-568d001 ); font-size: 1rem;\">287.431.317 HUF<\/span><\/p><p><span style=\"color: var( --e-global-color-568d001 ); font-size: 1rem;\"><b>Support intensity:<\/b> 70%<\/span><\/p><p><span style=\"color: var( --e-global-color-568d001 ); font-size: 1rem;\"><b>Actual Completion Date of the Project:<\/b> 2023.08.31.<\/span><\/p><p><span style=\"color: var( --e-global-color-568d001 ); font-size: 1rem;\"><b>Project ID:<\/b> GINOP-1.2.16-22-2023-01802<\/span><\/p>\t\t\t\t\t\t\t\t<\/div>\n\t\t\t\t<\/div>\n\t\t\t\t<\/div>\n\t\t\t\t\t<\/div>\n\t\t\t\t<\/div>\n\t\t<div class=\"elementor-element elementor-element-a574e3f e-flex e-con-boxed e-con e-parent\" data-id=\"a574e3f\" data-element_type=\"container\" data-e-type=\"container\" data-settings=\"{&quot;background_background&quot;:&quot;classic&quot;}\">\n\t\t\t\t\t<div class=\"e-con-inner\">\n\t\t<div class=\"elementor-element elementor-element-c9940bf e-flex e-con-boxed e-con e-child\" data-id=\"c9940bf\" data-element_type=\"container\" data-e-type=\"container\" data-settings=\"{&quot;background_background&quot;:&quot;classic&quot;}\">\n\t\t\t\t\t<div class=\"e-con-inner\">\n\t\t\t\t<div class=\"elementor-element elementor-element-7f37b22 elementor-invisible elementor-widget elementor-widget-heading\" data-id=\"7f37b22\" data-element_type=\"widget\" data-e-type=\"widget\" data-settings=\"{&quot;_animation&quot;:&quot;zoomIn&quot;}\" data-widget_type=\"heading.default\">\n\t\t\t\t<div class=\"elementor-widget-container\">\n\t\t\t\t\t<h2 class=\"elementor-heading-title elementor-size-default translation-block\"><span style=\"color: #0094C1\">Project<\/span> Overview<\/h2>\t\t\t\t<\/div>\n\t\t\t\t<\/div>\n\t\t\t\t<div class=\"elementor-element elementor-element-69add1b elementor-widget-tablet__width-initial elementor-invisible elementor-widget elementor-widget-text-editor\" data-id=\"69add1b\" data-element_type=\"widget\" data-e-type=\"widget\" data-settings=\"{&quot;_animation&quot;:&quot;fadeInUp&quot;,&quot;_animation_delay&quot;:200}\" data-widget_type=\"text-editor.default\">\n\t\t\t\t<div class=\"elementor-widget-container\">\n\t\t\t\t\t\t\t\t\t<p>A vesz\u00e9lyes hullad\u00e9kok feldolgoz\u00e1s\u00e1val \u00e9s ipari szennyv\u00edztiszt\u00edt\u00e1ssal foglalkoz\u00f3 \u00c9MK Kft. els\u0151sorban a feldolgoz\u00f3ipar, a vegyipar, az aut\u00f3ipar \u00e9s az eg\u00e9szs\u00e9g\u00fcgy szerepl\u0151inek ny\u00fajtja szolg\u00e1ltat\u00e1sait a Saj\u00f3b\u00e1bonyi Vegyipari Park ter\u00fclet\u00e9n l\u00e9tes\u00edtett professzion\u00e1lis hullad\u00e9k- \u00e9s szennyv\u00edzkezel\u0151 technol\u00f3gi\u00e1i seg\u00edts\u00e9g\u00e9vel. Tekintettel a v\u00e1ltoz\u00f3 \u00e9s egyre n\u00f6vekv\u0151 piaci keresletre a jelen fejleszt\u00e9s keret\u00e9ben egy innovat\u00edv technol\u00f3gi\u00e1j\u00fa, termikus oxid\u00e1ci\u00f3 elv\u00e9n m\u0171k\u00f6d\u0151 berendez\u00e9st l\u00e9tes\u00edt \u00e9s helyez \u00fczembe, mely \u00e9ves szinten mintegy 2500 tonna \u2013 szil\u00e1rd, foly\u00e9kony, g\u00e1znem\u0171 \u00e9s iszapszer\u0171 \u2013 hullad\u00e9k \u00e1rtalmatlan\u00edt\u00e1s\u00e1ra \u00e9s hasznos\u00edt\u00e1s\u00e1ra alkalmas. A fejleszt\u00e9s eredm\u00e9nyek\u00e9nt a t\u00e1rsas\u00e1g termel\u00e9kenys\u00e9ge jelent\u0151sen n\u0151, az \u00faj technol\u00f3gia pedig lehet\u0151s\u00e9get biztos\u00edt a folyamatosan n\u00f6vekv\u0151 kereslet rugalmas \u00e9s sz\u00ednvonalas, valamint k\u00f6rnyezetbar\u00e1t m\u00f3don t\u00f6rt\u00e9n\u0151 kiel\u00e9g\u00edt\u00e9s\u00e9re.<\/p>\t\t\t\t\t\t\t\t<\/div>\n\t\t\t\t<\/div>\n\t\t\t\t\t<\/div>\n\t\t\t\t<\/div>\n\t\t\t\t\t<\/div>\n\t\t\t\t<\/div>\n\t\t<div class=\"elementor-element elementor-element-16f0be0 e-flex e-con-boxed e-con e-parent\" data-id=\"16f0be0\" data-element_type=\"container\" data-e-type=\"container\" data-settings=\"{&quot;background_background&quot;:&quot;classic&quot;}\">\n\t\t\t\t\t<div class=\"e-con-inner\">\n\t\t<div class=\"elementor-element elementor-element-d9a8274 e-con-full e-flex e-con e-child\" data-id=\"d9a8274\" data-element_type=\"container\" data-e-type=\"container\" data-settings=\"{&quot;background_background&quot;:&quot;classic&quot;}\">\n\t\t\t\t<div class=\"elementor-element elementor-element-fe50ee6 elementor-align-center elementor-invisible elementor-widget elementor-widget-button\" data-id=\"fe50ee6\" data-element_type=\"widget\" data-e-type=\"widget\" data-settings=\"{&quot;_animation&quot;:&quot;zoomIn&quot;,&quot;_animation_delay&quot;:400}\" data-widget_type=\"button.default\">\n\t\t\t\t<div class=\"elementor-widget-container\">\n\t\t\t\t\t\t\t\t\t<div class=\"elementor-button-wrapper\">\n\t\t\t\t\t<a class=\"elementor-button elementor-button-link elementor-size-sm elementor-animation-shrink\" href=\"https:\/\/emkkft.hu\/en\/Palyazatok\/\">\n\t\t\t\t\t\t<span class=\"elementor-button-content-wrapper\">\n\t\t\t\t\t\t\t\t\t<span class=\"elementor-button-text\">Applications<\/span>\n\t\t\t\t\t<\/span>\n\t\t\t\t\t<\/a>\n\t\t\t\t<\/div>\n\t\t\t\t\t\t\t\t<\/div>\n\t\t\t\t<\/div>\n\t\t\t\t<\/div>\n\t\t<div class=\"elementor-element elementor-element-c12edbc e-con-full e-flex e-con e-child\" data-id=\"c12edbc\" data-element_type=\"container\" data-e-type=\"container\" data-settings=\"{&quot;background_background&quot;:&quot;classic&quot;}\">\n\t\t\t\t<div class=\"elementor-element elementor-element-45cfe8f elementor-align-center elementor-invisible elementor-widget elementor-widget-button\" data-id=\"45cfe8f\" data-element_type=\"widget\" data-e-type=\"widget\" data-settings=\"{&quot;_animation&quot;:&quot;zoomIn&quot;,&quot;_animation_delay&quot;:600}\" data-widget_type=\"button.default\">\n\t\t\t\t<div class=\"elementor-widget-container\">\n\t\t\t\t\t\t\t\t\t<div class=\"elementor-button-wrapper\">\n\t\t\t\t\t<a class=\"elementor-button elementor-button-link elementor-size-sm elementor-animation-shrink\" href=\"https:\/\/emkkft.hu\/en\/szechenyi-2020\/\">\n\t\t\t\t\t\t<span class=\"elementor-button-content-wrapper\">\n\t\t\t\t\t\t\t\t\t<span class=\"elementor-button-text\">Sz\u00e9chenyi 2020<\/span>\n\t\t\t\t\t<\/span>\n\t\t\t\t\t<\/a>\n\t\t\t\t<\/div>\n\t\t\t\t\t\t\t\t<\/div>\n\t\t\t\t<\/div>\n\t\t\t\t<\/div>\n\t\t\t\t\t<\/div>\n\t\t\t\t<\/div>\n\t\t<div class=\"elementor-element elementor-element-7db859f e-flex e-con-boxed e-con e-parent\" data-id=\"7db859f\" data-element_type=\"container\" data-e-type=\"container\" data-settings=\"{&quot;background_background&quot;:&quot;classic&quot;}\">\n\t\t\t\t\t<div class=\"e-con-inner\">\n\t\t<div class=\"elementor-element elementor-element-64d984b e-con-full e-flex e-con e-child\" data-id=\"64d984b\" data-element_type=\"container\" data-e-type=\"container\" data-settings=\"{&quot;background_background&quot;:&quot;classic&quot;}\">\n\t\t\t\t<div class=\"elementor-element elementor-element-7d3fd8c elementor-align-center elementor-invisible elementor-widget elementor-widget-button\" data-id=\"7d3fd8c\" data-element_type=\"widget\" data-e-type=\"widget\" data-settings=\"{&quot;_animation&quot;:&quot;zoomIn&quot;}\" data-widget_type=\"button.default\">\n\t\t\t\t<div class=\"elementor-widget-container\">\n\t\t\t\t\t\t\t\t\t<div class=\"elementor-button-wrapper\">\n\t\t\t\t\t<a class=\"elementor-button elementor-button-link elementor-size-sm elementor-animation-shrink\" href=\"http:\/\/moldok.hu\/fooldal\">\n\t\t\t\t\t\t<span class=\"elementor-button-content-wrapper\">\n\t\t\t\t\t\t\t\t\t<span class=\"elementor-button-text\">Return to Homepage<\/span>\n\t\t\t\t\t<\/span>\n\t\t\t\t\t<\/a>\n\t\t\t\t<\/div>\n\t\t\t\t\t\t\t\t<\/div>\n\t\t\t\t<\/div>\n\t\t\t\t<\/div>\n\t\t\t\t\t<\/div>\n\t\t\t\t<\/div>\n\t\t\t\t<\/div>","protected":false},"excerpt":{"rendered":"<p>A szolg\u00e1ltat\u00e1si hat\u00e9konys\u00e1gunk n\u00f6vel\u00e9se, komplex technol\u00f3giai fejleszt\u00e9ssel Vesz\u00e9lyes hullad\u00e9k kezel\u00e9si \u00e9s -\u00e1rtalmatlan\u00edt\u00e1si szolg\u00e1ltat\u00e1sok komplex hat\u00e9konys\u00e1gn\u00f6vel\u00e9s\u00e9t c\u00e9lz\u00f3 fejleszt\u00e9s megval\u00f3s\u00edt\u00e1sa. Tudj meg t\u00f6bbet Kedvezm\u00e9nyezett: \u00c9MK \u00c9szak-Magyarorsz\u00e1gi K\u00f6rnyezetv\u00e9delmi Kft.\u00a0 Projekt c\u00edme: A szolg\u00e1ltat\u00e1si hat\u00e9konys\u00e1g n\u00f6vel\u00e9se az \u00c9MK Kft.-n\u00e9l komplex technol\u00f3giai fejleszt\u00e9ssel T\u00e1mogat\u00e1s \u00f6sszege: 287.431.317 forint T\u00e1mogat\u00e1s intenzit\u00e1sa: 70% A projekt t\u00e9nyleges befejez\u00e9si d\u00e1tuma: 2023.08.31. Projekt azonos\u00edt\u00f3 sz\u00e1ma: GINOP-1.2.16-22-2023-01802 [&hellip;]<\/p>\n","protected":false},"author":1,"featured_media":0,"parent":0,"menu_order":0,"comment_status":"closed","ping_status":"closed","template":"elementor_header_footer","meta":{"footnotes":""},"class_list":["post-3922","page","type-page","status-publish","hentry"],"yoast_head":"<!-- This site is optimized with the Yoast SEO Premium plugin v27.4 (Yoast SEO v27.4) - https:\/\/yoast.com\/product\/yoast-seo-premium-wordpress\/ -->\n<title>Hat\u00e9konys\u00e1gn\u00f6vel\u00e9s - \u00c9MK Kft.<\/title>\n<meta name=\"robots\" content=\"index, follow, max-snippet:-1, max-image-preview:large, max-video-preview:-1\" \/>\n<link rel=\"canonical\" href=\"https:\/\/emkkft.hu\/en\/hatekonysag-noveles\/\" \/>\n<meta property=\"og:locale\" content=\"en_GB\" \/>\n<meta property=\"og:type\" content=\"article\" \/>\n<meta property=\"og:title\" content=\"Hat\u00e9konys\u00e1gn\u00f6vel\u00e9s\" \/>\n<meta property=\"og:description\" content=\"A szolg\u00e1ltat\u00e1si hat\u00e9konys\u00e1gunk n\u00f6vel\u00e9se, komplex technol\u00f3giai fejleszt\u00e9ssel Vesz\u00e9lyes hullad\u00e9k kezel\u00e9si \u00e9s -\u00e1rtalmatlan\u00edt\u00e1si szolg\u00e1ltat\u00e1sok komplex hat\u00e9konys\u00e1gn\u00f6vel\u00e9s\u00e9t c\u00e9lz\u00f3 fejleszt\u00e9s megval\u00f3s\u00edt\u00e1sa. Tudj meg t\u00f6bbet Kedvezm\u00e9nyezett: \u00c9MK \u00c9szak-Magyarorsz\u00e1gi K\u00f6rnyezetv\u00e9delmi Kft.\u00a0 Projekt c\u00edme: A szolg\u00e1ltat\u00e1si hat\u00e9konys\u00e1g n\u00f6vel\u00e9se az \u00c9MK Kft.-n\u00e9l komplex technol\u00f3giai fejleszt\u00e9ssel T\u00e1mogat\u00e1s \u00f6sszege: 287.431.317 forint T\u00e1mogat\u00e1s intenzit\u00e1sa: 70% A projekt t\u00e9nyleges befejez\u00e9si d\u00e1tuma: 2023.08.31. Projekt azonos\u00edt\u00f3 sz\u00e1ma: GINOP-1.2.16-22-2023-01802 [&hellip;]\" \/>\n<meta property=\"og:url\" content=\"https:\/\/emkkft.hu\/en\/hatekonysag-noveles\/\" \/>\n<meta property=\"og:site_name\" content=\"\u00c9MK Kft.\" \/>\n<meta property=\"article:modified_time\" content=\"2025-03-21T09:15:42+00:00\" \/>\n<meta property=\"og:image\" content=\"https:\/\/emkkft.hu\/wp-content\/uploads\/2023\/02\/infoblokk_kedv_final_CMYK_ERFA.jpg\" \/>\n\t<meta property=\"og:image:width\" content=\"1453\" \/>\n\t<meta property=\"og:image:height\" content=\"1004\" \/>\n\t<meta property=\"og:image:type\" content=\"image\/jpeg\" \/>\n<meta name=\"twitter:card\" content=\"summary_large_image\" \/>\n<meta name=\"twitter:label1\" content=\"Estimated reading time\" \/>\n\t<meta name=\"twitter:data1\" content=\"2 minutes\" \/>\n<script type=\"application\/ld+json\" class=\"yoast-schema-graph\">{\"@context\":\"https:\\\/\\\/schema.org\",\"@graph\":[{\"@type\":\"WebPage\",\"@id\":\"https:\\\/\\\/emkkft.hu\\\/hatekonysag-noveles\\\/\",\"url\":\"https:\\\/\\\/emkkft.hu\\\/hatekonysag-noveles\\\/\",\"name\":\"Hat\u00e9konys\u00e1gn\u00f6vel\u00e9s - \u00c9MK Kft.\",\"isPartOf\":{\"@id\":\"https:\\\/\\\/emkkft.hu\\\/#website\"},\"primaryImageOfPage\":{\"@id\":\"https:\\\/\\\/emkkft.hu\\\/hatekonysag-noveles\\\/#primaryimage\"},\"image\":{\"@id\":\"https:\\\/\\\/emkkft.hu\\\/hatekonysag-noveles\\\/#primaryimage\"},\"thumbnailUrl\":\"https:\\\/\\\/emkkft.hu\\\/wp-content\\\/uploads\\\/2023\\\/02\\\/infoblokk_kedv_final_CMYK_ERFA-1024x708.jpg\",\"datePublished\":\"2023-02-24T07:49:17+00:00\",\"dateModified\":\"2025-03-21T09:15:42+00:00\",\"breadcrumb\":{\"@id\":\"https:\\\/\\\/emkkft.hu\\\/hatekonysag-noveles\\\/#breadcrumb\"},\"inLanguage\":\"en-GB\",\"potentialAction\":[{\"@type\":\"ReadAction\",\"target\":[\"https:\\\/\\\/emkkft.hu\\\/hatekonysag-noveles\\\/\"]}]},{\"@type\":\"ImageObject\",\"inLanguage\":\"en-GB\",\"@id\":\"https:\\\/\\\/emkkft.hu\\\/hatekonysag-noveles\\\/#primaryimage\",\"url\":\"https:\\\/\\\/emkkft.hu\\\/wp-content\\\/uploads\\\/2023\\\/02\\\/infoblokk_kedv_final_CMYK_ERFA-1024x708.jpg\",\"contentUrl\":\"https:\\\/\\\/emkkft.hu\\\/wp-content\\\/uploads\\\/2023\\\/02\\\/infoblokk_kedv_final_CMYK_ERFA-1024x708.jpg\"},{\"@type\":\"BreadcrumbList\",\"@id\":\"https:\\\/\\\/emkkft.hu\\\/hatekonysag-noveles\\\/#breadcrumb\",\"itemListElement\":[{\"@type\":\"ListItem\",\"position\":1,\"name\":\"Kezd\u0151lap\",\"item\":\"https:\\\/\\\/emkkft.hu\\\/\"},{\"@type\":\"ListItem\",\"position\":2,\"name\":\"Hat\u00e9konys\u00e1gn\u00f6vel\u00e9s\"}]},{\"@type\":\"WebSite\",\"@id\":\"https:\\\/\\\/emkkft.hu\\\/#website\",\"url\":\"https:\\\/\\\/emkkft.hu\\\/\",\"name\":\"\u00c9MK Kft. Weboldala\",\"description\":\"Az \u00c9MK \u00c9szak-Magyarorsz\u00e1gi K\u00f6rnyezetv\u00e9delmi Kft \u00fcdv\u00f6zli \u00f6nt a weboldl\u00e1n!\",\"publisher\":{\"@id\":\"https:\\\/\\\/emkkft.hu\\\/#organization\"},\"potentialAction\":[{\"@type\":\"SearchAction\",\"target\":{\"@type\":\"EntryPoint\",\"urlTemplate\":\"https:\\\/\\\/emkkft.hu\\\/?s={search_term_string}\"},\"query-input\":{\"@type\":\"PropertyValueSpecification\",\"valueRequired\":true,\"valueName\":\"search_term_string\"}}],\"inLanguage\":\"en-GB\"},{\"@type\":\"Organization\",\"@id\":\"https:\\\/\\\/emkkft.hu\\\/#organization\",\"name\":\"\u00c9MK \u00c9szak-Magyarorsz\u00e1gi K\u00f6rnyezetv\u00e9delmi Kft.\",\"url\":\"https:\\\/\\\/emkkft.hu\\\/\",\"logo\":{\"@type\":\"ImageObject\",\"inLanguage\":\"en-GB\",\"@id\":\"https:\\\/\\\/emkkft.hu\\\/#\\\/schema\\\/logo\\\/image\\\/\",\"url\":\"https:\\\/\\\/emkkft.hu\\\/wp-content\\\/uploads\\\/2023\\\/01\\\/emk_logo_web.png\",\"contentUrl\":\"https:\\\/\\\/emkkft.hu\\\/wp-content\\\/uploads\\\/2023\\\/01\\\/emk_logo_web.png\",\"width\":317,\"height\":73,\"caption\":\"\u00c9MK \u00c9szak-Magyarorsz\u00e1gi K\u00f6rnyezetv\u00e9delmi Kft.\"},\"image\":{\"@id\":\"https:\\\/\\\/emkkft.hu\\\/#\\\/schema\\\/logo\\\/image\\\/\"},\"ethicsPolicy\":\"https:\\\/\\\/emkkft.hu\\\/sutiszabalyzat\\\/\"}]}<\/script>\n<!-- \/ Yoast SEO Premium plugin. -->","yoast_head_json":{"title":"Hat\u00e9konys\u00e1gn\u00f6vel\u00e9s - \u00c9MK Kft.","robots":{"index":"index","follow":"follow","max-snippet":"max-snippet:-1","max-image-preview":"max-image-preview:large","max-video-preview":"max-video-preview:-1"},"canonical":"https:\/\/emkkft.hu\/en\/hatekonysag-noveles\/","og_locale":"en_GB","og_type":"article","og_title":"Hat\u00e9konys\u00e1gn\u00f6vel\u00e9s","og_description":"A szolg\u00e1ltat\u00e1si hat\u00e9konys\u00e1gunk n\u00f6vel\u00e9se, komplex technol\u00f3giai fejleszt\u00e9ssel Vesz\u00e9lyes hullad\u00e9k kezel\u00e9si \u00e9s -\u00e1rtalmatlan\u00edt\u00e1si szolg\u00e1ltat\u00e1sok komplex hat\u00e9konys\u00e1gn\u00f6vel\u00e9s\u00e9t c\u00e9lz\u00f3 fejleszt\u00e9s megval\u00f3s\u00edt\u00e1sa. Tudj meg t\u00f6bbet Kedvezm\u00e9nyezett: \u00c9MK \u00c9szak-Magyarorsz\u00e1gi K\u00f6rnyezetv\u00e9delmi Kft.\u00a0 Projekt c\u00edme: A szolg\u00e1ltat\u00e1si hat\u00e9konys\u00e1g n\u00f6vel\u00e9se az \u00c9MK Kft.-n\u00e9l komplex technol\u00f3giai fejleszt\u00e9ssel T\u00e1mogat\u00e1s \u00f6sszege: 287.431.317 forint T\u00e1mogat\u00e1s intenzit\u00e1sa: 70% A projekt t\u00e9nyleges befejez\u00e9si d\u00e1tuma: 2023.08.31. Projekt azonos\u00edt\u00f3 sz\u00e1ma: GINOP-1.2.16-22-2023-01802 [&hellip;]","og_url":"https:\/\/emkkft.hu\/en\/hatekonysag-noveles\/","og_site_name":"\u00c9MK Kft.","article_modified_time":"2025-03-21T09:15:42+00:00","og_image":[{"width":1453,"height":1004,"url":"https:\/\/emkkft.hu\/wp-content\/uploads\/2023\/02\/infoblokk_kedv_final_CMYK_ERFA.jpg","type":"image\/jpeg"}],"twitter_card":"summary_large_image","twitter_misc":{"Estimated reading time":"2 minutes"},"schema":{"@context":"https:\/\/schema.org","@graph":[{"@type":"WebPage","@id":"https:\/\/emkkft.hu\/hatekonysag-noveles\/","url":"https:\/\/emkkft.hu\/hatekonysag-noveles\/","name":"Hat\u00e9konys\u00e1gn\u00f6vel\u00e9s - \u00c9MK Kft.","isPartOf":{"@id":"https:\/\/emkkft.hu\/#website"},"primaryImageOfPage":{"@id":"https:\/\/emkkft.hu\/hatekonysag-noveles\/#primaryimage"},"image":{"@id":"https:\/\/emkkft.hu\/hatekonysag-noveles\/#primaryimage"},"thumbnailUrl":"https:\/\/emkkft.hu\/wp-content\/uploads\/2023\/02\/infoblokk_kedv_final_CMYK_ERFA-1024x708.jpg","datePublished":"2023-02-24T07:49:17+00:00","dateModified":"2025-03-21T09:15:42+00:00","breadcrumb":{"@id":"https:\/\/emkkft.hu\/hatekonysag-noveles\/#breadcrumb"},"inLanguage":"en-GB","potentialAction":[{"@type":"ReadAction","target":["https:\/\/emkkft.hu\/hatekonysag-noveles\/"]}]},{"@type":"ImageObject","inLanguage":"en-GB","@id":"https:\/\/emkkft.hu\/hatekonysag-noveles\/#primaryimage","url":"https:\/\/emkkft.hu\/wp-content\/uploads\/2023\/02\/infoblokk_kedv_final_CMYK_ERFA-1024x708.jpg","contentUrl":"https:\/\/emkkft.hu\/wp-content\/uploads\/2023\/02\/infoblokk_kedv_final_CMYK_ERFA-1024x708.jpg"},{"@type":"BreadcrumbList","@id":"https:\/\/emkkft.hu\/hatekonysag-noveles\/#breadcrumb","itemListElement":[{"@type":"ListItem","position":1,"name":"Kezd\u0151lap","item":"https:\/\/emkkft.hu\/"},{"@type":"ListItem","position":2,"name":"Hat\u00e9konys\u00e1gn\u00f6vel\u00e9s"}]},{"@type":"WebSite","@id":"https:\/\/emkkft.hu\/#website","url":"https:\/\/emkkft.hu\/","name":"\u00c9MK Kft. Weboldala","description":"Az \u00c9MK \u00c9szak-Magyarorsz\u00e1gi K\u00f6rnyezetv\u00e9delmi Kft \u00fcdv\u00f6zli \u00f6nt a weboldl\u00e1n!","publisher":{"@id":"https:\/\/emkkft.hu\/#organization"},"potentialAction":[{"@type":"SearchAction","target":{"@type":"EntryPoint","urlTemplate":"https:\/\/emkkft.hu\/?s={search_term_string}"},"query-input":{"@type":"PropertyValueSpecification","valueRequired":true,"valueName":"search_term_string"}}],"inLanguage":"en-GB"},{"@type":"Organization","@id":"https:\/\/emkkft.hu\/#organization","name":"EMK North-Hungary Environment Protection Ltd.","url":"https:\/\/emkkft.hu\/","logo":{"@type":"ImageObject","inLanguage":"en-GB","@id":"https:\/\/emkkft.hu\/#\/schema\/logo\/image\/","url":"https:\/\/emkkft.hu\/wp-content\/uploads\/2023\/01\/emk_logo_web.png","contentUrl":"https:\/\/emkkft.hu\/wp-content\/uploads\/2023\/01\/emk_logo_web.png","width":317,"height":73,"caption":"\u00c9MK \u00c9szak-Magyarorsz\u00e1gi K\u00f6rnyezetv\u00e9delmi Kft."},"image":{"@id":"https:\/\/emkkft.hu\/#\/schema\/logo\/image\/"},"ethicsPolicy":"https:\/\/emkkft.hu\/sutiszabalyzat\/"}]}},"_links":{"self":[{"href":"https:\/\/emkkft.hu\/en\/wp-json\/wp\/v2\/pages\/3922","targetHints":{"allow":["GET"]}}],"collection":[{"href":"https:\/\/emkkft.hu\/en\/wp-json\/wp\/v2\/pages"}],"about":[{"href":"https:\/\/emkkft.hu\/en\/wp-json\/wp\/v2\/types\/page"}],"author":[{"embeddable":true,"href":"https:\/\/emkkft.hu\/en\/wp-json\/wp\/v2\/users\/1"}],"replies":[{"embeddable":true,"href":"https:\/\/emkkft.hu\/en\/wp-json\/wp\/v2\/comments?post=3922"}],"version-history":[{"count":256,"href":"https:\/\/emkkft.hu\/en\/wp-json\/wp\/v2\/pages\/3922\/revisions"}],"predecessor-version":[{"id":19085,"href":"https:\/\/emkkft.hu\/en\/wp-json\/wp\/v2\/pages\/3922\/revisions\/19085"}],"wp:attachment":[{"href":"https:\/\/emkkft.hu\/en\/wp-json\/wp\/v2\/media?parent=3922"}],"curies":[{"name":"wp","href":"https:\/\/api.w.org\/{rel}","templated":true}]}}