{"id":3929,"date":"2023-02-24T08:50:47","date_gmt":"2023-02-24T07:50:47","guid":{"rendered":"https:\/\/emkkft.hu\/?page_id=3929"},"modified":"2025-03-21T10:02:31","modified_gmt":"2025-03-21T09:02:31","slug":"adaptiv-innovacio","status":"publish","type":"page","link":"https:\/\/emkkft.hu\/en\/adaptiv-innovacio\/","title":{"rendered":"Adapt\u00edv innov\u00e1ci\u00f3"},"content":{"rendered":"<div data-elementor-type=\"wp-page\" data-elementor-id=\"3929\" class=\"elementor elementor-3929\" data-elementor-post-type=\"page\">\n\t\t\t\t<div class=\"elementor-element elementor-element-9bf3869 animated-slow e-flex e-con-boxed elementor-invisible e-con e-parent\" data-id=\"9bf3869\" data-element_type=\"container\" data-e-type=\"container\" id=\"adinn\" data-settings=\"{&quot;background_background&quot;:&quot;classic&quot;,&quot;animation&quot;:&quot;fadeIn&quot;}\">\n\t\t\t\t\t<div class=\"e-con-inner\">\n\t\t<div class=\"elementor-element elementor-element-c72a55f e-con-full e-flex e-con e-child\" data-id=\"c72a55f\" data-element_type=\"container\" data-e-type=\"container\">\n\t\t\t\t<div class=\"elementor-element elementor-element-c5704f3 elementor-widget__width-initial elementor-invisible elementor-widget elementor-widget-heading\" data-id=\"c5704f3\" data-element_type=\"widget\" data-e-type=\"widget\" data-settings=\"{&quot;_animation&quot;:&quot;zoomIn&quot;,&quot;_animation_delay&quot;:0}\" data-widget_type=\"heading.default\">\n\t\t\t\t<div class=\"elementor-widget-container\">\n\t\t\t\t\t<h2 class=\"elementor-heading-title elementor-size-default translation-block\">Enhancing Our Competitiveness <span style=\"color: #0094C1\">Through  Adaptive<\/span> Technological Innovation<\/h2>\t\t\t\t<\/div>\n\t\t\t\t<\/div>\n\t\t\t\t<div class=\"elementor-element elementor-element-83fe5b0 elementor-widget-mobile__width-initial elementor-invisible elementor-widget elementor-widget-text-editor\" data-id=\"83fe5b0\" data-element_type=\"widget\" data-e-type=\"widget\" data-settings=\"{&quot;_animation&quot;:&quot;zoomIn&quot;,&quot;_animation_delay&quot;:300}\" data-widget_type=\"text-editor.default\">\n\t\t\t\t<div class=\"elementor-widget-container\">\n\t\t\t\t\t\t\t\t\t<b>Project ID:\u00a0<\/b> <br>GINOP-2.1.8-17-2018-02829\t\t\t\t\t\t\t\t<\/div>\n\t\t\t\t<\/div>\n\t\t\t\t<div class=\"elementor-element elementor-element-984aed3 elementor-align-center elementor-invisible elementor-widget elementor-widget-button\" data-id=\"984aed3\" data-element_type=\"widget\" data-e-type=\"widget\" data-settings=\"{&quot;_animation&quot;:&quot;zoomIn&quot;,&quot;_animation_delay&quot;:500}\" data-widget_type=\"button.default\">\n\t\t\t\t<div class=\"elementor-widget-container\">\n\t\t\t\t\t\t\t\t\t<div class=\"elementor-button-wrapper\">\n\t\t\t\t\t<a class=\"elementor-button elementor-button-link elementor-size-sm elementor-animation-shrink\" href=\"#ginop21\">\n\t\t\t\t\t\t<span class=\"elementor-button-content-wrapper\">\n\t\t\t\t\t\t\t\t\t<span class=\"elementor-button-text\">Learn More<\/span>\n\t\t\t\t\t<\/span>\n\t\t\t\t\t<\/a>\n\t\t\t\t<\/div>\n\t\t\t\t\t\t\t\t<\/div>\n\t\t\t\t<\/div>\n\t\t\t\t<\/div>\n\t\t\t\t\t<\/div>\n\t\t\t\t<\/div>\n\t\t<div class=\"elementor-element elementor-element-e1568d6 e-flex e-con-boxed e-con e-parent\" data-id=\"e1568d6\" data-element_type=\"container\" data-e-type=\"container\" id=\"ginop21\" data-settings=\"{&quot;background_background&quot;:&quot;classic&quot;}\">\n\t\t\t\t\t<div class=\"e-con-inner\">\n\t\t<div class=\"elementor-element elementor-element-e974d78 e-con-full e-flex e-con e-child\" data-id=\"e974d78\" data-element_type=\"container\" data-e-type=\"container\" data-settings=\"{&quot;background_background&quot;:&quot;classic&quot;}\">\n\t\t\t\t<div class=\"elementor-element elementor-element-2df3f04 elementor-widget-divider--view-line_icon animated-slow elementor-view-default elementor-widget-divider--element-align-center elementor-invisible elementor-widget elementor-widget-divider\" data-id=\"2df3f04\" data-element_type=\"widget\" data-e-type=\"widget\" data-settings=\"{&quot;_animation&quot;:&quot;zoomIn&quot;,&quot;_animation_delay&quot;:400}\" data-widget_type=\"divider.default\">\n\t\t\t\t<div class=\"elementor-widget-container\">\n\t\t\t\t\t\t\t<div class=\"elementor-divider\">\n\t\t\t<span class=\"elementor-divider-separator\">\n\t\t\t\t\t\t\t<div class=\"elementor-icon elementor-divider__element\">\n\t\t\t\t\t<i aria-hidden=\"true\" class=\"fas fa-book-open\"><\/i><\/div>\n\t\t\t\t\t\t<\/span>\n\t\t<\/div>\n\t\t\t\t\t\t<\/div>\n\t\t\t\t<\/div>\n\t\t\t\t<\/div>\n\t\t\t\t\t<\/div>\n\t\t\t\t<\/div>\n\t\t<div class=\"elementor-element elementor-element-b1cbfe4 e-flex e-con-boxed e-con e-parent\" data-id=\"b1cbfe4\" data-element_type=\"container\" data-e-type=\"container\" data-settings=\"{&quot;background_background&quot;:&quot;classic&quot;}\">\n\t\t\t\t\t<div class=\"e-con-inner\">\n\t\t<div class=\"elementor-element elementor-element-de0c359 e-flex e-con-boxed e-con e-child\" data-id=\"de0c359\" data-element_type=\"container\" data-e-type=\"container\" data-settings=\"{&quot;background_background&quot;:&quot;classic&quot;}\">\n\t\t\t\t\t<div class=\"e-con-inner\">\n\t\t\t\t<div class=\"elementor-element elementor-element-af1069e elementor-widget-mobile__width-initial elementor-invisible elementor-widget elementor-widget-image\" data-id=\"af1069e\" data-element_type=\"widget\" data-e-type=\"widget\" data-settings=\"{&quot;_animation&quot;:&quot;zoomIn&quot;}\" data-widget_type=\"image.default\">\n\t\t\t\t<div class=\"elementor-widget-container\">\n\t\t\t\t\t\t\t\t\t\t\t\t\t\t\t<img fetchpriority=\"high\" decoding=\"async\" width=\"348\" height=\"242\" src=\"https:\/\/emkkft.hu\/wp-content\/uploads\/2023\/06\/infoblokk_large.svg\" class=\"attachment-large size-large wp-image-8295\" alt=\"Szechenyi 2020\" \/>\t\t\t\t\t\t\t\t\t\t\t\t\t\t\t<\/div>\n\t\t\t\t<\/div>\n\t\t\t\t\t<\/div>\n\t\t\t\t<\/div>\n\t\t<div class=\"elementor-element elementor-element-38e4baa e-flex e-con-boxed e-con e-child\" data-id=\"38e4baa\" data-element_type=\"container\" data-e-type=\"container\" data-settings=\"{&quot;background_background&quot;:&quot;classic&quot;}\">\n\t\t\t\t\t<div class=\"e-con-inner\">\n\t\t\t\t<div class=\"elementor-element elementor-element-bbee49a elementor-widget__width-initial elementor-invisible elementor-widget elementor-widget-text-editor\" data-id=\"bbee49a\" data-element_type=\"widget\" data-e-type=\"widget\" data-settings=\"{&quot;_animation&quot;:&quot;fadeInRight&quot;}\" data-widget_type=\"text-editor.default\">\n\t\t\t\t<div class=\"elementor-widget-container\">\n\t\t\t\t\t\t\t\t\t<p><b>Beneficiary:<\/b><br \/>EMK North-Hungary Environment Protection Ltd.<\/p><p><b>Project Title:<\/b><br \/>Enhancing the Competitiveness of EMK North-Hungary Environment Protection Ltd. Through Adaptive Technological Innovation<\/p><p><b>Grant Amount:\u00a0<\/b>HUF 12.84 million<\/p><p><b>Funding Intensity:<\/b>: 50%<\/p><p><b>Actual Completion Date of the Project:<\/b>\u00a02019.07.08.<\/p><p><b>Project ID:\u00a0<\/b>GINOP-2.1.8-17-2018-02829<\/p>\t\t\t\t\t\t\t\t<\/div>\n\t\t\t\t<\/div>\n\t\t\t\t\t<\/div>\n\t\t\t\t<\/div>\n\t\t\t\t\t<\/div>\n\t\t\t\t<\/div>\n\t\t<div class=\"elementor-element elementor-element-e388f7d e-flex e-con-boxed e-con e-parent\" data-id=\"e388f7d\" data-element_type=\"container\" data-e-type=\"container\" data-settings=\"{&quot;background_background&quot;:&quot;classic&quot;}\">\n\t\t\t\t\t<div class=\"e-con-inner\">\n\t\t<div class=\"elementor-element elementor-element-06c4789 e-con-full e-flex e-con e-child\" data-id=\"06c4789\" data-element_type=\"container\" data-e-type=\"container\" data-settings=\"{&quot;background_background&quot;:&quot;classic&quot;}\">\n\t\t\t\t<div class=\"elementor-element elementor-element-9e85aef elementor-widget__width-initial elementor-invisible elementor-widget elementor-widget-heading\" data-id=\"9e85aef\" data-element_type=\"widget\" data-e-type=\"widget\" data-settings=\"{&quot;_animation&quot;:&quot;zoomIn&quot;,&quot;_animation_delay&quot;:0}\" data-widget_type=\"heading.default\">\n\t\t\t\t<div class=\"elementor-widget-container\">\n\t\t\t\t\t<h2 class=\"elementor-heading-title elementor-size-default translation-block\"><span style=\"color: #0094C1\">Project<\/span> Overview<\/h2>\t\t\t\t<\/div>\n\t\t\t\t<\/div>\n\t\t\t\t<div class=\"elementor-element elementor-element-f72ab0d elementor-widget__width-initial elementor-invisible elementor-widget elementor-widget-text-editor\" data-id=\"f72ab0d\" data-element_type=\"widget\" data-e-type=\"widget\" data-settings=\"{&quot;_animation&quot;:&quot;fadeInUp&quot;,&quot;_animation_delay&quot;:400}\" data-widget_type=\"text-editor.default\">\n\t\t\t\t<div class=\"elementor-widget-container\">\n\t\t\t\t\t\t\t\t\t<p>Our company's main activities include the incineration-based disposal of hazardous waste and the treatment of industrial wastewater. The hazardous waste is processed at a waste incineration facility with an annual capacity of 20,600 tonnes, using various incineration technologies.\n\nCurrently, in Hungary and\u2014according to our knowledge\u2014in the surrounding region, there is no satisfactory treatment method for catalytic converter waste originating from the automotive and chemical industries that is both environmentally friendly and capable of returning valuable raw materials to the economy in a resource-efficient way. We aim to seize the potential in this challenge by developing an industrially applicable technology.\n\nThe planned technology involves two key steps:\n\nThe thermal treatment of catalytic converter waste.\n\nThe further preparation of the resulting slag material for the recovery of valuable metals (e.g., precious and rare earth metals), making it suitable for resale as a secondary raw material.\n\nThe equipment to be procured as part of this project addresses the second challenge. Currently, heat exchanger elements require cleaning after 72 hours of operation due to the formation of solid, cohesive deposits on heat transfer surfaces. These must be removed manually using specialized tools, which presents several issues:\n\nAchieving the required level of cleanliness is difficult.\n\nThe manual cleaning process may damage the equipment, potentially leading to failure.\n\nThe process is labor-intensive and frequent, incurring high maintenance costs.\n\nTo solve these problems, this project includes the purchase of a HDP 142 high-pressure cleaner powered by an electric motor from HAMMELMANN, along with the necessary accessories. This advanced system enables significantly higher levels of cleanliness and consistency. Operating at extremely high pressures, it removes contaminants from metal surfaces more reliably and efficiently than manual methods.\n\nThe improved cleanliness reduces the frequency of cleaning operations, as surface contamination builds up more slowly. This results in:\n\nMore predictable and reliable operation,\n\nLower operating costs,\n\nMore efficient performance for \u00c9MK Kft., and\n\nStronger job retention capabilities.\n\nThis project is co-financed by the European Union and the European Regional Development Fund under the Economic Development and Innovation Operational Programme (GINOP).<\/p>\t\t\t\t\t\t\t\t<\/div>\n\t\t\t\t<\/div>\n\t\t\t\t<\/div>\n\t\t\t\t\t<\/div>\n\t\t\t\t<\/div>\n\t\t<div class=\"elementor-element elementor-element-59eabb9 e-flex e-con-boxed e-con e-parent\" data-id=\"59eabb9\" data-element_type=\"container\" data-e-type=\"container\" data-settings=\"{&quot;background_background&quot;:&quot;classic&quot;}\">\n\t\t\t\t\t<div class=\"e-con-inner\">\n\t\t<div class=\"elementor-element elementor-element-95d537e e-con-full e-flex e-con e-child\" data-id=\"95d537e\" data-element_type=\"container\" data-e-type=\"container\" data-settings=\"{&quot;background_background&quot;:&quot;classic&quot;}\">\n\t\t\t\t<div class=\"elementor-element elementor-element-95fa5da elementor-align-center elementor-invisible elementor-widget elementor-widget-button\" data-id=\"95fa5da\" data-element_type=\"widget\" data-e-type=\"widget\" data-settings=\"{&quot;_animation&quot;:&quot;zoomIn&quot;,&quot;_animation_delay&quot;:200}\" data-widget_type=\"button.default\">\n\t\t\t\t<div class=\"elementor-widget-container\">\n\t\t\t\t\t\t\t\t\t<div class=\"elementor-button-wrapper\">\n\t\t\t\t\t<a class=\"elementor-button elementor-button-link elementor-size-sm elementor-animation-shrink\" href=\"https:\/\/emkkft.hu\/en\/Palyazatok\/\">\n\t\t\t\t\t\t<span class=\"elementor-button-content-wrapper\">\n\t\t\t\t\t\t\t\t\t<span class=\"elementor-button-text\">Applications<\/span>\n\t\t\t\t\t<\/span>\n\t\t\t\t\t<\/a>\n\t\t\t\t<\/div>\n\t\t\t\t\t\t\t\t<\/div>\n\t\t\t\t<\/div>\n\t\t\t\t<div class=\"elementor-element elementor-element-d13c76f elementor-align-center elementor-invisible elementor-widget elementor-widget-button\" data-id=\"d13c76f\" data-element_type=\"widget\" data-e-type=\"widget\" data-settings=\"{&quot;_animation&quot;:&quot;zoomIn&quot;,&quot;_animation_delay&quot;:400}\" data-widget_type=\"button.default\">\n\t\t\t\t<div class=\"elementor-widget-container\">\n\t\t\t\t\t\t\t\t\t<div class=\"elementor-button-wrapper\">\n\t\t\t\t\t<a class=\"elementor-button elementor-button-link elementor-size-sm elementor-animation-shrink\" href=\"https:\/\/emkkft.hu\/en\/szechenyi-2020\/\">\n\t\t\t\t\t\t<span class=\"elementor-button-content-wrapper\">\n\t\t\t\t\t\t\t\t\t<span class=\"elementor-button-text\">Sz\u00e9chenyi 2020<\/span>\n\t\t\t\t\t<\/span>\n\t\t\t\t\t<\/a>\n\t\t\t\t<\/div>\n\t\t\t\t\t\t\t\t<\/div>\n\t\t\t\t<\/div>\n\t\t\t\t<\/div>\n\t\t\t\t\t<\/div>\n\t\t\t\t<\/div>\n\t\t<div class=\"elementor-element elementor-element-2f45515 e-flex e-con-boxed e-con e-parent\" data-id=\"2f45515\" data-element_type=\"container\" data-e-type=\"container\" data-settings=\"{&quot;background_background&quot;:&quot;classic&quot;}\">\n\t\t\t\t\t<div class=\"e-con-inner\">\n\t\t<div class=\"elementor-element elementor-element-620de08 e-con-full e-flex e-con e-child\" data-id=\"620de08\" data-element_type=\"container\" data-e-type=\"container\" data-settings=\"{&quot;background_background&quot;:&quot;classic&quot;}\">\n\t\t<div class=\"elementor-element elementor-element-2d913ec e-con-full e-flex e-con e-child\" data-id=\"2d913ec\" data-element_type=\"container\" data-e-type=\"container\">\n\t\t\t\t<div class=\"elementor-element elementor-element-3d301ce elementor-align-center elementor-invisible elementor-widget elementor-widget-button\" data-id=\"3d301ce\" data-element_type=\"widget\" data-e-type=\"widget\" data-settings=\"{&quot;_animation&quot;:&quot;zoomIn&quot;,&quot;_animation_delay&quot;:400}\" data-widget_type=\"button.default\">\n\t\t\t\t<div class=\"elementor-widget-container\">\n\t\t\t\t\t\t\t\t\t<div class=\"elementor-button-wrapper\">\n\t\t\t\t\t<a class=\"elementor-button elementor-button-link elementor-size-sm elementor-animation-shrink\" href=\"https:\/\/emkkft.hu\/en\">\n\t\t\t\t\t\t<span class=\"elementor-button-content-wrapper\">\n\t\t\t\t\t\t\t\t\t<span class=\"elementor-button-text\">Return to Homepage<\/span>\n\t\t\t\t\t<\/span>\n\t\t\t\t\t<\/a>\n\t\t\t\t<\/div>\n\t\t\t\t\t\t\t\t<\/div>\n\t\t\t\t<\/div>\n\t\t\t\t<\/div>\n\t\t\t\t<\/div>\n\t\t\t\t\t<\/div>\n\t\t\t\t<\/div>\n\t\t\t\t<\/div>","protected":false},"excerpt":{"rendered":"<p>Versenyk\u00e9pess\u00e9g\u00fcnk n\u00f6vel\u00e9se adapt\u00edv technol\u00f3giai innov\u00e1ci\u00f3 r\u00e9v\u00e9n Projekt azonos\u00edt\u00f3 sz\u00e1ma:\u00a0 GINOP-2.1.8-17-2018-02829 Tudj Meg t\u00f6bbet Kedvezm\u00e9nyezett:\u00c9MK \u00c9szak-Magyarorsz\u00e1gi K\u00f6rnyezetv\u00e9delmi Kft. Projekt c\u00edme:Az \u00c9MK \u00c9szak-Magyarorsz\u00e1gi K\u00f6rnyezetv\u00e9delmi Kft. versenyk\u00e9pess\u00e9g\u00e9nek n\u00f6vel\u00e9se adapt\u00edv technol\u00f3giai innov\u00e1ci\u00f3 r\u00e9v\u00e9n T\u00e1mogat\u00e1s \u00f6sszege:\u00a012,84 milli\u00f3 forint T\u00e1mogat\u00e1s intenzit\u00e1sa: 50% A projekt t\u00e9nyleges befejez\u00e9si d\u00e1tuma:\u00a02019.07.08. Projekt azonos\u00edt\u00f3 sz\u00e1ma:\u00a0GINOP-2.1.8-17-2018-02829 A projekt bemutat\u00e1sa T\u00e1rsas\u00e1gunk f\u0151 tev\u00e9kenys\u00e9ge vesz\u00e9lyes hullad\u00e9kok \u00e9get\u00e9ssel t\u00f6rt\u00e9n\u0151 \u00e1rtalmatlan\u00edt\u00e1sa, [&hellip;]<\/p>\n","protected":false},"author":1,"featured_media":0,"parent":0,"menu_order":0,"comment_status":"closed","ping_status":"closed","template":"elementor_header_footer","meta":{"footnotes":""},"class_list":["post-3929","page","type-page","status-publish","hentry"],"yoast_head":"<!-- This site is optimized with the Yoast SEO Premium plugin v27.4 (Yoast SEO v27.4) - https:\/\/yoast.com\/product\/yoast-seo-premium-wordpress\/ -->\n<title>Adapt\u00edv innov\u00e1ci\u00f3 - \u00c9MK Kft.<\/title>\n<meta name=\"description\" content=\"T\u00e1rsas\u00e1gunk f\u0151 tev\u00e9kenys\u00e9ge vesz\u00e9lyes hullad\u00e9kok \u00e9get\u00e9ssel t\u00f6rt\u00e9n\u0151 \u00e1rtalmatlan\u00edt\u00e1sa, ipari szennyv\u00edz tiszt\u00edt\u00e1sa \u00e9s kezel\u00e9se.\" \/>\n<meta name=\"robots\" content=\"index, follow, max-snippet:-1, max-image-preview:large, max-video-preview:-1\" \/>\n<link rel=\"canonical\" href=\"https:\/\/emkkft.hu\/en\/adaptiv-innovacio\/\" \/>\n<meta property=\"og:locale\" content=\"en_GB\" \/>\n<meta property=\"og:type\" content=\"article\" \/>\n<meta property=\"og:title\" content=\"Adapt\u00edv innov\u00e1ci\u00f3\" \/>\n<meta property=\"og:description\" content=\"T\u00e1rsas\u00e1gunk f\u0151 tev\u00e9kenys\u00e9ge vesz\u00e9lyes hullad\u00e9kok \u00e9get\u00e9ssel t\u00f6rt\u00e9n\u0151 \u00e1rtalmatlan\u00edt\u00e1sa, ipari szennyv\u00edz tiszt\u00edt\u00e1sa \u00e9s kezel\u00e9se.\" \/>\n<meta property=\"og:url\" content=\"https:\/\/emkkft.hu\/en\/adaptiv-innovacio\/\" \/>\n<meta property=\"og:site_name\" content=\"\u00c9MK Kft.\" \/>\n<meta property=\"article:modified_time\" content=\"2025-03-21T09:02:31+00:00\" \/>\n<meta name=\"twitter:card\" content=\"summary_large_image\" \/>\n<meta name=\"twitter:label1\" content=\"Estimated reading time\" \/>\n\t<meta name=\"twitter:data1\" content=\"3 minutes\" \/>\n<script type=\"application\/ld+json\" class=\"yoast-schema-graph\">{\"@context\":\"https:\\\/\\\/schema.org\",\"@graph\":[{\"@type\":\"WebPage\",\"@id\":\"https:\\\/\\\/emkkft.hu\\\/adaptiv-innovacio\\\/\",\"url\":\"https:\\\/\\\/emkkft.hu\\\/adaptiv-innovacio\\\/\",\"name\":\"Adapt\u00edv innov\u00e1ci\u00f3 - \u00c9MK Kft.\",\"isPartOf\":{\"@id\":\"https:\\\/\\\/emkkft.hu\\\/#website\"},\"primaryImageOfPage\":{\"@id\":\"https:\\\/\\\/emkkft.hu\\\/adaptiv-innovacio\\\/#primaryimage\"},\"image\":{\"@id\":\"https:\\\/\\\/emkkft.hu\\\/adaptiv-innovacio\\\/#primaryimage\"},\"thumbnailUrl\":\"https:\\\/\\\/emkkft.hu\\\/wp-content\\\/uploads\\\/2023\\\/06\\\/infoblokk_large.svg\",\"datePublished\":\"2023-02-24T07:50:47+00:00\",\"dateModified\":\"2025-03-21T09:02:31+00:00\",\"description\":\"T\u00e1rsas\u00e1gunk f\u0151 tev\u00e9kenys\u00e9ge vesz\u00e9lyes hullad\u00e9kok \u00e9get\u00e9ssel t\u00f6rt\u00e9n\u0151 \u00e1rtalmatlan\u00edt\u00e1sa, ipari szennyv\u00edz tiszt\u00edt\u00e1sa \u00e9s kezel\u00e9se.\",\"breadcrumb\":{\"@id\":\"https:\\\/\\\/emkkft.hu\\\/adaptiv-innovacio\\\/#breadcrumb\"},\"inLanguage\":\"en-GB\",\"potentialAction\":[{\"@type\":\"ReadAction\",\"target\":[\"https:\\\/\\\/emkkft.hu\\\/adaptiv-innovacio\\\/\"]}]},{\"@type\":\"ImageObject\",\"inLanguage\":\"en-GB\",\"@id\":\"https:\\\/\\\/emkkft.hu\\\/adaptiv-innovacio\\\/#primaryimage\",\"url\":\"https:\\\/\\\/emkkft.hu\\\/wp-content\\\/uploads\\\/2023\\\/06\\\/infoblokk_large.svg\",\"contentUrl\":\"https:\\\/\\\/emkkft.hu\\\/wp-content\\\/uploads\\\/2023\\\/06\\\/infoblokk_large.svg\"},{\"@type\":\"BreadcrumbList\",\"@id\":\"https:\\\/\\\/emkkft.hu\\\/adaptiv-innovacio\\\/#breadcrumb\",\"itemListElement\":[{\"@type\":\"ListItem\",\"position\":1,\"name\":\"Kezd\u0151lap\",\"item\":\"https:\\\/\\\/emkkft.hu\\\/\"},{\"@type\":\"ListItem\",\"position\":2,\"name\":\"Adapt\u00edv innov\u00e1ci\u00f3\"}]},{\"@type\":\"WebSite\",\"@id\":\"https:\\\/\\\/emkkft.hu\\\/#website\",\"url\":\"https:\\\/\\\/emkkft.hu\\\/\",\"name\":\"\u00c9MK Kft. Weboldala\",\"description\":\"Az \u00c9MK \u00c9szak-Magyarorsz\u00e1gi K\u00f6rnyezetv\u00e9delmi Kft \u00fcdv\u00f6zli \u00f6nt a weboldl\u00e1n!\",\"publisher\":{\"@id\":\"https:\\\/\\\/emkkft.hu\\\/#organization\"},\"potentialAction\":[{\"@type\":\"SearchAction\",\"target\":{\"@type\":\"EntryPoint\",\"urlTemplate\":\"https:\\\/\\\/emkkft.hu\\\/?s={search_term_string}\"},\"query-input\":{\"@type\":\"PropertyValueSpecification\",\"valueRequired\":true,\"valueName\":\"search_term_string\"}}],\"inLanguage\":\"en-GB\"},{\"@type\":\"Organization\",\"@id\":\"https:\\\/\\\/emkkft.hu\\\/#organization\",\"name\":\"\u00c9MK \u00c9szak-Magyarorsz\u00e1gi K\u00f6rnyezetv\u00e9delmi Kft.\",\"url\":\"https:\\\/\\\/emkkft.hu\\\/\",\"logo\":{\"@type\":\"ImageObject\",\"inLanguage\":\"en-GB\",\"@id\":\"https:\\\/\\\/emkkft.hu\\\/#\\\/schema\\\/logo\\\/image\\\/\",\"url\":\"https:\\\/\\\/emkkft.hu\\\/wp-content\\\/uploads\\\/2023\\\/01\\\/emk_logo_web.png\",\"contentUrl\":\"https:\\\/\\\/emkkft.hu\\\/wp-content\\\/uploads\\\/2023\\\/01\\\/emk_logo_web.png\",\"width\":317,\"height\":73,\"caption\":\"\u00c9MK \u00c9szak-Magyarorsz\u00e1gi K\u00f6rnyezetv\u00e9delmi Kft.\"},\"image\":{\"@id\":\"https:\\\/\\\/emkkft.hu\\\/#\\\/schema\\\/logo\\\/image\\\/\"},\"ethicsPolicy\":\"https:\\\/\\\/emkkft.hu\\\/sutiszabalyzat\\\/\"}]}<\/script>\n<!-- \/ Yoast SEO Premium plugin. -->","yoast_head_json":{"title":"Adapt\u00edv innov\u00e1ci\u00f3 - \u00c9MK Kft.","description":"T\u00e1rsas\u00e1gunk f\u0151 tev\u00e9kenys\u00e9ge vesz\u00e9lyes hullad\u00e9kok \u00e9get\u00e9ssel t\u00f6rt\u00e9n\u0151 \u00e1rtalmatlan\u00edt\u00e1sa, ipari szennyv\u00edz tiszt\u00edt\u00e1sa \u00e9s kezel\u00e9se.","robots":{"index":"index","follow":"follow","max-snippet":"max-snippet:-1","max-image-preview":"max-image-preview:large","max-video-preview":"max-video-preview:-1"},"canonical":"https:\/\/emkkft.hu\/en\/adaptiv-innovacio\/","og_locale":"en_GB","og_type":"article","og_title":"Adapt\u00edv innov\u00e1ci\u00f3","og_description":"T\u00e1rsas\u00e1gunk f\u0151 tev\u00e9kenys\u00e9ge vesz\u00e9lyes hullad\u00e9kok \u00e9get\u00e9ssel t\u00f6rt\u00e9n\u0151 \u00e1rtalmatlan\u00edt\u00e1sa, ipari szennyv\u00edz tiszt\u00edt\u00e1sa \u00e9s kezel\u00e9se.","og_url":"https:\/\/emkkft.hu\/en\/adaptiv-innovacio\/","og_site_name":"\u00c9MK Kft.","article_modified_time":"2025-03-21T09:02:31+00:00","twitter_card":"summary_large_image","twitter_misc":{"Estimated reading time":"3 minutes"},"schema":{"@context":"https:\/\/schema.org","@graph":[{"@type":"WebPage","@id":"https:\/\/emkkft.hu\/adaptiv-innovacio\/","url":"https:\/\/emkkft.hu\/adaptiv-innovacio\/","name":"Adapt\u00edv innov\u00e1ci\u00f3 - \u00c9MK Kft.","isPartOf":{"@id":"https:\/\/emkkft.hu\/#website"},"primaryImageOfPage":{"@id":"https:\/\/emkkft.hu\/adaptiv-innovacio\/#primaryimage"},"image":{"@id":"https:\/\/emkkft.hu\/adaptiv-innovacio\/#primaryimage"},"thumbnailUrl":"https:\/\/emkkft.hu\/wp-content\/uploads\/2023\/06\/infoblokk_large.svg","datePublished":"2023-02-24T07:50:47+00:00","dateModified":"2025-03-21T09:02:31+00:00","description":"T\u00e1rsas\u00e1gunk f\u0151 tev\u00e9kenys\u00e9ge vesz\u00e9lyes hullad\u00e9kok \u00e9get\u00e9ssel t\u00f6rt\u00e9n\u0151 \u00e1rtalmatlan\u00edt\u00e1sa, ipari szennyv\u00edz tiszt\u00edt\u00e1sa \u00e9s kezel\u00e9se.","breadcrumb":{"@id":"https:\/\/emkkft.hu\/adaptiv-innovacio\/#breadcrumb"},"inLanguage":"en-GB","potentialAction":[{"@type":"ReadAction","target":["https:\/\/emkkft.hu\/adaptiv-innovacio\/"]}]},{"@type":"ImageObject","inLanguage":"en-GB","@id":"https:\/\/emkkft.hu\/adaptiv-innovacio\/#primaryimage","url":"https:\/\/emkkft.hu\/wp-content\/uploads\/2023\/06\/infoblokk_large.svg","contentUrl":"https:\/\/emkkft.hu\/wp-content\/uploads\/2023\/06\/infoblokk_large.svg"},{"@type":"BreadcrumbList","@id":"https:\/\/emkkft.hu\/adaptiv-innovacio\/#breadcrumb","itemListElement":[{"@type":"ListItem","position":1,"name":"Kezd\u0151lap","item":"https:\/\/emkkft.hu\/"},{"@type":"ListItem","position":2,"name":"Adapt\u00edv innov\u00e1ci\u00f3"}]},{"@type":"WebSite","@id":"https:\/\/emkkft.hu\/#website","url":"https:\/\/emkkft.hu\/","name":"\u00c9MK Kft. Weboldala","description":"Az \u00c9MK \u00c9szak-Magyarorsz\u00e1gi K\u00f6rnyezetv\u00e9delmi Kft \u00fcdv\u00f6zli \u00f6nt a weboldl\u00e1n!","publisher":{"@id":"https:\/\/emkkft.hu\/#organization"},"potentialAction":[{"@type":"SearchAction","target":{"@type":"EntryPoint","urlTemplate":"https:\/\/emkkft.hu\/?s={search_term_string}"},"query-input":{"@type":"PropertyValueSpecification","valueRequired":true,"valueName":"search_term_string"}}],"inLanguage":"en-GB"},{"@type":"Organization","@id":"https:\/\/emkkft.hu\/#organization","name":"EMK North-Hungary Environment Protection Ltd.","url":"https:\/\/emkkft.hu\/","logo":{"@type":"ImageObject","inLanguage":"en-GB","@id":"https:\/\/emkkft.hu\/#\/schema\/logo\/image\/","url":"https:\/\/emkkft.hu\/wp-content\/uploads\/2023\/01\/emk_logo_web.png","contentUrl":"https:\/\/emkkft.hu\/wp-content\/uploads\/2023\/01\/emk_logo_web.png","width":317,"height":73,"caption":"\u00c9MK \u00c9szak-Magyarorsz\u00e1gi K\u00f6rnyezetv\u00e9delmi Kft."},"image":{"@id":"https:\/\/emkkft.hu\/#\/schema\/logo\/image\/"},"ethicsPolicy":"https:\/\/emkkft.hu\/sutiszabalyzat\/"}]}},"_links":{"self":[{"href":"https:\/\/emkkft.hu\/en\/wp-json\/wp\/v2\/pages\/3929","targetHints":{"allow":["GET"]}}],"collection":[{"href":"https:\/\/emkkft.hu\/en\/wp-json\/wp\/v2\/pages"}],"about":[{"href":"https:\/\/emkkft.hu\/en\/wp-json\/wp\/v2\/types\/page"}],"author":[{"embeddable":true,"href":"https:\/\/emkkft.hu\/en\/wp-json\/wp\/v2\/users\/1"}],"replies":[{"embeddable":true,"href":"https:\/\/emkkft.hu\/en\/wp-json\/wp\/v2\/comments?post=3929"}],"version-history":[{"count":423,"href":"https:\/\/emkkft.hu\/en\/wp-json\/wp\/v2\/pages\/3929\/revisions"}],"predecessor-version":[{"id":19067,"href":"https:\/\/emkkft.hu\/en\/wp-json\/wp\/v2\/pages\/3929\/revisions\/19067"}],"wp:attachment":[{"href":"https:\/\/emkkft.hu\/en\/wp-json\/wp\/v2\/media?parent=3929"}],"curies":[{"name":"wp","href":"https:\/\/api.w.org\/{rel}","templated":true}]}}