{"id":3936,"date":"2023-02-24T08:51:46","date_gmt":"2023-02-24T07:51:46","guid":{"rendered":"https:\/\/emkkft.hu\/?page_id=3936"},"modified":"2025-03-21T10:09:38","modified_gmt":"2025-03-21T09:09:38","slug":"femvisszanyeres","status":"publish","type":"page","link":"https:\/\/emkkft.hu\/en\/femvisszanyeres\/","title":{"rendered":"F\u00e9mvisszanyer\u00e9s"},"content":{"rendered":"<div data-elementor-type=\"wp-page\" data-elementor-id=\"3936\" class=\"elementor elementor-3936\" data-elementor-post-type=\"page\">\n\t\t\t\t<div class=\"elementor-element elementor-element-8cc98ee e-flex e-con-boxed e-con e-parent\" data-id=\"8cc98ee\" data-element_type=\"container\" data-e-type=\"container\" data-settings=\"{&quot;background_background&quot;:&quot;classic&quot;}\">\n\t\t\t\t\t<div class=\"e-con-inner\">\n\t\t<div class=\"elementor-element elementor-element-80688d4 e-con-full e-flex e-con e-child\" data-id=\"80688d4\" data-element_type=\"container\" data-e-type=\"container\">\n\t\t\t\t<div class=\"elementor-element elementor-element-c368599 animated-slow elementor-invisible elementor-widget elementor-widget-heading\" data-id=\"c368599\" data-element_type=\"widget\" data-e-type=\"widget\" data-settings=\"{&quot;_animation&quot;:&quot;fadeInDown&quot;,&quot;_animation_delay&quot;:100}\" data-widget_type=\"heading.default\">\n\t\t\t\t<div class=\"elementor-widget-container\">\n\t\t\t\t\t<h2 class=\"elementor-heading-title elementor-size-default translation-block\">Waste Reduction throughMetal Recovery<\/h2>\t\t\t\t<\/div>\n\t\t\t\t<\/div>\n\t\t\t\t<div class=\"elementor-element elementor-element-956807a elementor-invisible elementor-widget elementor-widget-text-editor\" data-id=\"956807a\" data-element_type=\"widget\" data-e-type=\"widget\" data-settings=\"{&quot;_animation&quot;:&quot;fadeInUp&quot;,&quot;_animation_delay&quot;:0}\" data-widget_type=\"text-editor.default\">\n\t\t\t\t<div class=\"elementor-widget-container\">\n\t\t\t\t\t\t\t\t\t<p>Recovery of ferrous metals from slag generated during the incineration of hazardous waste.<\/p>\t\t\t\t\t\t\t\t<\/div>\n\t\t\t\t<\/div>\n\t\t\t\t<div class=\"elementor-element elementor-element-21651ee elementor-align-center elementor-invisible elementor-widget elementor-widget-button\" data-id=\"21651ee\" data-element_type=\"widget\" data-e-type=\"widget\" data-settings=\"{&quot;_animation&quot;:&quot;zoomIn&quot;,&quot;_animation_delay&quot;:200}\" data-widget_type=\"button.default\">\n\t\t\t\t<div class=\"elementor-widget-container\">\n\t\t\t\t\t\t\t\t\t<div class=\"elementor-button-wrapper\">\n\t\t\t\t\t<a class=\"elementor-button elementor-button-link elementor-size-sm elementor-animation-shrink\" href=\"#sajtokozlemeny\">\n\t\t\t\t\t\t<span class=\"elementor-button-content-wrapper\">\n\t\t\t\t\t\t\t\t\t<span class=\"elementor-button-text\">Learn More<\/span>\n\t\t\t\t\t<\/span>\n\t\t\t\t\t<\/a>\n\t\t\t\t<\/div>\n\t\t\t\t\t\t\t\t<\/div>\n\t\t\t\t<\/div>\n\t\t\t\t<\/div>\n\t\t\t\t\t<\/div>\n\t\t\t\t<\/div>\n\t\t<div class=\"elementor-element elementor-element-6955045 e-flex e-con-boxed e-con e-parent\" data-id=\"6955045\" data-element_type=\"container\" data-e-type=\"container\" data-settings=\"{&quot;background_background&quot;:&quot;classic&quot;}\">\n\t\t\t\t\t<div class=\"e-con-inner\">\n\t\t<div class=\"elementor-element elementor-element-8008be8 e-con-full e-flex e-con e-child\" data-id=\"8008be8\" data-element_type=\"container\" data-e-type=\"container\" data-settings=\"{&quot;background_background&quot;:&quot;classic&quot;}\">\n\t\t\t\t<div class=\"elementor-element elementor-element-fb37e58 elementor-widget elementor-widget-text-editor\" data-id=\"fb37e58\" data-element_type=\"widget\" data-e-type=\"widget\" data-widget_type=\"text-editor.default\">\n\t\t\t\t<div class=\"elementor-widget-container\">\n\t\t\t\t\t\t\t\t\t<p><b>Project ID:<\/b> HU09-0063-A1-2013<\/p><p><b>Start of the investment: <\/b>2015.08.01<\/p><p><b>Planned completion of the investment: <\/b>2016.04.03.<\/p><p><b>Amount of support provided by the Norwegian Financial Mechanism 2009\u20132014: <br \/><\/b>159,004,951 HUF (561,061.93 EUR)<\/p><p><b>Support intensity: <\/b>62,65%<\/p>\t\t\t\t\t\t\t\t<\/div>\n\t\t\t\t<\/div>\n\t\t\t\t<\/div>\n\t\t<div class=\"elementor-element elementor-element-60dff31 e-con-full e-flex e-con e-child\" data-id=\"60dff31\" data-element_type=\"container\" data-e-type=\"container\" data-settings=\"{&quot;background_background&quot;:&quot;classic&quot;}\">\n\t\t\t\t<div class=\"elementor-element elementor-element-cdf4679 elementor-widget elementor-widget-image\" data-id=\"cdf4679\" data-element_type=\"widget\" data-e-type=\"widget\" data-widget_type=\"image.default\">\n\t\t\t\t<div class=\"elementor-widget-container\">\n\t\t\t\t\t\t\t\t\t\t\t\t\t\t\t<img fetchpriority=\"high\" decoding=\"async\" width=\"354\" height=\"169\" src=\"https:\/\/emkkft.hu\/wp-content\/uploads\/2023\/02\/norway_grants.jpg\" class=\"attachment-large size-large wp-image-4102\" alt=\"\" srcset=\"https:\/\/emkkft.hu\/wp-content\/uploads\/2023\/02\/norway_grants.jpg 354w, https:\/\/emkkft.hu\/wp-content\/uploads\/2023\/02\/norway_grants-300x143.jpg 300w\" sizes=\"(max-width: 354px) 100vw, 354px\" \/>\t\t\t\t\t\t\t\t\t\t\t\t\t\t\t<\/div>\n\t\t\t\t<\/div>\n\t\t\t\t<\/div>\n\t\t\t\t\t<\/div>\n\t\t\t\t<\/div>\n\t\t<div class=\"elementor-element elementor-element-5494502 e-flex e-con-boxed e-con e-parent\" data-id=\"5494502\" data-element_type=\"container\" data-e-type=\"container\" id=\"sajtokozlemeny\" data-settings=\"{&quot;background_background&quot;:&quot;classic&quot;}\">\n\t\t\t\t\t<div class=\"e-con-inner\">\n\t\t<div class=\"elementor-element elementor-element-26454f9 e-con-full e-flex e-con e-child\" data-id=\"26454f9\" data-element_type=\"container\" data-e-type=\"container\" data-settings=\"{&quot;background_background&quot;:&quot;classic&quot;}\">\n\t\t\t\t<div class=\"elementor-element elementor-element-eb3c033 elementor-invisible elementor-widget elementor-widget-heading\" data-id=\"eb3c033\" data-element_type=\"widget\" data-e-type=\"widget\" data-settings=\"{&quot;_animation&quot;:&quot;zoomIn&quot;}\" data-widget_type=\"heading.default\">\n\t\t\t\t<div class=\"elementor-widget-container\">\n\t\t\t\t\t<h2 class=\"elementor-heading-title elementor-size-default\"><span style=\"color: #0094c1\">PRESS<\/span> RELEASE<\/h2>\t\t\t\t<\/div>\n\t\t\t\t<\/div>\n\t\t\t\t<div class=\"elementor-element elementor-element-aebb6ac elementor-widget-tablet__width-initial elementor-invisible elementor-widget elementor-widget-text-editor\" data-id=\"aebb6ac\" data-element_type=\"widget\" data-e-type=\"widget\" data-settings=\"{&quot;_animation&quot;:&quot;fadeInUp&quot;,&quot;_animation_delay&quot;:200}\" data-widget_type=\"text-editor.default\">\n\t\t\t\t<div class=\"elementor-widget-container\">\n\t\t\t\t\t\t\t\t\t<p>Saj\u00f3b\u00e1bony, Hungary \u2013 March 3, 2016\n\nIn Saj\u00f3b\u00e1bony\u2019s Chemical Industrial Park, a new investment project is being implemented at \u00c9MK Ltd. with the support of the Norwegian Fund. The project aims to recover ferrous metals from slag remaining after the incineration of hazardous waste, thereby reducing the volume of generated waste. More than 37% of the project costs are financed by the investor from own funds, while the remaining HUF 159,004,951 is provided by the Kingdom of Norway within the framework of the Norwegian Financial Mechanism 2009\u20132014.<\/p><p>Founded in 2000, \u00c9MK Northern Hungary Environmental Protection Ltd. is one of Hungary\u2019s leading environmental companies. Its core activities include hazardous waste disposal and wastewater treatment. The company collects, transports, pre-treats, and disposes of both hazardous and non-hazardous waste in accordance with its valid permits. During hazardous waste incineration, depending on the type of waste, 2\u201330% slag is generated, which is also classified as hazardous and is typically deposited in hazardous waste landfills. However, this slag contains a significant amount of ferrous metal, which is not considered hazardous waste and is suitable for recycling.\n\nLaunched in November 2014, the project aims to develop and implement a technology at \u00c9MK Ltd. for the recovery of ferrous metals previously not utilized. With the introduction of this technology, less slag will be deposited in the company\u2019s landfill, thereby extending its lifespan and reducing environmental burden. Thanks to the newly acquired equipment, the transportation of the resulting waste will require only one-third of the previous truck mileage, further reducing pollutant emissions. The sale of the recovered ferrous metal will improve the company\u2019s efficiency, enhance its financial stability and job retention capabilities\u2014all while reducing \u00c9MK Ltd.\u2019s environmental impact, contributing directly and indirectly to improving the quality of life of local residents.<\/p>\t\t\t\t\t\t\t\t<\/div>\n\t\t\t\t<\/div>\n\t\t\t\t<\/div>\n\t\t\t\t\t<\/div>\n\t\t\t\t<\/div>\n\t\t<div class=\"elementor-element elementor-element-e2313c7 e-flex e-con-boxed e-con e-parent\" data-id=\"e2313c7\" data-element_type=\"container\" data-e-type=\"container\" data-settings=\"{&quot;background_background&quot;:&quot;classic&quot;}\">\n\t\t\t\t\t<div class=\"e-con-inner\">\n\t\t<div class=\"elementor-element elementor-element-3652819 e-con-full e-flex e-con e-child\" data-id=\"3652819\" data-element_type=\"container\" data-e-type=\"container\" data-settings=\"{&quot;background_background&quot;:&quot;classic&quot;}\">\n\t\t\t\t<div class=\"elementor-element elementor-element-5298cf0 elementor-align-center elementor-invisible elementor-widget elementor-widget-button\" data-id=\"5298cf0\" data-element_type=\"widget\" data-e-type=\"widget\" data-settings=\"{&quot;_animation&quot;:&quot;zoomIn&quot;,&quot;_animation_delay&quot;:400}\" data-widget_type=\"button.default\">\n\t\t\t\t<div class=\"elementor-widget-container\">\n\t\t\t\t\t\t\t\t\t<div class=\"elementor-button-wrapper\">\n\t\t\t\t\t<a class=\"elementor-button elementor-button-link elementor-size-sm elementor-animation-shrink\" href=\"https:\/\/emkkft.hu\/en\/Palyazatok\/\">\n\t\t\t\t\t\t<span class=\"elementor-button-content-wrapper\">\n\t\t\t\t\t\t\t\t\t<span class=\"elementor-button-text\">Applications<\/span>\n\t\t\t\t\t<\/span>\n\t\t\t\t\t<\/a>\n\t\t\t\t<\/div>\n\t\t\t\t\t\t\t\t<\/div>\n\t\t\t\t<\/div>\n\t\t\t\t<\/div>\n\t\t<div class=\"elementor-element elementor-element-0386a2c e-con-full e-flex e-con e-child\" data-id=\"0386a2c\" data-element_type=\"container\" data-e-type=\"container\" data-settings=\"{&quot;background_background&quot;:&quot;classic&quot;}\">\n\t\t\t\t<div class=\"elementor-element elementor-element-3160c4c elementor-align-center elementor-invisible elementor-widget elementor-widget-button\" data-id=\"3160c4c\" data-element_type=\"widget\" data-e-type=\"widget\" data-settings=\"{&quot;_animation&quot;:&quot;zoomIn&quot;,&quot;_animation_delay&quot;:600}\" data-widget_type=\"button.default\">\n\t\t\t\t<div class=\"elementor-widget-container\">\n\t\t\t\t\t\t\t\t\t<div class=\"elementor-button-wrapper\">\n\t\t\t\t\t<a class=\"elementor-button elementor-button-link elementor-size-sm elementor-animation-shrink\" href=\"https:\/\/emkkft.hu\/en\/szechenyi-2020\/\">\n\t\t\t\t\t\t<span class=\"elementor-button-content-wrapper\">\n\t\t\t\t\t\t\t\t\t<span class=\"elementor-button-text\">Sz\u00e9chenyi 2020<\/span>\n\t\t\t\t\t<\/span>\n\t\t\t\t\t<\/a>\n\t\t\t\t<\/div>\n\t\t\t\t\t\t\t\t<\/div>\n\t\t\t\t<\/div>\n\t\t\t\t<\/div>\n\t\t\t\t\t<\/div>\n\t\t\t\t<\/div>\n\t\t<div class=\"elementor-element elementor-element-76e5920 e-flex e-con-boxed e-con e-parent\" data-id=\"76e5920\" data-element_type=\"container\" data-e-type=\"container\" data-settings=\"{&quot;background_background&quot;:&quot;classic&quot;}\">\n\t\t\t\t\t<div class=\"e-con-inner\">\n\t\t<div class=\"elementor-element elementor-element-1c9b185 e-con-full e-flex e-con e-child\" data-id=\"1c9b185\" data-element_type=\"container\" data-e-type=\"container\" data-settings=\"{&quot;background_background&quot;:&quot;classic&quot;}\">\n\t\t\t\t<div class=\"elementor-element elementor-element-67da541 elementor-align-center elementor-widget elementor-widget-button\" data-id=\"67da541\" data-element_type=\"widget\" data-e-type=\"widget\" data-widget_type=\"button.default\">\n\t\t\t\t<div class=\"elementor-widget-container\">\n\t\t\t\t\t\t\t\t\t<div class=\"elementor-button-wrapper\">\n\t\t\t\t\t<a class=\"elementor-button elementor-button-link elementor-size-sm elementor-animation-shrink\" href=\"http:\/\/emkkft.hu\/en\/fooldal\/\">\n\t\t\t\t\t\t<span class=\"elementor-button-content-wrapper\">\n\t\t\t\t\t\t\t\t\t<span class=\"elementor-button-text\">Return to Homepage<\/span>\n\t\t\t\t\t<\/span>\n\t\t\t\t\t<\/a>\n\t\t\t\t<\/div>\n\t\t\t\t\t\t\t\t<\/div>\n\t\t\t\t<\/div>\n\t\t\t\t<\/div>\n\t\t\t\t\t<\/div>\n\t\t\t\t<\/div>\n\t\t\t\t<\/div>","protected":false},"excerpt":{"rendered":"<p>Hullad\u00e9kcs\u00f6kkent\u00e9s f\u00e9mvisszanyer\u00e9ssel Vesz\u00e9lyes hullad\u00e9kok \u00e9get\u00e9ssel t\u00f6rt\u00e9n\u0151 \u00e1rtalmatlan\u00edt\u00e1sa ut\u00e1n visszamaradt salakb\u00f3l t\u00f6rt\u00e9n\u0151 vasf\u00e9m visszanyer\u00e9s megval\u00f3s\u00edt\u00e1sa. Tudj meg t\u00f6bbet Projekt azonos\u00edt\u00f3 sz\u00e1ma: HU09-0063-A1-2013 Beruh\u00e1z\u00e1s kezdete: 2015.08.01 Beruh\u00e1z\u00e1s tervezett befejez\u00e9se: 2016.04.03. Norv\u00e9g Finansz\u00edroz\u00e1si Mechanizmus 2009-2014 \u00e1ltal ny\u00fajtott t\u00e1mogat\u00e1s \u00f6sszege: 159 004 951 Ft (561 061,93 \u20ac) T\u00e1mogat\u00e1s intenzit\u00e1sa: 62,65% Sajt\u00f3k\u00f6zlem\u00e9ny Sajo\u0301ba\u0301bony, Magyarorsza\u0301g, 2016. ma\u0301rcius 3. Magyarorsza\u0301gon a Sajo\u0301ba\u0301bonyi [&hellip;]<\/p>\n","protected":false},"author":1,"featured_media":0,"parent":0,"menu_order":0,"comment_status":"closed","ping_status":"closed","template":"elementor_header_footer","meta":{"footnotes":""},"class_list":["post-3936","page","type-page","status-publish","hentry"],"yoast_head":"<!-- This site is optimized with the Yoast SEO Premium plugin v27.4 (Yoast SEO v27.4) - https:\/\/yoast.com\/product\/yoast-seo-premium-wordpress\/ -->\n<title>F\u00e9mvisszanyer\u00e9s - \u00c9MK Kft.<\/title>\n<meta name=\"robots\" content=\"index, follow, max-snippet:-1, max-image-preview:large, max-video-preview:-1\" \/>\n<link rel=\"canonical\" href=\"https:\/\/emkkft.hu\/en\/femvisszanyeres\/\" \/>\n<meta property=\"og:locale\" content=\"en_GB\" \/>\n<meta property=\"og:type\" content=\"article\" \/>\n<meta property=\"og:title\" content=\"F\u00e9mvisszanyer\u00e9s\" \/>\n<meta property=\"og:description\" content=\"Hullad\u00e9kcs\u00f6kkent\u00e9s f\u00e9mvisszanyer\u00e9ssel Vesz\u00e9lyes hullad\u00e9kok \u00e9get\u00e9ssel t\u00f6rt\u00e9n\u0151 \u00e1rtalmatlan\u00edt\u00e1sa ut\u00e1n visszamaradt salakb\u00f3l t\u00f6rt\u00e9n\u0151 vasf\u00e9m visszanyer\u00e9s megval\u00f3s\u00edt\u00e1sa. Tudj meg t\u00f6bbet Projekt azonos\u00edt\u00f3 sz\u00e1ma: HU09-0063-A1-2013 Beruh\u00e1z\u00e1s kezdete: 2015.08.01 Beruh\u00e1z\u00e1s tervezett befejez\u00e9se: 2016.04.03. Norv\u00e9g Finansz\u00edroz\u00e1si Mechanizmus 2009-2014 \u00e1ltal ny\u00fajtott t\u00e1mogat\u00e1s \u00f6sszege: 159 004 951 Ft (561 061,93 \u20ac) T\u00e1mogat\u00e1s intenzit\u00e1sa: 62,65% Sajt\u00f3k\u00f6zlem\u00e9ny Sajo\u0301ba\u0301bony, Magyarorsza\u0301g, 2016. ma\u0301rcius 3. Magyarorsza\u0301gon a Sajo\u0301ba\u0301bonyi [&hellip;]\" \/>\n<meta property=\"og:url\" content=\"https:\/\/emkkft.hu\/en\/femvisszanyeres\/\" \/>\n<meta property=\"og:site_name\" content=\"\u00c9MK Kft.\" \/>\n<meta property=\"article:modified_time\" content=\"2025-03-21T09:09:38+00:00\" \/>\n<meta property=\"og:image\" content=\"https:\/\/emkkft.hu\/wp-content\/uploads\/2023\/02\/norway_grants.jpg\" \/>\n\t<meta property=\"og:image:width\" content=\"354\" \/>\n\t<meta property=\"og:image:height\" content=\"169\" \/>\n\t<meta property=\"og:image:type\" content=\"image\/jpeg\" \/>\n<meta name=\"twitter:card\" content=\"summary_large_image\" \/>\n<meta name=\"twitter:label1\" content=\"Estimated reading time\" \/>\n\t<meta name=\"twitter:data1\" content=\"2 minutes\" \/>\n<script type=\"application\/ld+json\" class=\"yoast-schema-graph\">{\"@context\":\"https:\\\/\\\/schema.org\",\"@graph\":[{\"@type\":\"WebPage\",\"@id\":\"https:\\\/\\\/emkkft.hu\\\/femvisszanyeres\\\/\",\"url\":\"https:\\\/\\\/emkkft.hu\\\/femvisszanyeres\\\/\",\"name\":\"F\u00e9mvisszanyer\u00e9s - \u00c9MK Kft.\",\"isPartOf\":{\"@id\":\"https:\\\/\\\/emkkft.hu\\\/#website\"},\"primaryImageOfPage\":{\"@id\":\"https:\\\/\\\/emkkft.hu\\\/femvisszanyeres\\\/#primaryimage\"},\"image\":{\"@id\":\"https:\\\/\\\/emkkft.hu\\\/femvisszanyeres\\\/#primaryimage\"},\"thumbnailUrl\":\"https:\\\/\\\/emkkft.hu\\\/wp-content\\\/uploads\\\/2023\\\/02\\\/norway_grants.jpg\",\"datePublished\":\"2023-02-24T07:51:46+00:00\",\"dateModified\":\"2025-03-21T09:09:38+00:00\",\"breadcrumb\":{\"@id\":\"https:\\\/\\\/emkkft.hu\\\/femvisszanyeres\\\/#breadcrumb\"},\"inLanguage\":\"en-GB\",\"potentialAction\":[{\"@type\":\"ReadAction\",\"target\":[\"https:\\\/\\\/emkkft.hu\\\/femvisszanyeres\\\/\"]}]},{\"@type\":\"ImageObject\",\"inLanguage\":\"en-GB\",\"@id\":\"https:\\\/\\\/emkkft.hu\\\/femvisszanyeres\\\/#primaryimage\",\"url\":\"https:\\\/\\\/emkkft.hu\\\/wp-content\\\/uploads\\\/2023\\\/02\\\/norway_grants.jpg\",\"contentUrl\":\"https:\\\/\\\/emkkft.hu\\\/wp-content\\\/uploads\\\/2023\\\/02\\\/norway_grants.jpg\"},{\"@type\":\"BreadcrumbList\",\"@id\":\"https:\\\/\\\/emkkft.hu\\\/femvisszanyeres\\\/#breadcrumb\",\"itemListElement\":[{\"@type\":\"ListItem\",\"position\":1,\"name\":\"Kezd\u0151lap\",\"item\":\"https:\\\/\\\/emkkft.hu\\\/\"},{\"@type\":\"ListItem\",\"position\":2,\"name\":\"F\u00e9mvisszanyer\u00e9s\"}]},{\"@type\":\"WebSite\",\"@id\":\"https:\\\/\\\/emkkft.hu\\\/#website\",\"url\":\"https:\\\/\\\/emkkft.hu\\\/\",\"name\":\"\u00c9MK Kft. Weboldala\",\"description\":\"Az \u00c9MK \u00c9szak-Magyarorsz\u00e1gi K\u00f6rnyezetv\u00e9delmi Kft \u00fcdv\u00f6zli \u00f6nt a weboldl\u00e1n!\",\"publisher\":{\"@id\":\"https:\\\/\\\/emkkft.hu\\\/#organization\"},\"potentialAction\":[{\"@type\":\"SearchAction\",\"target\":{\"@type\":\"EntryPoint\",\"urlTemplate\":\"https:\\\/\\\/emkkft.hu\\\/?s={search_term_string}\"},\"query-input\":{\"@type\":\"PropertyValueSpecification\",\"valueRequired\":true,\"valueName\":\"search_term_string\"}}],\"inLanguage\":\"en-GB\"},{\"@type\":\"Organization\",\"@id\":\"https:\\\/\\\/emkkft.hu\\\/#organization\",\"name\":\"\u00c9MK \u00c9szak-Magyarorsz\u00e1gi K\u00f6rnyezetv\u00e9delmi Kft.\",\"url\":\"https:\\\/\\\/emkkft.hu\\\/\",\"logo\":{\"@type\":\"ImageObject\",\"inLanguage\":\"en-GB\",\"@id\":\"https:\\\/\\\/emkkft.hu\\\/#\\\/schema\\\/logo\\\/image\\\/\",\"url\":\"https:\\\/\\\/emkkft.hu\\\/wp-content\\\/uploads\\\/2023\\\/01\\\/emk_logo_web.png\",\"contentUrl\":\"https:\\\/\\\/emkkft.hu\\\/wp-content\\\/uploads\\\/2023\\\/01\\\/emk_logo_web.png\",\"width\":317,\"height\":73,\"caption\":\"\u00c9MK \u00c9szak-Magyarorsz\u00e1gi K\u00f6rnyezetv\u00e9delmi Kft.\"},\"image\":{\"@id\":\"https:\\\/\\\/emkkft.hu\\\/#\\\/schema\\\/logo\\\/image\\\/\"},\"ethicsPolicy\":\"https:\\\/\\\/emkkft.hu\\\/sutiszabalyzat\\\/\"}]}<\/script>\n<!-- \/ Yoast SEO Premium plugin. -->","yoast_head_json":{"title":"F\u00e9mvisszanyer\u00e9s - \u00c9MK Kft.","robots":{"index":"index","follow":"follow","max-snippet":"max-snippet:-1","max-image-preview":"max-image-preview:large","max-video-preview":"max-video-preview:-1"},"canonical":"https:\/\/emkkft.hu\/en\/femvisszanyeres\/","og_locale":"en_GB","og_type":"article","og_title":"F\u00e9mvisszanyer\u00e9s","og_description":"Hullad\u00e9kcs\u00f6kkent\u00e9s f\u00e9mvisszanyer\u00e9ssel Vesz\u00e9lyes hullad\u00e9kok \u00e9get\u00e9ssel t\u00f6rt\u00e9n\u0151 \u00e1rtalmatlan\u00edt\u00e1sa ut\u00e1n visszamaradt salakb\u00f3l t\u00f6rt\u00e9n\u0151 vasf\u00e9m visszanyer\u00e9s megval\u00f3s\u00edt\u00e1sa. Tudj meg t\u00f6bbet Projekt azonos\u00edt\u00f3 sz\u00e1ma: HU09-0063-A1-2013 Beruh\u00e1z\u00e1s kezdete: 2015.08.01 Beruh\u00e1z\u00e1s tervezett befejez\u00e9se: 2016.04.03. Norv\u00e9g Finansz\u00edroz\u00e1si Mechanizmus 2009-2014 \u00e1ltal ny\u00fajtott t\u00e1mogat\u00e1s \u00f6sszege: 159 004 951 Ft (561 061,93 \u20ac) T\u00e1mogat\u00e1s intenzit\u00e1sa: 62,65% Sajt\u00f3k\u00f6zlem\u00e9ny Sajo\u0301ba\u0301bony, Magyarorsza\u0301g, 2016. ma\u0301rcius 3. Magyarorsza\u0301gon a Sajo\u0301ba\u0301bonyi [&hellip;]","og_url":"https:\/\/emkkft.hu\/en\/femvisszanyeres\/","og_site_name":"\u00c9MK Kft.","article_modified_time":"2025-03-21T09:09:38+00:00","og_image":[{"width":354,"height":169,"url":"https:\/\/emkkft.hu\/wp-content\/uploads\/2023\/02\/norway_grants.jpg","type":"image\/jpeg"}],"twitter_card":"summary_large_image","twitter_misc":{"Estimated reading time":"2 minutes"},"schema":{"@context":"https:\/\/schema.org","@graph":[{"@type":"WebPage","@id":"https:\/\/emkkft.hu\/femvisszanyeres\/","url":"https:\/\/emkkft.hu\/femvisszanyeres\/","name":"F\u00e9mvisszanyer\u00e9s - \u00c9MK Kft.","isPartOf":{"@id":"https:\/\/emkkft.hu\/#website"},"primaryImageOfPage":{"@id":"https:\/\/emkkft.hu\/femvisszanyeres\/#primaryimage"},"image":{"@id":"https:\/\/emkkft.hu\/femvisszanyeres\/#primaryimage"},"thumbnailUrl":"https:\/\/emkkft.hu\/wp-content\/uploads\/2023\/02\/norway_grants.jpg","datePublished":"2023-02-24T07:51:46+00:00","dateModified":"2025-03-21T09:09:38+00:00","breadcrumb":{"@id":"https:\/\/emkkft.hu\/femvisszanyeres\/#breadcrumb"},"inLanguage":"en-GB","potentialAction":[{"@type":"ReadAction","target":["https:\/\/emkkft.hu\/femvisszanyeres\/"]}]},{"@type":"ImageObject","inLanguage":"en-GB","@id":"https:\/\/emkkft.hu\/femvisszanyeres\/#primaryimage","url":"https:\/\/emkkft.hu\/wp-content\/uploads\/2023\/02\/norway_grants.jpg","contentUrl":"https:\/\/emkkft.hu\/wp-content\/uploads\/2023\/02\/norway_grants.jpg"},{"@type":"BreadcrumbList","@id":"https:\/\/emkkft.hu\/femvisszanyeres\/#breadcrumb","itemListElement":[{"@type":"ListItem","position":1,"name":"Kezd\u0151lap","item":"https:\/\/emkkft.hu\/"},{"@type":"ListItem","position":2,"name":"F\u00e9mvisszanyer\u00e9s"}]},{"@type":"WebSite","@id":"https:\/\/emkkft.hu\/#website","url":"https:\/\/emkkft.hu\/","name":"\u00c9MK Kft. Weboldala","description":"Az \u00c9MK \u00c9szak-Magyarorsz\u00e1gi K\u00f6rnyezetv\u00e9delmi Kft \u00fcdv\u00f6zli \u00f6nt a weboldl\u00e1n!","publisher":{"@id":"https:\/\/emkkft.hu\/#organization"},"potentialAction":[{"@type":"SearchAction","target":{"@type":"EntryPoint","urlTemplate":"https:\/\/emkkft.hu\/?s={search_term_string}"},"query-input":{"@type":"PropertyValueSpecification","valueRequired":true,"valueName":"search_term_string"}}],"inLanguage":"en-GB"},{"@type":"Organization","@id":"https:\/\/emkkft.hu\/#organization","name":"EMK North-Hungary Environment Protection Ltd.","url":"https:\/\/emkkft.hu\/","logo":{"@type":"ImageObject","inLanguage":"en-GB","@id":"https:\/\/emkkft.hu\/#\/schema\/logo\/image\/","url":"https:\/\/emkkft.hu\/wp-content\/uploads\/2023\/01\/emk_logo_web.png","contentUrl":"https:\/\/emkkft.hu\/wp-content\/uploads\/2023\/01\/emk_logo_web.png","width":317,"height":73,"caption":"\u00c9MK \u00c9szak-Magyarorsz\u00e1gi K\u00f6rnyezetv\u00e9delmi Kft."},"image":{"@id":"https:\/\/emkkft.hu\/#\/schema\/logo\/image\/"},"ethicsPolicy":"https:\/\/emkkft.hu\/sutiszabalyzat\/"}]}},"_links":{"self":[{"href":"https:\/\/emkkft.hu\/en\/wp-json\/wp\/v2\/pages\/3936","targetHints":{"allow":["GET"]}}],"collection":[{"href":"https:\/\/emkkft.hu\/en\/wp-json\/wp\/v2\/pages"}],"about":[{"href":"https:\/\/emkkft.hu\/en\/wp-json\/wp\/v2\/types\/page"}],"author":[{"embeddable":true,"href":"https:\/\/emkkft.hu\/en\/wp-json\/wp\/v2\/users\/1"}],"replies":[{"embeddable":true,"href":"https:\/\/emkkft.hu\/en\/wp-json\/wp\/v2\/comments?post=3936"}],"version-history":[{"count":229,"href":"https:\/\/emkkft.hu\/en\/wp-json\/wp\/v2\/pages\/3936\/revisions"}],"predecessor-version":[{"id":19079,"href":"https:\/\/emkkft.hu\/en\/wp-json\/wp\/v2\/pages\/3936\/revisions\/19079"}],"wp:attachment":[{"href":"https:\/\/emkkft.hu\/en\/wp-json\/wp\/v2\/media?parent=3936"}],"curies":[{"name":"wp","href":"https:\/\/api.w.org\/{rel}","templated":true}]}}