{"id":85,"date":"2022-11-23T10:15:53","date_gmt":"2022-11-23T09:15:53","guid":{"rendered":"https:\/\/emkkft.hu\/?page_id=85"},"modified":"2025-03-21T11:14:43","modified_gmt":"2025-03-21T10:14:43","slug":"palyazatok","status":"publish","type":"page","link":"https:\/\/emkkft.hu\/en\/palyazatok\/","title":{"rendered":"Applications"},"content":{"rendered":"<div data-elementor-type=\"wp-page\" data-elementor-id=\"85\" class=\"elementor elementor-85\" data-elementor-post-type=\"page\">\n\t\t\t\t<div class=\"elementor-element elementor-element-3222aa7 e-flex e-con-boxed e-con e-parent\" data-id=\"3222aa7\" data-element_type=\"container\" data-e-type=\"container\" data-settings=\"{&quot;background_background&quot;:&quot;classic&quot;}\">\n\t\t\t\t\t<div class=\"e-con-inner\">\n\t\t<div class=\"elementor-element elementor-element-4ade01c e-con-full e-flex e-con e-child\" data-id=\"4ade01c\" data-element_type=\"container\" data-e-type=\"container\">\n\t\t\t\t<div class=\"elementor-element elementor-element-fc68090 elementor-widget elementor-widget-heading\" data-id=\"fc68090\" data-element_type=\"widget\" data-e-type=\"widget\" data-widget_type=\"heading.default\">\n\t\t\t\t<div class=\"elementor-widget-container\">\n\t\t\t\t\t<h2 class=\"elementor-heading-title elementor-size-default\">APPLICATIONS<\/h2>\t\t\t\t<\/div>\n\t\t\t\t<\/div>\n\t\t\t\t<div class=\"elementor-element elementor-element-36e1330 elementor-widget-tablet__width-initial elementor-widget__width-initial elementor-widget elementor-widget-text-editor\" data-id=\"36e1330\" data-element_type=\"widget\" data-e-type=\"widget\" data-widget_type=\"text-editor.default\">\n\t\t\t\t<div class=\"elementor-widget-container\">\n\t\t\t\t\t\t\t\t\t<p>By taking advantage of EU funding opportunities, we effectively utilize available resources to enhance our competitiveness, foster long-term economic growth, and ensure sustainable development and operational stability through continuous innovation.<\/p>\t\t\t\t\t\t\t\t<\/div>\n\t\t\t\t<\/div>\n\t\t\t\t<\/div>\n\t\t\t\t\t<\/div>\n\t\t\t\t<\/div>\n\t\t<div class=\"elementor-element elementor-element-c346c8d e-flex e-con-boxed e-con e-parent\" data-id=\"c346c8d\" data-element_type=\"container\" data-e-type=\"container\" data-settings=\"{&quot;background_background&quot;:&quot;classic&quot;}\">\n\t\t\t\t\t<div class=\"e-con-inner\">\n\t\t<div class=\"elementor-element elementor-element-555496e e-con-full elementor-hidden-desktop elementor-hidden-laptop e-flex e-con e-child\" data-id=\"555496e\" data-element_type=\"container\" data-e-type=\"container\" data-settings=\"{&quot;background_background&quot;:&quot;classic&quot;}\">\n\t\t\t\t<div class=\"elementor-element elementor-element-6bc439f elementor-widget-divider--view-line_icon animated-slow elementor-view-default elementor-widget-divider--element-align-center elementor-invisible elementor-widget elementor-widget-divider\" data-id=\"6bc439f\" data-element_type=\"widget\" data-e-type=\"widget\" data-settings=\"{&quot;_animation&quot;:&quot;zoomIn&quot;,&quot;_animation_delay&quot;:200}\" data-widget_type=\"divider.default\">\n\t\t\t\t<div class=\"elementor-widget-container\">\n\t\t\t\t\t\t\t<div class=\"elementor-divider\">\n\t\t\t<span class=\"elementor-divider-separator\">\n\t\t\t\t\t\t\t<div class=\"elementor-icon elementor-divider__element\">\n\t\t\t\t\t<i aria-hidden=\"true\" class=\"fas fa-book-open\"><\/i><\/div>\n\t\t\t\t\t\t<\/span>\n\t\t<\/div>\n\t\t\t\t\t\t<\/div>\n\t\t\t\t<\/div>\n\t\t\t\t<\/div>\n\t\t\t\t\t<\/div>\n\t\t\t\t<\/div>\n\t\t<div class=\"elementor-element elementor-element-1772a0f e-flex e-con-boxed e-con e-parent\" data-id=\"1772a0f\" data-element_type=\"container\" data-e-type=\"container\">\n\t\t\t\t\t<div class=\"e-con-inner\">\n\t\t<div class=\"elementor-element elementor-element-1725bd5 e-con-full e-flex e-con e-child\" data-id=\"1725bd5\" data-element_type=\"container\" data-e-type=\"container\" data-settings=\"{&quot;background_background&quot;:&quot;classic&quot;}\">\n\t\t<div class=\"elementor-element elementor-element-b4bb996 e-con-full e-flex e-con e-child\" data-id=\"b4bb996\" data-element_type=\"container\" data-e-type=\"container\" data-settings=\"{&quot;background_background&quot;:&quot;classic&quot;}\">\n\t\t<div class=\"elementor-element elementor-element-3e9c8f3 e-con-full e-flex elementor-invisible e-con e-child\" data-id=\"3e9c8f3\" data-element_type=\"container\" data-e-type=\"container\" data-settings=\"{&quot;background_background&quot;:&quot;classic&quot;,&quot;animation&quot;:&quot;fadeInUp&quot;}\">\n\t\t\t\t<div class=\"elementor-element elementor-element-20066f5 elementor-position-top elementor-position-top elementor-widget elementor-widget-image-box\" data-id=\"20066f5\" data-element_type=\"widget\" data-e-type=\"widget\" data-widget_type=\"image-box.default\">\n\t\t\t\t<div class=\"elementor-widget-container\">\n\t\t\t\t\t<div class=\"elementor-image-box-wrapper\"><figure class=\"elementor-image-box-img\"><a href=\"https:\/\/emkkft.hu\/en\/femvisszanyeres\/\" tabindex=\"-1\"><img fetchpriority=\"high\" decoding=\"async\" width=\"912\" height=\"516\" src=\"https:\/\/emkkft.hu\/wp-content\/uploads\/2023\/03\/03-gigapixel-low_res-scale-0_50x.png\" class=\"elementor-animation-sink attachment-full size-full wp-image-6322\" alt=\"EMK_KFT_egeto\" srcset=\"https:\/\/emkkft.hu\/wp-content\/uploads\/2023\/03\/03-gigapixel-low_res-scale-0_50x.png 912w, https:\/\/emkkft.hu\/wp-content\/uploads\/2023\/03\/03-gigapixel-low_res-scale-0_50x-300x170.png 300w, https:\/\/emkkft.hu\/wp-content\/uploads\/2023\/03\/03-gigapixel-low_res-scale-0_50x-768x435.png 768w\" sizes=\"(max-width: 912px) 100vw, 912px\" \/><\/a><\/figure><div class=\"elementor-image-box-content\"><h3 class=\"elementor-image-box-title translation-block\">Waste Reduction throughMetal Recovery<\/h3><p class=\"elementor-image-box-description\">Saj\u00f3b\u00e1bony, Hungary, March 3, 2016\nIn Hungary, at the Saj\u00f3b\u00e1bony Chemical Industrial Park, \u00c9MK Ltd. is implementing an investment project supported by the Norway Grants. The project aims to recover ferrous metals from the slag generated during the incineration of hazardous waste, thereby reducing the amount of resulting waste. More than 37% of the project cost is financed by the investor\u2019s own funds, while the remaining HUF 159,004,951 is provided by the Kingdom of Norway through the Norwegian Financial Mechanism 2009\u20132014.<\/p><\/div><\/div>\t\t\t\t<\/div>\n\t\t\t\t<\/div>\n\t\t\t\t<div class=\"elementor-element elementor-element-62692ef elementor-align-center elementor-tablet-align-center elementor-mobile-align-center elementor-invisible elementor-widget elementor-widget-button\" data-id=\"62692ef\" data-element_type=\"widget\" data-e-type=\"widget\" data-settings=\"{&quot;_animation&quot;:&quot;zoomIn&quot;,&quot;_animation_delay&quot;:0}\" data-widget_type=\"button.default\">\n\t\t\t\t<div class=\"elementor-widget-container\">\n\t\t\t\t\t\t\t\t\t<div class=\"elementor-button-wrapper\">\n\t\t\t\t\t<a class=\"elementor-button elementor-button-link elementor-size-sm elementor-animation-shrink\" href=\"https:\/\/emkkft.hu\/en\/femvisszanyeres\/\">\n\t\t\t\t\t\t<span class=\"elementor-button-content-wrapper\">\n\t\t\t\t\t\t\t\t\t<span class=\"elementor-button-text\">Details<\/span>\n\t\t\t\t\t<\/span>\n\t\t\t\t\t<\/a>\n\t\t\t\t<\/div>\n\t\t\t\t\t\t\t\t<\/div>\n\t\t\t\t<\/div>\n\t\t\t\t<\/div>\n\t\t<div class=\"elementor-element elementor-element-59ebd83 e-con-full e-flex elementor-invisible e-con e-child\" data-id=\"59ebd83\" data-element_type=\"container\" data-e-type=\"container\" data-settings=\"{&quot;background_background&quot;:&quot;classic&quot;,&quot;animation&quot;:&quot;fadeInUp&quot;,&quot;animation_delay&quot;:400}\">\n\t\t\t\t<div class=\"elementor-element elementor-element-bb9bef0 elementor-position-top elementor-widget elementor-widget-image-box\" data-id=\"bb9bef0\" data-element_type=\"widget\" data-e-type=\"widget\" data-widget_type=\"image-box.default\">\n\t\t\t\t<div class=\"elementor-widget-container\">\n\t\t\t\t\t<div class=\"elementor-image-box-wrapper\"><figure class=\"elementor-image-box-img\"><a href=\"https:\/\/emkkft.hu\/en\/adaptiv-innovacio\/\" tabindex=\"-1\"><img decoding=\"async\" width=\"800\" height=\"450\" src=\"https:\/\/emkkft.hu\/wp-content\/uploads\/2023\/06\/pexels-pixabay-159397-1024x576.jpg\" class=\"elementor-animation-sink attachment-large size-large wp-image-8353\" alt=\"napelem\" srcset=\"https:\/\/emkkft.hu\/wp-content\/uploads\/2023\/06\/pexels-pixabay-159397-1024x576.jpg 1024w, https:\/\/emkkft.hu\/wp-content\/uploads\/2023\/06\/pexels-pixabay-159397-300x169.jpg 300w, https:\/\/emkkft.hu\/wp-content\/uploads\/2023\/06\/pexels-pixabay-159397-768x432.jpg 768w, https:\/\/emkkft.hu\/wp-content\/uploads\/2023\/06\/pexels-pixabay-159397-1536x864.jpg 1536w, https:\/\/emkkft.hu\/wp-content\/uploads\/2023\/06\/pexels-pixabay-159397.jpg 1920w\" sizes=\"(max-width: 800px) 100vw, 800px\" \/><\/a><\/figure><div class=\"elementor-image-box-content\"><h3 class=\"elementor-image-box-title translation-block\">Enhancing Our Competitiveness <span style=\"color: #0094C1\">Through  Adaptive<\/span> Technological Innovation<\/h3><p class=\"elementor-image-box-description\">At present, there is no satisfactory treatment method in Hungary\u2014or, to our knowledge, in the surrounding region\u2014that can process spent catalyst waste from the automotive and chemical industries in an environmentally friendly way, while simultaneously generating value by returning usable raw materials to the economy. We aim to seize the opportunity inherent in this gap and develop a technology that can be implemented in an industrial environment to meet this need.<\/p><\/div><\/div>\t\t\t\t<\/div>\n\t\t\t\t<\/div>\n\t\t\t\t<div class=\"elementor-element elementor-element-6b74cf1 elementor-align-center elementor-tablet-align-center elementor-mobile-align-center elementor-invisible elementor-widget elementor-widget-button\" data-id=\"6b74cf1\" data-element_type=\"widget\" data-e-type=\"widget\" data-settings=\"{&quot;_animation&quot;:&quot;zoomIn&quot;,&quot;_animation_delay&quot;:0}\" data-widget_type=\"button.default\">\n\t\t\t\t<div class=\"elementor-widget-container\">\n\t\t\t\t\t\t\t\t\t<div class=\"elementor-button-wrapper\">\n\t\t\t\t\t<a class=\"elementor-button elementor-button-link elementor-size-sm elementor-animation-shrink\" href=\"https:\/\/emkkft.hu\/en\/adaptiv-innovacio\/\">\n\t\t\t\t\t\t<span class=\"elementor-button-content-wrapper\">\n\t\t\t\t\t\t\t\t\t<span class=\"elementor-button-text\">Details<\/span>\n\t\t\t\t\t<\/span>\n\t\t\t\t\t<\/a>\n\t\t\t\t<\/div>\n\t\t\t\t\t\t\t\t<\/div>\n\t\t\t\t<\/div>\n\t\t\t\t<\/div>\n\t\t<div class=\"elementor-element elementor-element-c5db090 e-con-full e-flex elementor-invisible e-con e-child\" data-id=\"c5db090\" data-element_type=\"container\" data-e-type=\"container\" data-settings=\"{&quot;background_background&quot;:&quot;classic&quot;,&quot;animation&quot;:&quot;fadeInUp&quot;,&quot;animation_delay&quot;:800}\">\n\t\t\t\t<div class=\"elementor-element elementor-element-f8b333f elementor-position-top elementor-widget elementor-widget-image-box\" data-id=\"f8b333f\" data-element_type=\"widget\" data-e-type=\"widget\" data-widget_type=\"image-box.default\">\n\t\t\t\t<div class=\"elementor-widget-container\">\n\t\t\t\t\t<div class=\"elementor-image-box-wrapper\"><figure class=\"elementor-image-box-img\"><a href=\"https:\/\/emkkft.hu\/en\/hatekonysag-noveles\/\" tabindex=\"-1\"><img decoding=\"async\" width=\"800\" height=\"450\" src=\"https:\/\/emkkft.hu\/wp-content\/uploads\/2023\/06\/EMK_egeto-1024x576.png\" class=\"elementor-animation-sink attachment-large size-large wp-image-8997\" alt=\"\" srcset=\"https:\/\/emkkft.hu\/wp-content\/uploads\/2023\/06\/EMK_egeto-1024x576.png 1024w, https:\/\/emkkft.hu\/wp-content\/uploads\/2023\/06\/EMK_egeto-300x169.png 300w, https:\/\/emkkft.hu\/wp-content\/uploads\/2023\/06\/EMK_egeto-768x432.png 768w, https:\/\/emkkft.hu\/wp-content\/uploads\/2023\/06\/EMK_egeto-1536x864.png 1536w, https:\/\/emkkft.hu\/wp-content\/uploads\/2023\/06\/EMK_egeto.png 1920w\" sizes=\"(max-width: 800px) 100vw, 800px\" \/><\/a><\/figure><div class=\"elementor-image-box-content\"><h3 class=\"elementor-image-box-title translation-block\">Enhancement of <span style=\"color: #0094c1\">Service<\/span> Efficiency<\/h3><p class=\"elementor-image-box-description\">The \u00c9MK Northern Hungary Environmental Protection Ltd. has launched a development project at its Saj\u00f3b\u00e1bony site aimed at significantly increasing the overall efficiency of its hazardous waste management and disposal services. In response to the evolving and increasingly demanding market conditions, the current development involves the installation and commissioning of an innovative technology-based unit that operates on the principle of thermal oxidation. This facility will be capable of treating and recovering approximately 2,500 tons of solid, liquid, gaseous, and sludge-like hazardous waste annually.<\/p><\/div><\/div>\t\t\t\t<\/div>\n\t\t\t\t<\/div>\n\t\t\t\t<div class=\"elementor-element elementor-element-c75b67f elementor-align-center elementor-tablet-align-center elementor-mobile-align-center elementor-invisible elementor-widget elementor-widget-button\" data-id=\"c75b67f\" data-element_type=\"widget\" data-e-type=\"widget\" data-settings=\"{&quot;_animation&quot;:&quot;zoomIn&quot;,&quot;_animation_delay&quot;:0}\" data-widget_type=\"button.default\">\n\t\t\t\t<div class=\"elementor-widget-container\">\n\t\t\t\t\t\t\t\t\t<div class=\"elementor-button-wrapper\">\n\t\t\t\t\t<a class=\"elementor-button elementor-button-link elementor-size-sm elementor-animation-shrink\" href=\"https:\/\/emkkft.hu\/en\/hatekonysag-noveles\/\">\n\t\t\t\t\t\t<span class=\"elementor-button-content-wrapper\">\n\t\t\t\t\t\t\t\t\t<span class=\"elementor-button-text\">Details<\/span>\n\t\t\t\t\t<\/span>\n\t\t\t\t\t<\/a>\n\t\t\t\t<\/div>\n\t\t\t\t\t\t\t\t<\/div>\n\t\t\t\t<\/div>\n\t\t\t\t<\/div>\n\t\t\t\t<\/div>\n\t\t\t\t<\/div>\n\t\t\t\t\t<\/div>\n\t\t\t\t<\/div>\n\t\t<div class=\"elementor-element elementor-element-1e9b219 e-flex e-con-boxed e-con e-parent\" data-id=\"1e9b219\" data-element_type=\"container\" data-e-type=\"container\" data-settings=\"{&quot;background_background&quot;:&quot;classic&quot;}\">\n\t\t\t\t\t<div class=\"e-con-inner\">\n\t\t<div class=\"elementor-element elementor-element-f08b1a0 e-con-full e-flex e-con e-child\" data-id=\"f08b1a0\" data-element_type=\"container\" data-e-type=\"container\" data-settings=\"{&quot;background_background&quot;:&quot;classic&quot;}\">\n\t\t\t\t<div class=\"elementor-element elementor-element-a332649 elementor-align-center elementor-invisible elementor-widget elementor-widget-button\" data-id=\"a332649\" data-element_type=\"widget\" data-e-type=\"widget\" data-settings=\"{&quot;_animation&quot;:&quot;zoomIn&quot;}\" data-widget_type=\"button.default\">\n\t\t\t\t<div class=\"elementor-widget-container\">\n\t\t\t\t\t\t\t\t\t<div class=\"elementor-button-wrapper\">\n\t\t\t\t\t<a class=\"elementor-button elementor-button-link elementor-size-sm elementor-animation-shrink\" href=\"https:\/\/emkkft.hu\/en\">\n\t\t\t\t\t\t<span class=\"elementor-button-content-wrapper\">\n\t\t\t\t\t\t\t\t\t<span class=\"elementor-button-text\">Return to Homepage<\/span>\n\t\t\t\t\t<\/span>\n\t\t\t\t\t<\/a>\n\t\t\t\t<\/div>\n\t\t\t\t\t\t\t\t<\/div>\n\t\t\t\t<\/div>\n\t\t\t\t<\/div>\n\t\t\t\t\t<\/div>\n\t\t\t\t<\/div>\n\t\t\t\t<\/div>","protected":false},"excerpt":{"rendered":"<p>P\u00c1LY\u00c1ZATOK A p\u00e1ly\u00e1zati lehet\u0151s\u00e9gek ig\u00e9nybev\u00e9tel\u00e9vel kihaszn\u00e1ljuk a rendelkez\u00e9sre \u00e1ll\u00f3 forr\u00e1sokat, ezzel n\u00f6velj\u00fck a versenyk\u00e9pess\u00e9g\u00fcnket, el\u0151seg\u00edtj\u00fck a hossz\u00fa t\u00e1v\u00fa n\u00f6veked\u00e9st, \u00e9s innovat\u00edv fejleszt\u00e9sek r\u00e9v\u00e9n biztos\u00edtjuk a fenntarthat\u00f3 fejl\u0151d\u00e9st \u00e9s stabilit\u00e1st. Hullad\u00e9kcs\u00f6kkent\u00e9s f\u00e9mvisszanyer\u00e9ssel Saj\u00f3b\u00e1bony, Magyarorsz\u00e1g, 2016. m\u00e1rcius 3. Magyarorsz\u00e1gon a Saj\u00f3b\u00e1bonyi Vegyipari Parkban, az \u00c9MK Kft.-n\u00e9l, a Norv\u00e9g Alap t\u00e1mogat\u00e1s\u00e1val val\u00f3sul meg az a beruh\u00e1z\u00e1s, amellyel a [&hellip;]<\/p>\n","protected":false},"author":1,"featured_media":0,"parent":0,"menu_order":0,"comment_status":"closed","ping_status":"closed","template":"elementor_header_footer","meta":{"footnotes":""},"class_list":["post-85","page","type-page","status-publish","hentry"],"yoast_head":"<!-- This site is optimized with the Yoast SEO Premium plugin v27.4 (Yoast SEO v27.4) - https:\/\/yoast.com\/product\/yoast-seo-premium-wordpress\/ -->\n<title>P\u00e1ly\u00e1zatok - \u00c9MK Kft.<\/title>\n<meta name=\"robots\" content=\"index, follow, max-snippet:-1, max-image-preview:large, max-video-preview:-1\" \/>\n<link rel=\"canonical\" href=\"https:\/\/emkkft.hu\/en\/palyazatok\/\" \/>\n<meta property=\"og:locale\" content=\"en_GB\" \/>\n<meta property=\"og:type\" content=\"article\" \/>\n<meta property=\"og:title\" content=\"P\u00e1ly\u00e1zatok\" \/>\n<meta property=\"og:description\" content=\"P\u00c1LY\u00c1ZATOK A p\u00e1ly\u00e1zati lehet\u0151s\u00e9gek ig\u00e9nybev\u00e9tel\u00e9vel kihaszn\u00e1ljuk a rendelkez\u00e9sre \u00e1ll\u00f3 forr\u00e1sokat, ezzel n\u00f6velj\u00fck a versenyk\u00e9pess\u00e9g\u00fcnket, el\u0151seg\u00edtj\u00fck a hossz\u00fa t\u00e1v\u00fa n\u00f6veked\u00e9st, \u00e9s innovat\u00edv fejleszt\u00e9sek r\u00e9v\u00e9n biztos\u00edtjuk a fenntarthat\u00f3 fejl\u0151d\u00e9st \u00e9s stabilit\u00e1st. Hullad\u00e9kcs\u00f6kkent\u00e9s f\u00e9mvisszanyer\u00e9ssel Saj\u00f3b\u00e1bony, Magyarorsz\u00e1g, 2016. m\u00e1rcius 3. Magyarorsz\u00e1gon a Saj\u00f3b\u00e1bonyi Vegyipari Parkban, az \u00c9MK Kft.-n\u00e9l, a Norv\u00e9g Alap t\u00e1mogat\u00e1s\u00e1val val\u00f3sul meg az a beruh\u00e1z\u00e1s, amellyel a [&hellip;]\" \/>\n<meta property=\"og:url\" content=\"https:\/\/emkkft.hu\/en\/palyazatok\/\" \/>\n<meta property=\"og:site_name\" content=\"\u00c9MK Kft.\" \/>\n<meta property=\"article:modified_time\" content=\"2025-03-21T10:14:43+00:00\" \/>\n<meta property=\"og:image\" content=\"https:\/\/emkkft.hu\/wp-content\/uploads\/2023\/03\/03-gigapixel-low_res-scale-0_50x.png\" \/>\n\t<meta property=\"og:image:width\" content=\"912\" \/>\n\t<meta property=\"og:image:height\" content=\"516\" \/>\n\t<meta property=\"og:image:type\" content=\"image\/png\" \/>\n<meta name=\"twitter:card\" content=\"summary_large_image\" \/>\n<meta name=\"twitter:label1\" content=\"Estimated reading time\" \/>\n\t<meta name=\"twitter:data1\" content=\"2 minutes\" \/>\n<script type=\"application\/ld+json\" class=\"yoast-schema-graph\">{\"@context\":\"https:\\\/\\\/schema.org\",\"@graph\":[{\"@type\":\"WebPage\",\"@id\":\"https:\\\/\\\/emkkft.hu\\\/palyazatok\\\/\",\"url\":\"https:\\\/\\\/emkkft.hu\\\/palyazatok\\\/\",\"name\":\"P\u00e1ly\u00e1zatok - \u00c9MK Kft.\",\"isPartOf\":{\"@id\":\"https:\\\/\\\/emkkft.hu\\\/#website\"},\"primaryImageOfPage\":{\"@id\":\"https:\\\/\\\/emkkft.hu\\\/palyazatok\\\/#primaryimage\"},\"image\":{\"@id\":\"https:\\\/\\\/emkkft.hu\\\/palyazatok\\\/#primaryimage\"},\"thumbnailUrl\":\"https:\\\/\\\/emkkft.hu\\\/wp-content\\\/uploads\\\/2023\\\/03\\\/03-gigapixel-low_res-scale-0_50x.png\",\"datePublished\":\"2022-11-23T09:15:53+00:00\",\"dateModified\":\"2025-03-21T10:14:43+00:00\",\"breadcrumb\":{\"@id\":\"https:\\\/\\\/emkkft.hu\\\/palyazatok\\\/#breadcrumb\"},\"inLanguage\":\"en-GB\",\"potentialAction\":[{\"@type\":\"ReadAction\",\"target\":[\"https:\\\/\\\/emkkft.hu\\\/palyazatok\\\/\"]}]},{\"@type\":\"ImageObject\",\"inLanguage\":\"en-GB\",\"@id\":\"https:\\\/\\\/emkkft.hu\\\/palyazatok\\\/#primaryimage\",\"url\":\"https:\\\/\\\/emkkft.hu\\\/wp-content\\\/uploads\\\/2023\\\/03\\\/03-gigapixel-low_res-scale-0_50x.png\",\"contentUrl\":\"https:\\\/\\\/emkkft.hu\\\/wp-content\\\/uploads\\\/2023\\\/03\\\/03-gigapixel-low_res-scale-0_50x.png\"},{\"@type\":\"BreadcrumbList\",\"@id\":\"https:\\\/\\\/emkkft.hu\\\/palyazatok\\\/#breadcrumb\",\"itemListElement\":[{\"@type\":\"ListItem\",\"position\":1,\"name\":\"Kezd\u0151lap\",\"item\":\"https:\\\/\\\/emkkft.hu\\\/\"},{\"@type\":\"ListItem\",\"position\":2,\"name\":\"P\u00e1ly\u00e1zatok\"}]},{\"@type\":\"WebSite\",\"@id\":\"https:\\\/\\\/emkkft.hu\\\/#website\",\"url\":\"https:\\\/\\\/emkkft.hu\\\/\",\"name\":\"\u00c9MK Kft. Weboldala\",\"description\":\"Az \u00c9MK \u00c9szak-Magyarorsz\u00e1gi K\u00f6rnyezetv\u00e9delmi Kft \u00fcdv\u00f6zli \u00f6nt a weboldl\u00e1n!\",\"publisher\":{\"@id\":\"https:\\\/\\\/emkkft.hu\\\/#organization\"},\"potentialAction\":[{\"@type\":\"SearchAction\",\"target\":{\"@type\":\"EntryPoint\",\"urlTemplate\":\"https:\\\/\\\/emkkft.hu\\\/?s={search_term_string}\"},\"query-input\":{\"@type\":\"PropertyValueSpecification\",\"valueRequired\":true,\"valueName\":\"search_term_string\"}}],\"inLanguage\":\"en-GB\"},{\"@type\":\"Organization\",\"@id\":\"https:\\\/\\\/emkkft.hu\\\/#organization\",\"name\":\"\u00c9MK \u00c9szak-Magyarorsz\u00e1gi K\u00f6rnyezetv\u00e9delmi Kft.\",\"url\":\"https:\\\/\\\/emkkft.hu\\\/\",\"logo\":{\"@type\":\"ImageObject\",\"inLanguage\":\"en-GB\",\"@id\":\"https:\\\/\\\/emkkft.hu\\\/#\\\/schema\\\/logo\\\/image\\\/\",\"url\":\"https:\\\/\\\/emkkft.hu\\\/wp-content\\\/uploads\\\/2023\\\/01\\\/emk_logo_web.png\",\"contentUrl\":\"https:\\\/\\\/emkkft.hu\\\/wp-content\\\/uploads\\\/2023\\\/01\\\/emk_logo_web.png\",\"width\":317,\"height\":73,\"caption\":\"\u00c9MK \u00c9szak-Magyarorsz\u00e1gi K\u00f6rnyezetv\u00e9delmi Kft.\"},\"image\":{\"@id\":\"https:\\\/\\\/emkkft.hu\\\/#\\\/schema\\\/logo\\\/image\\\/\"},\"ethicsPolicy\":\"https:\\\/\\\/emkkft.hu\\\/sutiszabalyzat\\\/\"}]}<\/script>\n<!-- \/ Yoast SEO Premium plugin. -->","yoast_head_json":{"title":"P\u00e1ly\u00e1zatok - \u00c9MK Kft.","robots":{"index":"index","follow":"follow","max-snippet":"max-snippet:-1","max-image-preview":"max-image-preview:large","max-video-preview":"max-video-preview:-1"},"canonical":"https:\/\/emkkft.hu\/en\/palyazatok\/","og_locale":"en_GB","og_type":"article","og_title":"P\u00e1ly\u00e1zatok","og_description":"P\u00c1LY\u00c1ZATOK A p\u00e1ly\u00e1zati lehet\u0151s\u00e9gek ig\u00e9nybev\u00e9tel\u00e9vel kihaszn\u00e1ljuk a rendelkez\u00e9sre \u00e1ll\u00f3 forr\u00e1sokat, ezzel n\u00f6velj\u00fck a versenyk\u00e9pess\u00e9g\u00fcnket, el\u0151seg\u00edtj\u00fck a hossz\u00fa t\u00e1v\u00fa n\u00f6veked\u00e9st, \u00e9s innovat\u00edv fejleszt\u00e9sek r\u00e9v\u00e9n biztos\u00edtjuk a fenntarthat\u00f3 fejl\u0151d\u00e9st \u00e9s stabilit\u00e1st. Hullad\u00e9kcs\u00f6kkent\u00e9s f\u00e9mvisszanyer\u00e9ssel Saj\u00f3b\u00e1bony, Magyarorsz\u00e1g, 2016. m\u00e1rcius 3. Magyarorsz\u00e1gon a Saj\u00f3b\u00e1bonyi Vegyipari Parkban, az \u00c9MK Kft.-n\u00e9l, a Norv\u00e9g Alap t\u00e1mogat\u00e1s\u00e1val val\u00f3sul meg az a beruh\u00e1z\u00e1s, amellyel a [&hellip;]","og_url":"https:\/\/emkkft.hu\/en\/palyazatok\/","og_site_name":"\u00c9MK Kft.","article_modified_time":"2025-03-21T10:14:43+00:00","og_image":[{"width":912,"height":516,"url":"https:\/\/emkkft.hu\/wp-content\/uploads\/2023\/03\/03-gigapixel-low_res-scale-0_50x.png","type":"image\/png"}],"twitter_card":"summary_large_image","twitter_misc":{"Estimated reading time":"2 minutes"},"schema":{"@context":"https:\/\/schema.org","@graph":[{"@type":"WebPage","@id":"https:\/\/emkkft.hu\/palyazatok\/","url":"https:\/\/emkkft.hu\/palyazatok\/","name":"P\u00e1ly\u00e1zatok - \u00c9MK Kft.","isPartOf":{"@id":"https:\/\/emkkft.hu\/#website"},"primaryImageOfPage":{"@id":"https:\/\/emkkft.hu\/palyazatok\/#primaryimage"},"image":{"@id":"https:\/\/emkkft.hu\/palyazatok\/#primaryimage"},"thumbnailUrl":"https:\/\/emkkft.hu\/wp-content\/uploads\/2023\/03\/03-gigapixel-low_res-scale-0_50x.png","datePublished":"2022-11-23T09:15:53+00:00","dateModified":"2025-03-21T10:14:43+00:00","breadcrumb":{"@id":"https:\/\/emkkft.hu\/palyazatok\/#breadcrumb"},"inLanguage":"en-GB","potentialAction":[{"@type":"ReadAction","target":["https:\/\/emkkft.hu\/palyazatok\/"]}]},{"@type":"ImageObject","inLanguage":"en-GB","@id":"https:\/\/emkkft.hu\/palyazatok\/#primaryimage","url":"https:\/\/emkkft.hu\/wp-content\/uploads\/2023\/03\/03-gigapixel-low_res-scale-0_50x.png","contentUrl":"https:\/\/emkkft.hu\/wp-content\/uploads\/2023\/03\/03-gigapixel-low_res-scale-0_50x.png"},{"@type":"BreadcrumbList","@id":"https:\/\/emkkft.hu\/palyazatok\/#breadcrumb","itemListElement":[{"@type":"ListItem","position":1,"name":"Kezd\u0151lap","item":"https:\/\/emkkft.hu\/"},{"@type":"ListItem","position":2,"name":"P\u00e1ly\u00e1zatok"}]},{"@type":"WebSite","@id":"https:\/\/emkkft.hu\/#website","url":"https:\/\/emkkft.hu\/","name":"\u00c9MK Kft. Weboldala","description":"Az \u00c9MK \u00c9szak-Magyarorsz\u00e1gi K\u00f6rnyezetv\u00e9delmi Kft \u00fcdv\u00f6zli \u00f6nt a weboldl\u00e1n!","publisher":{"@id":"https:\/\/emkkft.hu\/#organization"},"potentialAction":[{"@type":"SearchAction","target":{"@type":"EntryPoint","urlTemplate":"https:\/\/emkkft.hu\/?s={search_term_string}"},"query-input":{"@type":"PropertyValueSpecification","valueRequired":true,"valueName":"search_term_string"}}],"inLanguage":"en-GB"},{"@type":"Organization","@id":"https:\/\/emkkft.hu\/#organization","name":"EMK North-Hungary Environment Protection Ltd.","url":"https:\/\/emkkft.hu\/","logo":{"@type":"ImageObject","inLanguage":"en-GB","@id":"https:\/\/emkkft.hu\/#\/schema\/logo\/image\/","url":"https:\/\/emkkft.hu\/wp-content\/uploads\/2023\/01\/emk_logo_web.png","contentUrl":"https:\/\/emkkft.hu\/wp-content\/uploads\/2023\/01\/emk_logo_web.png","width":317,"height":73,"caption":"\u00c9MK \u00c9szak-Magyarorsz\u00e1gi K\u00f6rnyezetv\u00e9delmi Kft."},"image":{"@id":"https:\/\/emkkft.hu\/#\/schema\/logo\/image\/"},"ethicsPolicy":"https:\/\/emkkft.hu\/sutiszabalyzat\/"}]}},"_links":{"self":[{"href":"https:\/\/emkkft.hu\/en\/wp-json\/wp\/v2\/pages\/85","targetHints":{"allow":["GET"]}}],"collection":[{"href":"https:\/\/emkkft.hu\/en\/wp-json\/wp\/v2\/pages"}],"about":[{"href":"https:\/\/emkkft.hu\/en\/wp-json\/wp\/v2\/types\/page"}],"author":[{"embeddable":true,"href":"https:\/\/emkkft.hu\/en\/wp-json\/wp\/v2\/users\/1"}],"replies":[{"embeddable":true,"href":"https:\/\/emkkft.hu\/en\/wp-json\/wp\/v2\/comments?post=85"}],"version-history":[{"count":303,"href":"https:\/\/emkkft.hu\/en\/wp-json\/wp\/v2\/pages\/85\/revisions"}],"predecessor-version":[{"id":19144,"href":"https:\/\/emkkft.hu\/en\/wp-json\/wp\/v2\/pages\/85\/revisions\/19144"}],"wp:attachment":[{"href":"https:\/\/emkkft.hu\/en\/wp-json\/wp\/v2\/media?parent=85"}],"curies":[{"name":"wp","href":"https:\/\/api.w.org\/{rel}","templated":true}]}}